{"id":45174,"date":"2024-12-10T14:00:30","date_gmt":"2024-12-10T13:00:30","guid":{"rendered":"https:\/\/stage.woods.se\/?post_type=product&#038;p=45174"},"modified":"2026-03-05T14:17:17","modified_gmt":"2026-03-05T13:17:17","slug":"woods-wld1","status":"publish","type":"product","link":"https:\/\/woods.se\/no\/produkter\/avfuktere\/woods-wld1\/","title":{"rendered":"Wood&#8217;s WLD1"},"content":{"rendered":"<h2>Wood&#8217;s WLD1<\/h2>\n<h3>Fremtidens energieffektive avfukter for t\u00f8rkerom er her.<\/h3>\n<p>Det er dyrt \u00e5 t\u00f8rke t\u00f8y p\u00e5 kort tid, ettersom det ofte krever tilf\u00f8rsel av varme, noe som bruker mye energi. Dette er spesielt merkbart i boligblokker der vaskerommet brukes store deler av d\u00f8gnet. <\/p>\n<p>Wood&#8217;s WLD1-t\u00f8rkeromsavfukter er spesialdesignet for huseiere som \u00f8nsker \u00e5 redusere energikostnadene uten \u00e5 g\u00e5 p\u00e5 kompromiss med t\u00f8rketiden. Den er installert slik at den kraftige viften forsiktig bl\u00e5ser t\u00f8yet t\u00f8rt nedenfra, der det er v\u00e5test. Det energieffektive og milj\u00f8vennlige kj\u00f8lemediet (R290) gj\u00f8r dessuten at avfuktingskapasiteten er s\u00e5 h\u00f8y at det trengs mindre varme enn i mange andre l\u00f8sninger. WLD1 er opptil 8,5 ganger mer energieffektiv enn t\u00f8rkeromsavfuktere med tilleggsoppvarming. Dette gj\u00f8r Wood&#8217;s WLD1 til det opplagte valget for alle eiendomsbesittere som \u00f8nsker \u00e5 redusere kostnadene og lettere n\u00e5 sine b\u00e6rekraftsm\u00e5l ved \u00e5 kontinuerlig redusere energiforbruket.    <\/p>\n<h3>Beregningseksempel &#8211; Hvor mye du kan spare<\/h3>\n<p>Effekt p\u00e5 n\u00e5v\u00e6rende t\u00f8rkesystem 6 kW minus WLD1 0,7 kW: 5,3 kWh<br \/>\nAnsl\u00e5tt driftstid per dag: 10 timer: 53 kWh<br \/>\n53 kWh x 30 dager: 1 590 kWh\/m\u00e5ned<br \/>\n1 590 kWh x 12 m\u00e5neder: 19 080 kWh<\/p>\n<p><strong>Estimert energibesparelse:<\/strong><br \/>\n1 590 kWh\/m\u00e5ned: 19 080 kWh\/\u00e5r<\/p>\n<p><strong>Ansl\u00e5tt besparelse<\/strong> i kroner:<br \/>\nStr\u00f8mpris 0,1 \u20ac\/kWh, besparelse: 1 908 \u20ac\/\u00e5r<br \/>\nStr\u00f8mpris 0,15 \u20ac\/kWh, besparelse: 2 862 \u20ac\/\u00e5r<br \/>\nStr\u00f8mpris 0,25 \u20ac\/KWh, besparelse: 4 770 \u20ac\/\u00e5r<br \/>\nStr\u00f8mpris 0,35 \u20ac\/KWh, besparelse: 6 678 \u20ac\/\u00e5r<\/p>\n<h3>Anbefalte bruksomr\u00e5der:<\/h3>\n<p><strong>T\u00f8rkerom i bygninger:<\/strong> WLD1 er et p\u00e5litelig og effektivt valg for st\u00f8rre bygninger, spesielt i boligblokker der t\u00f8rkerom brukes hyppig. Ved \u00e5 installere WLD1 sikrer du en rask og jevn t\u00f8rkeprosess som reduserer risikoen for kondens, fuktskader og ubehagelig lukt &#8211; noe som i sin tur forlenger bygningens levetid.<br \/>\n<strong>Treningssentre og lignende lokaler:<\/strong> I milj\u00f8er der luftfuktigheten ofte er h\u00f8y, for eksempel treningssentre, treningsfasiliteter eller andre store lokaler, er WLD1 en sv\u00e6rt effektiv l\u00f8sning. Den holder luften frisk og t\u00f8rr, noe som skaper et mer komfortabelt og hygienisk milj\u00f8 for b\u00e5de bes\u00f8kende og utstyr. <\/p>\n<h3>H\u00f8y kapasitet og luftstr\u00f8m for effektiv sirkulasjon<\/h3>\n<p>Med en avfuktingskapasitet p\u00e5 opptil 48 liter per dag og en luftstr\u00f8m p\u00e5 opptil 800 m\u00b3\/t h\u00e5ndterer WLD1 store mengder t\u00f8y og fuktighet p\u00e5 en effektiv m\u00e5te. \u00c5 bl\u00e5se t\u00f8yet t\u00f8rt med en avfukter er ikke bare sv\u00e6rt energieffektivt, men ogs\u00e5 sk\u00e5nsomt for kl\u00e6rne. Den kraftige viften har fire justerbare hastigheter og t\u00f8rker kl\u00e6rne nedenfra, der de er fuktigst. Hvis t\u00f8yet er hengt opp riktig, t\u00f8rker det ogs\u00e5 raskere. V\u00e5te, tunge kl\u00e6r, som jeans, henges n\u00e6rmest avfukteren, mens mindre, tynnere kl\u00e6r henges lengst unna. Hvis t\u00f8yet henges over doble t\u00f8rkesnorer, g\u00e5r t\u00f8rkingen enda raskere.     <\/p>\n<h3>Effektiv hele \u00e5ret, selv ved lave temperaturer<\/h3>\n<p>Wood&#8217;s WLD1 er konstruert for \u00e5 fungere effektivt selv ved lave temperaturer, med et arbeidsomr\u00e5de fra +2 \u00b0C til +35 \u00b0C. Den milj\u00f8vennlige kj\u00f8legassen R290 bidrar til avfuktingskapasitet uten behov for varmetilf\u00f8rsel, noe som reduserer energiforbruket sammenlignet med tradisjonelle l\u00f8sninger. Ettersom varm luft gir raskere t\u00f8rketid og f\u00f8rer med seg mer fuktighet, anbefales det at bygningens varmesystem kobles til rommet.  <\/p>\n<h3>Smart installasjon gir bedre resultater<\/h3>\n<p>WLD1 installeres slik at luftutl\u00f8pet er rettet mot klessnorene og t\u00f8yet. For best mulig t\u00f8rkeresultat b\u00f8r det medf\u00f8lgende veggfestet monteres i n\u00e6rheten av klessnorene. Den leveres ogs\u00e5 med et avtakbart displaydeksel, slik at du kan velge om beboerne skal kunne endre innstillingene eller om t\u00f8rkingen skal skje ved hjelp av forh\u00e5ndsinnstilte innstillinger fra huseieren. WLD1 leveres uten st\u00f8psel og m\u00e5 installeres av en kvalifisert elektriker. For enklest mulig bruk er det best \u00e5 koble den til et tidsur som styrer lengden p\u00e5 t\u00f8rketiden.    <\/p>\n<h3>Bygget for \u00e5 vare<\/h3>\n<p>WLD1 er produsert i Sverige med et slitesterkt metallhus og slitesterke komponenter, og er designet for lang levetid og minimalt vedlikehold. Det rengj\u00f8rbare nylonfilteret beskytter avfukteren ved \u00e5 fange opp st\u00f8v og partikler fra t\u00f8yet, og det medf\u00f8lgende SMF-filteret av h\u00f8y kvalitet beskytter maskinen mot mindre partikler og mugg, noe som sikrer optimal ytelse over tid. <\/p>\n<h3>Lang garanti og enkel og b\u00e6rekraftig bruk<\/h3>\n<p>Wood&#8217;s WLD1 leveres med opptil 6 \u00e5rs garanti, forutsatt at filteret skiftes ut en gang i \u00e5ret og at maskinen er registrert p\u00e5 warranty-woods.com. Ved \u00e5 registrere deg vil du ogs\u00e5 motta p\u00e5minnelser n\u00e5r det er p\u00e5 tide \u00e5 skifte filter, noe som letter vedlikeholdet og sikrer at maskinen fungerer optimalt. <\/p>\n<h3>En langsiktig og effektiv l\u00f8sning for t\u00f8rking av rom og eiendommer<\/h3>\n<p>Med WLD1 f\u00e5r du en avfukter som ikke bare senker energikostnadene, men som ogs\u00e5 gj\u00f8r t\u00f8rkeprosessen mer sk\u00e5nsom for b\u00e5de t\u00f8yet og bygningskonstruksjonen. WLD1 er enkel \u00e5 installere og bruke, og er et naturlig valg for eiendomsbesittere som \u00f8nsker energieffektivitet og en b\u00e6rekraftig fremtid. <\/p>\n","protected":false},"excerpt":{"rendered":"<p>Woods smarte t\u00f8rkeromsavfukter WLD1 er spesialutviklet for eiendomsbesittere som \u00f8nsker \u00e5 redusere energikostnadene betydelig uten \u00e5 g\u00e5 p\u00e5 kompromiss med t\u00f8rketiden. Med en kraftig vifte og h\u00f8y avfuktingskapasitet t\u00f8rker WLD1 t\u00f8yet uten ekstra oppvarming, noe som reduserer energikostnadene og bidrar til \u00e5 oppfylle b\u00e6rekraftsm\u00e5lene. Takket v\u00e6re den enkle installasjonen og de slitesterke materialene er WLD1 en langsiktig og p\u00e5litelig l\u00f8sning for alle t\u00f8rkerom. Produsert i Sverige med opptil 6 \u00e5rs garanti.   <\/p>\n","protected":false},"featured_media":44462,"template":"","meta":{"_acf_changed":false},"product_brand":[],"product_cat":[859,4754,862],"product_tag":[2305,2307,2306],"class_list":{"0":"post-45174","1":"product","2":"type-product","3":"status-publish","4":"has-post-thumbnail","6":"product_cat-avfuktere","7":"product_cat-profesjonelle","8":"product_cat-professional-no","9":"product_tag-eiendomsbransjen","10":"product_tag-store-torkerom","11":"product_tag-torkerom","12":"splide__slide","14":"first","15":"instock","16":"taxable","17":"shipping-taxable","18":"purchasable","19":"product-type-simple"},"acf":[],"_links":{"self":[{"href":"https:\/\/woods.se\/no\/wp-json\/wp\/v2\/product\/45174","targetHints":{"allow":["GET"]}}],"collection":[{"href":"https:\/\/woods.se\/no\/wp-json\/wp\/v2\/product"}],"about":[{"href":"https:\/\/woods.se\/no\/wp-json\/wp\/v2\/types\/product"}],"wp:featuredmedia":[{"embeddable":true,"href":"https:\/\/woods.se\/no\/wp-json\/wp\/v2\/media\/44462"}],"wp:attachment":[{"href":"https:\/\/woods.se\/no\/wp-json\/wp\/v2\/media?parent=45174"}],"wp:term":[{"taxonomy":"product_brand","embeddable":true,"href":"https:\/\/woods.se\/no\/wp-json\/wp\/v2\/product_brand?post=45174"},{"taxonomy":"product_cat","embeddable":true,"href":"https:\/\/woods.se\/no\/wp-json\/wp\/v2\/product_cat?post=45174"},{"taxonomy":"product_tag","embeddable":true,"href":"https:\/\/woods.se\/no\/wp-json\/wp\/v2\/product_tag?post=45174"}],"curies":[{"name":"wp","href":"https:\/\/api.w.org\/{rel}","templated":true}]}}