{"id":45173,"date":"2024-12-10T13:41:32","date_gmt":"2024-12-10T12:41:32","guid":{"rendered":"https:\/\/stage.woods.se\/?post_type=product&#038;p=45173"},"modified":"2026-03-05T16:05:00","modified_gmt":"2026-03-05T15:05:00","slug":"woods-dsc50fm","status":"publish","type":"product","link":"https:\/\/woods.se\/no\/produkter\/avfuktere\/krypgrunn\/woods-dsc50fm\/","title":{"rendered":"Wood&#8217;s DSC50FM"},"content":{"rendered":"<h2>Wood&#8217;s DSC50FM<\/h2>\n<h3>Effektiv avfukter for krypkjellere<\/h3>\n<p>Kryperom er en vanlig kilde til fuktproblemer som kan p\u00e5virke hele husets struktur og funksjon, noe som kan f\u00f8re til betydelige renoveringskostnader. Woods DSC50FM er spesialutviklet for \u00e5 beskytte krypkjellere mot fukt, lukt og mugg, og har flere ganger blitt k\u00e5ret til &laquo;Best i test&raquo;. DSC50FM er en holdbar, langsiktig l\u00f8sning for stabil fuktkontroll i utsatte omr\u00e5der. Med DSC50FM kan du v\u00e6re trygg p\u00e5 at krypkjelleren din forblir t\u00f8rr og trygg hele \u00e5ret.   <\/p>\n<h3>Viktige funksjoner:<\/h3>\n\n<h3>Enkel installasjon, sikker drift og lave kostnader<\/h3>\n<p>Wood DSC50FM er en kondensavfukter som kombinerer holdbarhet og avansert teknologi. Den er utstyrt med Woods patenterte i-EcoDefrost, et intelligent avrimingssystem som maksimerer energieffektiviteten og sikrer jevn og p\u00e5litelig avfukting, selv ved s\u00e5 lave temperaturer som +2 \u00b0C. Dette er noe mange andre kondensavfuktere ikke klarer. I motsetning til sorptions-\/sorptionsmiddelavfuktere (som er vanlige i krypkjellere) er den betydelig mer energieffektiv, har mye lavere drifts- og innkj\u00f8pskostnader og krever mindre vedlikehold. En annen viktig fordel er at det ikke kreves noen kostbar installasjon eller komplisert r\u00f8rf\u00f8ring, annet enn at kondensvannet ledes til et eksisterende avl\u00f8p eller at det ganske enkelt graves en steingrop.    <\/p>\n<h3>H\u00f8y kapasitet og luftstr\u00f8m for effektiv sirkulasjon<\/h3>\n<p>DSC50FM har en kapasitet p\u00e5 opptil 13,5 liter per dag og en kraftig luftstr\u00f8m p\u00e5 opptil 350 m\u00b3\/t, noe som sikrer optimal luftsirkulasjon og rask fuktfjerning. S\u00f8rg for at rommet er s\u00e5 lufttett som mulig, s\u00e5 tar DSC50FM h\u00e5nd om fuktigheten. <\/p>\n<h3>Effektiv hele \u00e5ret, selv ved lave temperaturer<\/h3>\n<p>Avfukteren er konstruert i rustfritt st\u00e5l for \u00e5 t\u00e5le krevende forhold, og den fungerer effektivt i temperaturer mellom +2 \u00b0C og +35 \u00b0C. Dette gj\u00f8r den til en p\u00e5litelig l\u00f8sning for fuktkontroll til alle \u00e5rstider, og gj\u00f8r at den kan brukes trygt d\u00f8gnet rundt uten \u00e5 miste effektiviteten. <\/p>\n<h3>Smart mugg- og st\u00f8vfilter<\/h3>\n<p>DSC50FM er utstyrt med Woods SMF-filtre som effektivt fanger opp st\u00f8v- og muggpartikler i luften, beskytter avfukteren og forlenger dens levetid. Den holder krypkjelleren fri for fukt, mugg og lukt \u00e5ret rundt, noe som gj\u00f8r den til en trygg og langsiktig l\u00f8sning. <\/p>\n<h3>Sikker design &#8211; bygget for \u00e5 vare<\/h3>\n<p>DSC50FM er produsert i Sverige med en robust design, solide ben og praktiske h\u00e5ndtak, og er b\u00e5de slitesterk og enkel \u00e5 plassere. Du kan enkelt koble til slangen ved hjelp av en standard hageslangekobling. Merk: Slangelengden justeres etter behov og kj\u00f8pes separat.  <\/p>\n<h3>Lang garanti og enkel, b\u00e6rekraftig bruk<\/h3>\n<p>For \u00e5 sikre best mulig ytelse anbefaler vi at du bytter filter en gang i \u00e5ret. Ved \u00e5 gj\u00f8re dette og registrere avfukteren din p\u00e5 <a href=\"https:\/\/warranty-woods.com\/\">warranty.woods.com,<\/a> kan du f\u00e5 opptil 6 \u00e5rs utvidet garanti. Du vil ogs\u00e5 motta praktiske filterp\u00e5minnelser, slik at DSC50FM kan fortsette \u00e5 levere optimale resultater i lang tid fremover.  <\/p>\n<h3>Installasjonsinstruksjoner for DSC50FM avfukter for krypkjeller<\/h3>\n<p>F\u00f8lg disse trinnene for \u00e5 installere avfukteren i krypkjelleren og optimalisere beskyttelsen mot fukt.<br \/>\nTett ventiler og \u00e5pninger for \u00e5 holde fuktighet ute. For at avfukteren skal fungere effektivt, b\u00f8r rommet v\u00e6re s\u00e5 lufttett som mulig. Ved \u00e5 bruke markduk og tette ventilasjons\u00e5pninger og andre fuktinntak hindrer man fukt i \u00e5 trenge inn, slik at avfukteren kun trenger \u00e5 ta h\u00e5nd om den fuktigheten som allerede er i krypkjelleren. Siden krypkjelleren ikke er et rom vi oppholder oss i, kan den tettes grundig uten problemer.   <\/p>\n<p>Plasser avfukteren sentralt. For optimal luftsirkulasjon anbefaler vi at avfukteren plasseres s\u00e5 sentralt som mulig. Dette gir den beste fordelingen av t\u00f8rr luft og bidrar til at enheten effektivt kan h\u00e5ndtere fuktighet i hele krypkjelleren.  <\/p>\n<p>T\u00f8m vannet i en avl\u00f8p eller grav en steingrop for drenering. Hvis det ikke finnes kloakk eller sluk, kan du grave en enkel steingrop. Grav et hull som er noen desimeter dypt, fyll det med makadam og senk ned slangen f\u00f8r du dekker det til. Dette fungerer som et naturlig dreneringssystem og tar h\u00e5nd om vannmengden som avfukteren produserer, uten at det er fare for at vannet siver opp igjen.<br \/>\nOverv\u00e5k fuktniv\u00e5et med et hygrometer. For \u00e5 enkelt holde oversikt over fuktniv\u00e5et i krypkjelleren anbefaler vi \u00e5 plassere et hygrometer ved inngangen til krypkjelleren. P\u00e5 den m\u00e5ten kan du sikre at avfuktingen fungerer og at fuktniv\u00e5et holder seg stabilt over tid.     <\/p>\n<p>Ved \u00e5 f\u00f8lge disse trinnene f\u00e5r du en b\u00e6rekraftig og effektiv installasjon som beskytter krypkjelleren mot fuktskader og mugg, og som holder hjemmet ditt trygt.<\/p>\n","protected":false},"excerpt":{"rendered":"<p>Wood&#8217;s DSC50FM er en kraftig avfukter som er spesielt utviklet for \u00e5 beskytte krypkjellere effektivt mot fukt, mugg og ubehagelig lukt. Den har blitt k\u00e5ret til den beste avfukteren for krypkjellere ved flere anledninger, blant annet av testat.nu. Med avansert i-EcoDefrost-teknologi er DSC50FM energieffektiv selv ved lave temperaturer og s\u00f8rger for p\u00e5litelig avfukting \u00e5ret rundt. DSC50FM er sv\u00e6rt enkel \u00e5 installere, er utviklet og produsert i Sverige, og leveres med en garanti p\u00e5 opptil 6 \u00e5r.   <\/p>\n","protected":false},"featured_media":44711,"template":"","meta":{"_acf_changed":false},"product_brand":[],"product_cat":[859,4751],"product_tag":[893],"class_list":{"0":"post-45173","1":"product","2":"type-product","3":"status-publish","4":"has-post-thumbnail","6":"product_cat-avfuktere","7":"product_cat-krypgrunn","8":"product_tag-krypkjeller","9":"product_shipping_class-very-high","10":"splide__slide","12":"first","13":"instock","14":"taxable","15":"shipping-taxable","16":"purchasable","17":"product-type-simple"},"acf":[],"_links":{"self":[{"href":"https:\/\/woods.se\/no\/wp-json\/wp\/v2\/product\/45173","targetHints":{"allow":["GET"]}}],"collection":[{"href":"https:\/\/woods.se\/no\/wp-json\/wp\/v2\/product"}],"about":[{"href":"https:\/\/woods.se\/no\/wp-json\/wp\/v2\/types\/product"}],"wp:featuredmedia":[{"embeddable":true,"href":"https:\/\/woods.se\/no\/wp-json\/wp\/v2\/media\/44711"}],"wp:attachment":[{"href":"https:\/\/woods.se\/no\/wp-json\/wp\/v2\/media?parent=45173"}],"wp:term":[{"taxonomy":"product_brand","embeddable":true,"href":"https:\/\/woods.se\/no\/wp-json\/wp\/v2\/product_brand?post=45173"},{"taxonomy":"product_cat","embeddable":true,"href":"https:\/\/woods.se\/no\/wp-json\/wp\/v2\/product_cat?post=45173"},{"taxonomy":"product_tag","embeddable":true,"href":"https:\/\/woods.se\/no\/wp-json\/wp\/v2\/product_tag?post=45173"}],"curies":[{"name":"wp","href":"https:\/\/api.w.org\/{rel}","templated":true}]}}