{"id":45172,"date":"2024-12-10T13:42:00","date_gmt":"2024-12-10T12:42:00","guid":{"rendered":"https:\/\/stage.woods.se\/?post_type=product&#038;p=45172"},"modified":"2026-03-05T16:07:27","modified_gmt":"2026-03-05T15:07:27","slug":"woods-dsc95p","status":"publish","type":"product","link":"https:\/\/woods.se\/no\/produkter\/avfuktere\/krypgrunn\/woods-dsc95p\/","title":{"rendered":"Wood&#8217;s DSC95P"},"content":{"rendered":"<h2>Wood&#8217;s DSC95P<\/h2>\n<h3>Kraftig avfukter for krypkjellere, med pumpe og smart luftfordeling<\/h3>\n<p>Fukt i krypkjellere, kjellere og lignende omr\u00e5der kan raskt f\u00f8re til mugg, lukt og skader p\u00e5 bygningskonstruksjonen. Skader som kan v\u00e6re sv\u00e6rt kostbare \u00e5 reparere. Woods DSC95P er utviklet for \u00e5 beskytte disse s\u00e5rbare omr\u00e5dene effektivt ved \u00e5 fjerne store mengder fuktighet og samtidig skape jevn luftsirkulasjon. Med kanaltilkoblingen ledes den t\u00f8rre, varme luften dit den trengs mest, noe som sikrer at hele rommet blir avfuktet &#8211; ikke bare i umiddelbar n\u00e6rhet av avfukteren.   <\/p>\n<h3>H\u00f8y kapasitet og luftstr\u00f8m for effektiv sirkulasjon<\/h3>\n<p>DSC95P har en kapasitet p\u00e5 42 liter per d\u00f8gn og en kraftig luftstr\u00f8m p\u00e5 opptil 300 m\u00b3\/t. Sammen med den medf\u00f8lgende kanalslangen s\u00f8rger dette for at store rom holdes fri for fuktighet, selv om de er delt opp i flere rom. <\/p>\n<h3>Viktige funksjoner:<\/h3>\n\n<h3>Sikker drift med mange muligheter<\/h3>\n<p>DSC95P er produsert i Sverige, har solide ben og en robust konstruksjon i rustfritt st\u00e5l, og er bygget for \u00e5 vare. Du kan enkelt styre den og overv\u00e5ke luftfuktigheten og temperaturen med det eksterne kontrollpanelet. Den er koblet til en 2 meter lang kabel (f\u00f8lger med og kan forlenges ved behov), slik at du slipper \u00e5 krype ned i krypkjelleren. Kondensvannet dreneres automatisk bort uten vanntank via den medf\u00f8lgende dreneringsslangen, og den innebygde pumpen kan l\u00f8fte vannet opp til 10 meter, noe som gir stor fleksibilitet under installasjonen. DSC95P starter automatisk etter et str\u00f8mbrudd, noe som sikrer et t\u00f8rt og trygt milj\u00f8 d\u00f8gnet rundt, \u00e5ret rundt.    <\/p>\n<h3>Enkel installasjon og lave driftskostnader<\/h3>\n<p>Wood DSC95P er en kondensavfukter som kombinerer holdbarhet og avansert teknologi. Den er utstyrt med Woods patenterte i-EcoDefrost, et intelligent avrimingssystem som maksimerer energieffektiviteten og sikrer jevn og p\u00e5litelig avfukting, selv ved s\u00e5 lave temperaturer som +2 \u00b0C. Dette er noe mange andre kondensavfuktere ikke klarer. I motsetning til sorptionsavfuktere (som er vanlige i krypkjellere) er den betydelig mer energieffektiv, har mye lavere drifts- og innkj\u00f8pskostnader og krever mindre vedlikehold. En annen viktig fordel er at det ikke kreves noen kostbar installasjon eller komplisert r\u00f8rf\u00f8ring, annet enn at kondensvannet ledes til et eksisterende avl\u00f8p eller at det ganske enkelt graves en steingrop.    <\/p>\n<h3>Installasjonstips for DSC95P avfukter for krypkjellere<\/h3>\n<p>1. Tett ventilasjons\u00e5pningene, og legg om mulig ut en jordduk for \u00e5 hindre un\u00f8dvendig innstr\u00f8mning av fuktig luft.<br \/>\n2. Plasser avfukteren sentralt i krypkjelleren for best mulig luftfordeling.<br \/>\n3. T\u00f8m kondensvannet ved hjelp av den medf\u00f8lgende dreneringsslangen. Hvis det ikke finnes noe avl\u00f8p, kan du grave en enkel steingrop (20-30 cm dyp, fylt med makadam) og f\u00f8re slangen ned i den.<br \/>\n4. Koble til kanalslangen for \u00e5 distribuere t\u00f8rr luft til fjernere deler av fundamentet eller skape bedre sirkulasjon.<br \/>\n5. Plasser kontrollpanelet n\u00e6r inngangen\/\u00e5pningen for enkelt \u00e5 kunne overv\u00e5ke fuktighetsniv\u00e5et uten \u00e5 m\u00e5tte g\u00e5 inn i krypkjelleren.<br \/>\nMed DSC95P f\u00e5r du en kraftig avfukter med pumpe. Den er designet for \u00e5 sikre et fuktfritt og trygt milj\u00f8 i krypkjelleren eller andre lignende omr\u00e5der i lang tid.  <\/p>\n<p><iframe loading=\"lazy\" title=\"Wood&#039;s dehumidifier DSC95P \u2013 Versatile Crawl Space and Whole House Dehumidifier\" width=\"500\" height=\"281\" src=\"https:\/\/www.youtube.com\/embed\/D-mBb3X2tuM?feature=oembed\" frameborder=\"0\" allow=\"accelerometer; autoplay; clipboard-write; encrypted-media; gyroscope; picture-in-picture; web-share\" referrerpolicy=\"strict-origin-when-cross-origin\" allowfullscreen><\/iframe><\/p>\n","protected":false},"excerpt":{"rendered":"<p>Wood DSC95P er en svenskprodusert multifunksjonell avfukter, spesielt utviklet for krypkjellere og st\u00f8rre kjellere. Med en kraftig kapasitet p\u00e5 42 liter\/d\u00f8gn, en innebygd pumpe som pumper kondensvann opp til 10 meter og muligheten til \u00e5 kanalisere den t\u00f8rre luften dit den trengs mest, f\u00e5r du p\u00e5litelig fuktkontroll i hele rommet. Den har eksternt digitalt kontrollpanel, energieffektiv drift og leveres med 6 \u00e5rs garanti.  <\/p>\n","protected":false},"featured_media":44773,"template":"","meta":{"_acf_changed":false},"product_brand":[],"product_cat":[859,4751],"product_tag":[893],"class_list":{"0":"post-45172","1":"product","2":"type-product","3":"status-publish","4":"has-post-thumbnail","6":"product_cat-avfuktere","7":"product_cat-krypgrunn","8":"product_tag-krypkjeller","9":"product_shipping_class-very-high","10":"splide__slide","12":"first","13":"outofstock","14":"taxable","15":"shipping-taxable","16":"purchasable","17":"product-type-simple"},"acf":[],"_links":{"self":[{"href":"https:\/\/woods.se\/no\/wp-json\/wp\/v2\/product\/45172","targetHints":{"allow":["GET"]}}],"collection":[{"href":"https:\/\/woods.se\/no\/wp-json\/wp\/v2\/product"}],"about":[{"href":"https:\/\/woods.se\/no\/wp-json\/wp\/v2\/types\/product"}],"wp:featuredmedia":[{"embeddable":true,"href":"https:\/\/woods.se\/no\/wp-json\/wp\/v2\/media\/44773"}],"wp:attachment":[{"href":"https:\/\/woods.se\/no\/wp-json\/wp\/v2\/media?parent=45172"}],"wp:term":[{"taxonomy":"product_brand","embeddable":true,"href":"https:\/\/woods.se\/no\/wp-json\/wp\/v2\/product_brand?post=45172"},{"taxonomy":"product_cat","embeddable":true,"href":"https:\/\/woods.se\/no\/wp-json\/wp\/v2\/product_cat?post=45172"},{"taxonomy":"product_tag","embeddable":true,"href":"https:\/\/woods.se\/no\/wp-json\/wp\/v2\/product_tag?post=45172"}],"curies":[{"name":"wp","href":"https:\/\/api.w.org\/{rel}","templated":true}]}}