{"id":45171,"date":"2024-12-10T13:47:12","date_gmt":"2024-12-10T12:47:12","guid":{"rendered":"https:\/\/stage.woods.se\/?post_type=product&#038;p=45171"},"modified":"2026-03-06T14:49:08","modified_gmt":"2026-03-06T13:49:08","slug":"woods-mdk13","status":"publish","type":"product","link":"https:\/\/woods.se\/no\/produkter\/avfuktere\/bad\/woods-mdk13\/","title":{"rendered":"Wood&#8217;s MDK13"},"content":{"rendered":"<h2>Wood&#8217;s MDK13<\/h2>\n<h3>Effektiv avfukting for baderom<\/h3>\n<p>Wood&#8217;s MDK13 er en kompakt og effektiv avfukter, designet for mindre rom som f.eks. baderom. Med sin pene design er den enkel \u00e5 flytte og ta ut ved behov. MDK13 hjelper deg med \u00e5 opprettholde et sunt innemilj\u00f8 fritt for fukt og mugg. Luftutl\u00f8pet p\u00e5 toppen holder h\u00e5ndkl\u00e6rne friske lenger og t\u00f8rker effektivt mindre mengder t\u00f8y.   <\/p>\n<h3>Viktige funksjoner:<\/h3>\n\n<h3>UseBrukervennlig og fleksibel kontroll<\/h3>\n<p>MDK13 er utstyrt med brukervennlige og oversiktlige knapper som gj\u00f8r det enkelt \u00e5 stille inn \u00f8nsket luftfuktighetsniv\u00e5, timer og andre funksjoner. Med tidtakeren kan du ogs\u00e5 stille inn n\u00f8yaktig hvor lenge avfukteren skal v\u00e6re aktiv, noe som gir deg full kontroll over luftfuktigheten uten \u00e5 m\u00e5tte overv\u00e5ke prosessen. Den har en stilleg\u00e5ende drift som gj\u00f8r den diskret, perfekt for rom der lavt st\u00f8yniv\u00e5 er viktig.  <\/p>\n<h3>Energieffektiv og milj\u00f8vennlig<\/h3>\n<p>MDK13 bruker R290-kj\u00f8lemiddel, som er et energieffektivt og mer klimavennlig alternativ. Dette betyr at Woods MDK13 er i samsvar med fremtidige milj\u00f8direktiver og gir en gr\u00f8nnere l\u00f8sning for effektiv avfukting. <\/p>\n<h3>P\u00e5litelig og sikker drift for mindre omr\u00e5der<\/h3>\n<p>Med h\u00f8y kapasitet i forhold til st\u00f8rrelsen, kompakte dimensjoner, lavt energiforbruk og automatisk avstengning n\u00e5r vanntanken er full (eller luftfuktigheten er optimal), er MDK13 et trygt og praktisk valg for hjemmet.<\/p>\n<h3>Forleng garantien din<\/h3>\n<p>Ved \u00e5 registrere MDK13 p\u00e5 <a href=\"https:\/\/warranty-woods.com\">warranty-woods.com<\/a> utvider du garantien fra 2 til 3 \u00e5r.<\/p>\n<p>&nbsp;<\/p>\n","protected":false},"excerpt":{"rendered":"<p>Wood MDK13 er en kompakt og brukervennlig avfukter, perfekt for mindre rom som f.eks. baderom. Den fjerner effektivt overfl\u00f8dig fuktighet, reduserer risikoen for mugg og forbedrer inneluftkvaliteten. Med sitt topputl\u00f8p t\u00f8rker MDK13 h\u00e5ndkl\u00e6r og mindre mengder t\u00f8y, noe som er perfekt for rom der det er trangt om plassen. MDK13 er enkel \u00e5 bruke med et oversiktlig, brukervennlig knappedisplay og mulighet for kontinuerlig drenering, og er et smart valg for et sunnere og friskere milj\u00f8.   <\/p>\n","protected":false},"featured_media":43211,"template":"","meta":{"_acf_changed":false},"product_brand":[],"product_cat":[859,4749],"product_tag":[1463,1237],"class_list":{"0":"post-45171","1":"product","2":"type-product","3":"status-publish","4":"has-post-thumbnail","6":"product_cat-avfuktere","7":"product_cat-bad","8":"product_tag-baderom","9":"product_tag-mindre-omrader","10":"product_shipping_class-high","11":"splide__slide","13":"first","14":"instock","15":"taxable","16":"shipping-taxable","17":"purchasable","18":"product-type-simple"},"acf":[],"_links":{"self":[{"href":"https:\/\/woods.se\/no\/wp-json\/wp\/v2\/product\/45171","targetHints":{"allow":["GET"]}}],"collection":[{"href":"https:\/\/woods.se\/no\/wp-json\/wp\/v2\/product"}],"about":[{"href":"https:\/\/woods.se\/no\/wp-json\/wp\/v2\/types\/product"}],"wp:featuredmedia":[{"embeddable":true,"href":"https:\/\/woods.se\/no\/wp-json\/wp\/v2\/media\/43211"}],"wp:attachment":[{"href":"https:\/\/woods.se\/no\/wp-json\/wp\/v2\/media?parent=45171"}],"wp:term":[{"taxonomy":"product_brand","embeddable":true,"href":"https:\/\/woods.se\/no\/wp-json\/wp\/v2\/product_brand?post=45171"},{"taxonomy":"product_cat","embeddable":true,"href":"https:\/\/woods.se\/no\/wp-json\/wp\/v2\/product_cat?post=45171"},{"taxonomy":"product_tag","embeddable":true,"href":"https:\/\/woods.se\/no\/wp-json\/wp\/v2\/product_tag?post=45171"}],"curies":[{"name":"wp","href":"https:\/\/api.w.org\/{rel}","templated":true}]}}