{"id":45170,"date":"2024-12-10T13:47:45","date_gmt":"2024-12-10T12:47:45","guid":{"rendered":"https:\/\/stage.woods.se\/?post_type=product&#038;p=45170"},"modified":"2026-03-06T14:51:46","modified_gmt":"2026-03-06T13:51:46","slug":"woods-mdk21","status":"publish","type":"product","link":"https:\/\/woods.se\/no\/produkter\/avfuktere\/oppholdsrom\/woods-mdk21\/","title":{"rendered":"Wood&#8217;s MDK21"},"content":{"rendered":"<h2>Wood&#8217;s MDK21<\/h2>\n<h3>Optimal avfukting for hjemmet<\/h3>\n<p>Wood&#8217;s MDK21 er en kraftig avfukter som hjelper deg med \u00e5 opprettholde et behagelig luftfuktighetsniv\u00e5 i stuer, soverom og leiligheter. Med toppavtrekk og h\u00f8y kapasitet h\u00e5ndterer den opptil 20 liter fuktighet per dag og skaper et friskt inneklima uten risiko for mugg og ubehagelig lukt. Den t\u00f8rker ogs\u00e5 t\u00f8yet ditt effektivt og sk\u00e5nsomt.  <\/p>\n<h3>Viktige funksjoner:<\/h3>\n\n<h3>Brukervennlig og fleksibel<\/h3>\n<p>MDK21 er enkel \u00e5 bruke med et oversiktlig ber\u00f8ringspanel der du stiller inn \u00f8nsket luftfuktighetsniv\u00e5. Den programmerbare timeren gj\u00f8r det enkelt \u00e5 tilpasse avfuktingen til dine behov. <\/p>\n<h3>Energieffektiv og milj\u00f8vennlig<\/h3>\n<p>Med kj\u00f8lemediet R290 er MDK21 en milj\u00f8vennlig l\u00f8sning med lavt energiforbruk og h\u00f8y ytelse. Automatisk avriming og en indikator for full vanntank s\u00f8rger for at enheten alltid fungerer optimalt. <\/p>\n<h3>Trygt og p\u00e5litelig<\/h3>\n<p>Automatisk avstengning aktiveres n\u00e5r vanntanken er full, og det innebygde hydrometeret s\u00f8rger for at luftfuktigheten holdes p\u00e5 \u00f8nsket niv\u00e5. Det vaskbare st\u00f8vfilteret og muligheten til \u00e5 koble til en slange for kontinuerlig drenering gj\u00f8r MDK21 sv\u00e6rt enkel \u00e5 bruke. <\/p>\n<h2>Forleng garantien din<\/h2>\n<p>Registrer din MDK21 p\u00e5 <a href=\"https:\/\/warranty-woods.com\/\">warranty-woods.com<\/a> og utvid garantien fra 2 til 3 \u00e5r.<br \/>\nMDK21 er det perfekte valget for alle oppvarmede rom i hjemmet ditt, og s\u00f8rger effektivt for at hjemmet ditt forblir fritt for fukt, lukt og mugg.<\/p>\n<p><iframe loading=\"lazy\" title=\"Instruction video - Wood&#039;s MDK21 (English)\" width=\"500\" height=\"281\" src=\"https:\/\/www.youtube.com\/embed\/fv-eTVHKLcM?feature=oembed\" frameborder=\"0\" allow=\"accelerometer; autoplay; clipboard-write; encrypted-media; gyroscope; picture-in-picture; web-share\" referrerpolicy=\"strict-origin-when-cross-origin\" allowfullscreen><\/iframe><\/p>\n","protected":false},"excerpt":{"rendered":"<p>Wood&#8217;s MDK21 er en effektiv avfukter for stuer, soverom og andre oppvarmede oppholdsrom. Med en kapasitet p\u00e5 20 liter per d\u00f8gn og toppavtrekk skaper den raskt en behagelig og sunn inneluft. Det oversiktlige ber\u00f8ringspanelet gj\u00f8r avfukteren enkel \u00e5 bruke, og i kombinasjon med automatisk avriming er den en trygg og p\u00e5litelig l\u00f8sning mot fukt.  <\/p>\n","protected":false},"featured_media":43720,"template":"","meta":{"_acf_changed":false},"product_brand":[],"product_cat":[859,4753],"product_tag":[1473,889,1490,898],"class_list":{"0":"post-45170","1":"product","2":"type-product","3":"status-publish","4":"has-post-thumbnail","6":"product_cat-avfuktere","7":"product_cat-oppholdsrom","8":"product_tag-leilighet","9":"product_tag-soverom","10":"product_tag-stue-no","11":"product_tag-stue","12":"product_shipping_class-high","13":"splide__slide","15":"first","16":"instock","17":"taxable","18":"shipping-taxable","19":"purchasable","20":"product-type-simple"},"acf":[],"_links":{"self":[{"href":"https:\/\/woods.se\/no\/wp-json\/wp\/v2\/product\/45170","targetHints":{"allow":["GET"]}}],"collection":[{"href":"https:\/\/woods.se\/no\/wp-json\/wp\/v2\/product"}],"about":[{"href":"https:\/\/woods.se\/no\/wp-json\/wp\/v2\/types\/product"}],"wp:featuredmedia":[{"embeddable":true,"href":"https:\/\/woods.se\/no\/wp-json\/wp\/v2\/media\/43720"}],"wp:attachment":[{"href":"https:\/\/woods.se\/no\/wp-json\/wp\/v2\/media?parent=45170"}],"wp:term":[{"taxonomy":"product_brand","embeddable":true,"href":"https:\/\/woods.se\/no\/wp-json\/wp\/v2\/product_brand?post=45170"},{"taxonomy":"product_cat","embeddable":true,"href":"https:\/\/woods.se\/no\/wp-json\/wp\/v2\/product_cat?post=45170"},{"taxonomy":"product_tag","embeddable":true,"href":"https:\/\/woods.se\/no\/wp-json\/wp\/v2\/product_tag?post=45170"}],"curies":[{"name":"wp","href":"https:\/\/api.w.org\/{rel}","templated":true}]}}