{"id":45169,"date":"2024-12-10T13:48:13","date_gmt":"2024-12-10T12:48:13","guid":{"rendered":"https:\/\/stage.woods.se\/?post_type=product&#038;p=45169"},"modified":"2026-03-06T14:54:38","modified_gmt":"2026-03-06T13:54:38","slug":"woods-mdk26","status":"publish","type":"product","link":"https:\/\/woods.se\/no\/produkter\/avfuktere\/oppholdsrom\/woods-mdk26\/","title":{"rendered":"Wood&#8217;s MDK26"},"content":{"rendered":"<h2>Wood&#8217;s MDK26<\/h2>\n<h3>Optimal avfukting for hjemmet<\/h3>\n<p>Wood&#8217;s MDK26 er en h\u00f8ytytende avfukter som effektivt hjelper deg med \u00e5 opprettholde riktig luftfuktighet i stuer, soverom og leiligheter. Med toppavtrekk og en kapasitet p\u00e5 opptil 25 liter fuktighet per dag skaper den et friskt innemilj\u00f8 uten ubehagelig lukt og risiko for mugg. Den t\u00f8rker ogs\u00e5 t\u00f8yet sk\u00e5nsomt og effektivt.  <\/p>\n<h3>Viktige funksjoner<\/h3>\n\n<h3>Brukervennlig og fleksibel<\/h3>\n<p>MDK26 er enkel \u00e5 bruke takket v\u00e6re det oversiktlige ber\u00f8ringspanelet, der du kan stille inn \u00f8nsket luftfuktighetsniv\u00e5. Med den programmerbare timeren kan du enkelt justere avfuktingen etter dine behov. <\/p>\n<h3>Energieffektiv og milj\u00f8vennlig<\/h3>\n<p>Med kj\u00f8lemediet R290 kombinerer MDK26 h\u00f8y energieffektivitet med milj\u00f8vennlig drift. Automatisk avriming og en indikator for full vanntank s\u00f8rger for at enheten alltid fungerer optimalt. <\/p>\n<h3>Trygt og p\u00e5litelig<\/h3>\n<p>Avfukteren sl\u00e5r seg automatisk av n\u00e5r vanntanken er full. Det innebygde hygrometeret overv\u00e5ker luftfuktigheten og s\u00f8rger for et jevnt klima. Et vaskbart st\u00f8vfilter og mulighet for kontinuerlig drenering gj\u00f8r MDK26 b\u00e5de trygg og enkel \u00e5 vedlikeholde.  <\/p>\n<h3>Forleng garantien din<\/h3>\n<p>Registrer din MDK26 p\u00e5 <a href=\"https:\/\/warranty-woods.com\/\">warranty-woods.com<\/a> og utvid garantien fra 2 til 3 \u00e5r.<\/p>\n<p>MDK26 er det perfekte valget for alle oppvarmede rom i hjemmet og s\u00f8rger for et sunt, t\u00f8rt og komfortabelt innemilj\u00f8 \u00e5ret rundt.<\/p>\n<p><iframe loading=\"lazy\" title=\"Instruction video - Wood&#039;s MDK26 (English)\" width=\"500\" height=\"281\" src=\"https:\/\/www.youtube.com\/embed\/4BgX9MdCg20?feature=oembed\" frameborder=\"0\" allow=\"accelerometer; autoplay; clipboard-write; encrypted-media; gyroscope; picture-in-picture; web-share\" referrerpolicy=\"strict-origin-when-cross-origin\" allowfullscreen><\/iframe><\/p>\n","protected":false},"excerpt":{"rendered":"<p>Wood MDK26 er en kraftig avfukter for oppvarmede oppholdsrom som stuer, soverom og leiligheter. Med en kapasitet p\u00e5 25 liter per dag og toppavtrekk forbedrer den raskt luftkvaliteten innend\u00f8rs og skaper et friskt og behagelig klima. Den har et oversiktlig ber\u00f8ringspanel for enkel bruk, og takket v\u00e6re automatisk avriming er den en p\u00e5litelig l\u00f8sning mot fukt \u00e5ret rundt.  <\/p>\n","protected":false},"featured_media":43720,"template":"","meta":{"_acf_changed":false},"product_brand":[],"product_cat":[859,4753],"product_tag":[1473,889,1490,898],"class_list":{"0":"post-45169","1":"product","2":"type-product","3":"status-publish","4":"has-post-thumbnail","6":"product_cat-avfuktere","7":"product_cat-oppholdsrom","8":"product_tag-leilighet","9":"product_tag-soverom","10":"product_tag-stue-no","11":"product_tag-stue","12":"product_shipping_class-high","13":"splide__slide","15":"first","16":"instock","17":"taxable","18":"shipping-taxable","19":"purchasable","20":"product-type-simple"},"acf":[],"_links":{"self":[{"href":"https:\/\/woods.se\/no\/wp-json\/wp\/v2\/product\/45169","targetHints":{"allow":["GET"]}}],"collection":[{"href":"https:\/\/woods.se\/no\/wp-json\/wp\/v2\/product"}],"about":[{"href":"https:\/\/woods.se\/no\/wp-json\/wp\/v2\/types\/product"}],"wp:featuredmedia":[{"embeddable":true,"href":"https:\/\/woods.se\/no\/wp-json\/wp\/v2\/media\/43720"}],"wp:attachment":[{"href":"https:\/\/woods.se\/no\/wp-json\/wp\/v2\/media?parent=45169"}],"wp:term":[{"taxonomy":"product_brand","embeddable":true,"href":"https:\/\/woods.se\/no\/wp-json\/wp\/v2\/product_brand?post=45169"},{"taxonomy":"product_cat","embeddable":true,"href":"https:\/\/woods.se\/no\/wp-json\/wp\/v2\/product_cat?post=45169"},{"taxonomy":"product_tag","embeddable":true,"href":"https:\/\/woods.se\/no\/wp-json\/wp\/v2\/product_tag?post=45169"}],"curies":[{"name":"wp","href":"https:\/\/api.w.org\/{rel}","templated":true}]}}