{"id":44833,"date":"2025-04-16T10:18:19","date_gmt":"2025-04-16T08:18:19","guid":{"rendered":"https:\/\/stage.woods.se\/?post_type=product&#038;p=44833"},"modified":"2026-03-27T16:28:09","modified_gmt":"2026-03-27T15:28:09","slug":"woods-sw26mw","status":"publish","type":"product","link":"https:\/\/woods.se\/no\/produkter\/avfuktere\/kjeller\/woods-sw26mw\/","title":{"rendered":"Wood&#8217;s SW26MW"},"content":{"rendered":"<h2>Wood\u00b4s SW26MW (matt hvit)<\/h2>\n<h3>P\u00e5litlig avfuktare f\u00f6r kalla utrymmen<\/h3>\n<p>Fukt, m\u00f6gel och d\u00e5lig lukt \u00e4r vanligt i k\u00e4llare och andra som utrymmen kan bli kalla vilket kan orsaka kostsamma skador ifall man inte \u00e5tg\u00e4rdar det i tid. Wood&#8217;s SW26MW er spesielt utviklet for \u00e5 skape et t\u00f8rt og behagelig milj\u00f8 i kalde rom og forhindrer at mugg og lukt f\u00e5r fotfeste. Med h\u00f8y avfuktskapasitet (13,5 l) og et kraftig luftstr\u00f8m n\u00e5r den hvert hj\u00f8rne av rommet, selv i rom med flere deler. Denne avfukteren eliminerer fukt og u\u00f8nsket lukt, slik at du kan oppbevare tekstiler og andre f\u00f8lsomme materialer i rommet.   <\/p>\n<h3>Anbefalte bruksomr\u00e5der:<\/h3>\n<p><strong>Kjeller:<\/strong> H\u00f8y luftcirkulasjon og effektiv avfukting holder kjelleren t\u00f8rr og muggfri. Dette gj\u00f8r at du kan bruke kjelleren som et vanlig rom eller til oppbevaring.<br \/>\n<strong>Garasje:<\/strong> Holder fuktigheten borte og beskytter kj\u00f8ret\u00f8y, verkt\u00f8y og annet utstyr hele \u00e5ret.<br \/>\n<strong>Andre kalde rom:<\/strong> Sikker fuktighetskontroll ned til +2 \u00b0C, noe som gj\u00f8r den ideell for for eksempel loft, bod og vinteroppbevaring av for eksempel puter og tekstiler.<\/p>\n<h3>Viktige funksjoner:<\/h3>\n\n<h3>H\u00f8y kapasitet og luftstr\u00f8m for effektiv sirkulasjon<\/h3>\n<p>SW26MW har de egenskapene som kreves for \u00e5 fjerne fuktighet i kalde og utsatte rom som kjellere, garasjer og loft. Med en h\u00f8y avfuktskapasitet p\u00e5 opptil 13,5 liter per dag og et kraftig luftstr\u00f8m p\u00e5 350 m\u00b3\/time s\u00f8rger SW26MW for \u00e5 n\u00e5 hvert hj\u00f8rne av rommet, selv n\u00e5r det er delt inn i flere rom. <\/p>\n<h3>Enkel bruk og tilpassbar funksjon<\/h3>\n<p>Med to viftemoduser og en romslig 11,4-liters vanntank er SW26MW veldig enkel \u00e5 h\u00e5ndtere. For enda mer komfort kan du ogs\u00e5 koble til en slange (ikke inkludert) for direkte drenering til et gulvavl\u00f8p. Den smarte konstruksjonen gj\u00f8r ogs\u00e5 at avfukteren kan plasseres direkte over et gulvavl\u00f8p. SW26MW er ogs\u00e5 utstyrt med autostart, som gj\u00f8r at den automatisk g\u00e5r tilbake til siste innstilling etter str\u00f8mbrudd, slik at du alltid kan v\u00e6re sikker p\u00e5 at den har kontroll p\u00e5 fuktighetsniv\u00e5et s\u00e5 snart str\u00f8mmen er tilbake. SW26MW overv\u00e5ker luftfuktigheten i rommet og starter eller sl\u00e5r seg av automatisk n\u00e5r det er n\u00f8dvendig.    <\/p>\n<h3>Smart mugg- og st\u00f8vfilter<\/h3>\n<p>SW26MW er utstyrt med Woods SMF-filter som effektivt fanger opp st\u00f8v og muggpartikler i luften, noe som beskytter avfukteren og forlenger levetiden. Den holder rommene dine fri for fukt, mugg og lukt hele \u00e5ret, noe som gj\u00f8r den til en sikker og langsiktig l\u00f8sning. <\/p>\n<h3>Effektiv hele \u00e5ret, selv ved lave temperaturer<\/h3>\n<p>Takket v\u00e6re den innovative i-EcoDefrost-teknologien kan SW26MW avfukte selv ved s\u00e5 lave temperaturer som +2 \u00b0C. Den er konstruert for kontinuerlig drift, slik at den trygt kan v\u00e6re i drift d\u00f8gnet rundt uten avbrudd. Dette gj\u00f8r den ideell for bruk hele \u00e5ret, uansett v\u00e6r og \u00e5rstid. Den holder rommene dine fri for fukt, mugg og d\u00e5rlig lukt hele \u00e5ret, noe som gj\u00f8r den til en trygg og langsiktig l\u00f8sning for hjemmet ditt.   <\/p>\n<h3>Bygget for \u00e5 vare<\/h3>\n<p>SW26MW er produsert i Sverige med et robust, rustfritt metallhus og er bygget for \u00e5 fjerne fuktighet d\u00f8gnet rundt og holde i mange \u00e5r. Den er konstruert for p\u00e5litelig fuktkontroll i kjellere, garasjer og loft, noe som bidrar til \u00e5 bevare eiendelene dine og forlenge husets levetid. <\/p>\n<h3>Lang garanti og holdbar bruk<\/h3>\n<p>Ved \u00e5 registrere SW26MW p\u00e5 <a href=\"https:\/\/warranty-woods.com\">warranty-woods.com<\/a> og bytte filter \u00e5rlig f\u00e5r du en av markedets lengste garantier, hele 6 \u00e5r. Gjennom registreringen f\u00e5r du ogs\u00e5 p\u00e5minnelser om filterbytte, noe som ikke bare forlenger avfukterens levetid, men ogs\u00e5 sikrer at den alltid fungerer med h\u00f8yeste effektivitet. Husk \u00e5 ta vare p\u00e5 kvitteringen n\u00e5r du kj\u00f8per filtrene.  <\/p>\n<p>Med Wood\u2019s SW26MW f\u00e5r du en p\u00e5litelig, b\u00e6rekraftig og energieffektiv l\u00f8sning for \u00e5 l\u00f8se alle fuktproblemer \u2013 fra kjeller til garasje og andre kalde rom.<\/p>\n","protected":false},"excerpt":{"rendered":"<p>Slip fukt, d\u00e5lig lukt och m\u00f6gel med Wood&#8217;s avfuktare SW26MW. Den avfuktar upp till 13,5 liter vatten per dygn och skapar snabbt en torr och behaglig milj\u00f6, \u00e4ven vid l\u00e4gre temperaturer. Den kraftige luftstr\u00f8mmen f\u00e5r luften til \u00e5 sirkulere og avfuktes selv om rommet er delt inn i flere rom, og med sitt effektive filter og slangekobling blir vedlikeholdet minimalt. Perfekt for mindre kjellere, garasjer og andre fuktige rom. Produsert i Sverige med opptil 6 \u00e5rs garanti.    <\/p>\n","protected":false},"featured_media":39572,"template":"","meta":{"_acf_changed":false},"product_brand":[],"product_cat":[859,4748],"product_tag":[896,888,887],"class_list":{"0":"post-44833","1":"product","2":"type-product","3":"status-publish","4":"has-post-thumbnail","6":"product_cat-avfuktere","7":"product_cat-kjeller","8":"product_tag-garasje","9":"product_tag-kjeller","10":"product_tag-lofte","11":"splide__slide","13":"first","14":"instock","15":"taxable","16":"shipping-taxable","17":"product-type-simple"},"acf":[],"_links":{"self":[{"href":"https:\/\/woods.se\/no\/wp-json\/wp\/v2\/product\/44833","targetHints":{"allow":["GET"]}}],"collection":[{"href":"https:\/\/woods.se\/no\/wp-json\/wp\/v2\/product"}],"about":[{"href":"https:\/\/woods.se\/no\/wp-json\/wp\/v2\/types\/product"}],"wp:featuredmedia":[{"embeddable":true,"href":"https:\/\/woods.se\/no\/wp-json\/wp\/v2\/media\/39572"}],"wp:attachment":[{"href":"https:\/\/woods.se\/no\/wp-json\/wp\/v2\/media?parent=44833"}],"wp:term":[{"taxonomy":"product_brand","embeddable":true,"href":"https:\/\/woods.se\/no\/wp-json\/wp\/v2\/product_brand?post=44833"},{"taxonomy":"product_cat","embeddable":true,"href":"https:\/\/woods.se\/no\/wp-json\/wp\/v2\/product_cat?post=44833"},{"taxonomy":"product_tag","embeddable":true,"href":"https:\/\/woods.se\/no\/wp-json\/wp\/v2\/product_tag?post=44833"}],"curies":[{"name":"wp","href":"https:\/\/api.w.org\/{rel}","templated":true}]}}