{"id":44822,"date":"2024-12-10T14:00:06","date_gmt":"2024-12-10T13:00:06","guid":{"rendered":"https:\/\/stage.woods.se\/?post_type=product&#038;p=44822"},"modified":"2026-03-05T14:26:23","modified_gmt":"2026-03-05T13:26:23","slug":"woods-wdd90","status":"publish","type":"product","link":"https:\/\/woods.se\/no\/produkter\/avfuktere\/kalde-rom\/woods-wdd90\/","title":{"rendered":"Wood&#8217;s WDD90"},"content":{"rendered":"<h2>Wood&#8217;s WDD90<\/h2>\n<h3>En ny generasjon avfuktere for kalde rom<\/h3>\n<p>Wood\u2019s WDD90 er den nyeste innovasjonen innen sorpsjonsavfukting \u2013 kompakt, kraftig og utstyrt med WiFi. Med sitt moderne design og avanserte teknologi er den utviklet for \u00e5 h\u00e5ndtere fuktige og kalde milj\u00f8er der tradisjonelle avfuktere ofte mister effekten. Takket v\u00e6re sorpsjonsteknologien fungerer den like godt ved 0 \u00b0C som ved varmere temperaturer, noe som gj\u00f8r den perfekt for fritidsboliger, b\u00e5ter og campingvogner.  <\/p>\n<h3>Viktige funksjoner:<\/h3>\n\n<h3>Slik fungerer en sorpsjonsavfukter<\/h3>\n<p>Kjernen i WDD90 er en roterende rotor fylt med absorberende materiale som fanger opp fuktigheten i luften. Denne frigj\u00f8res deretter ved hjelp av varme og ledes bort til en kondensator, hvor den omdannes til vann. Vannet samles i beholderen eller ledes ut via en slange. Prosessen gir en naturlig bieffekt \u2013 fordi varme brukes, frigj\u00f8res energi som \u00f8ker temperaturen i rommet litt, noe som gj\u00f8r WDD90 spesielt egnet for kalde omgivelser der man \u00f8nsker \u00e5 tilf\u00f8re ekstra varme.   <\/p>\n<h3>Effektiv og brukervennlig<\/h3>\n<p>Den nye WDD90 er konstruert for \u00e5 v\u00e6re enkel \u00e5 bruke og tilpasse etter behov. Med tre viftehastigheter og kraftig luftstr\u00f8m f\u00e5r du alltid riktig avfuktningsniv\u00e5. Det lave st\u00f8yniv\u00e5et gj\u00f8r den ideell ogs\u00e5 i sm\u00e5 rom. Takket v\u00e6re den innebygde WiFi-funksjonen kan du styre og overv\u00e5ke avfukteren uansett hvor du befinner deg. V\u00e6r oppmerksom p\u00e5 at du av sikkerhetsgrunner ikke kan starte avfukteren p\u00e5 avstand.    <\/p>\n<h3>Sunnt inneklima<\/h3>\n<p>WDD90 er utstyrt med vaskbart st\u00f8vfilter for enkel vedlikehold. Den innebygde ioniseringen renser luften samtidig som fuktigheten fjernes \u2013 noe som gir et friskere, renere og sunnere inneklima. <\/p>\n<h3>Utviklet for fleksibilitet<\/h3>\n<p>Med sin smidige st\u00f8rrelse, moderne design og smarte funksjoner er WDD90 enkel \u00e5 plassere og bruke hele \u00e5ret. Enten du vil beskytte b\u00e5ten mot fuktskader om vinteren, holde fritidsboligen t\u00f8rr eller skape et behageligere klima i campingvognen, er WDD90 en ny p\u00e5litelig l\u00f8sning. <\/p>\n<h3>Forleng garantien din<\/h3>\n<p>Registrer WDD90 p\u00e5<a href=\"https:\/\/warranty-woods.com\/\"> warranty-woods.com<\/a> og forleng garantien fra 2 til 3 \u00e5r.<\/p>\n<p>&nbsp;<\/p>\n","protected":false},"excerpt":{"rendered":"<p>Nye Wood\u2019s WDD90 er en moderne sorpsjonsavfukter med WiFi som kombinerer smart styring med kraftig avfukting. Den fungerer ned til 0 \u00b0C og er ideell for fritidsboliger, b\u00e5ter og campingvogner. Med tre viftehastigheter, stille drift og mulighet for kontinuerlig drenering er den b\u00e5de praktisk og effektiv. Den innebygde ioniseringen forbedrer dessuten luftkvaliteten og skaper et friskere inneklima.   <\/p>\n","protected":false},"featured_media":43443,"template":"","meta":{"_acf_changed":false},"product_brand":[],"product_cat":[859,4750],"product_tag":[890,2189,892,923,921],"class_list":{"0":"post-44822","1":"product","2":"type-product","3":"status-publish","4":"has-post-thumbnail","6":"product_cat-avfuktere","7":"product_cat-kalde-rom","8":"product_tag-bat-no","9":"product_tag-campingvogner","10":"product_tag-kalde-rom","11":"product_tag-sommerbolig","12":"product_tag-wifi-no","13":"product_shipping_class-wdd90","14":"splide__slide","16":"first","17":"instock","18":"taxable","19":"shipping-taxable","20":"purchasable","21":"product-type-simple"},"acf":[],"_links":{"self":[{"href":"https:\/\/woods.se\/no\/wp-json\/wp\/v2\/product\/44822","targetHints":{"allow":["GET"]}}],"collection":[{"href":"https:\/\/woods.se\/no\/wp-json\/wp\/v2\/product"}],"about":[{"href":"https:\/\/woods.se\/no\/wp-json\/wp\/v2\/types\/product"}],"wp:featuredmedia":[{"embeddable":true,"href":"https:\/\/woods.se\/no\/wp-json\/wp\/v2\/media\/43443"}],"wp:attachment":[{"href":"https:\/\/woods.se\/no\/wp-json\/wp\/v2\/media?parent=44822"}],"wp:term":[{"taxonomy":"product_brand","embeddable":true,"href":"https:\/\/woods.se\/no\/wp-json\/wp\/v2\/product_brand?post=44822"},{"taxonomy":"product_cat","embeddable":true,"href":"https:\/\/woods.se\/no\/wp-json\/wp\/v2\/product_cat?post=44822"},{"taxonomy":"product_tag","embeddable":true,"href":"https:\/\/woods.se\/no\/wp-json\/wp\/v2\/product_tag?post=44822"}],"curies":[{"name":"wp","href":"https:\/\/api.w.org\/{rel}","templated":true}]}}