{"id":44819,"date":"2024-12-10T13:39:34","date_gmt":"2024-12-10T12:39:34","guid":{"rendered":"https:\/\/stage.woods.se\/?post_type=product&#038;p=44819"},"modified":"2026-03-06T15:46:50","modified_gmt":"2026-03-06T14:46:50","slug":"woods-ad20","status":"publish","type":"product","link":"https:\/\/woods.se\/no\/produkter\/avfuktere\/oppholdsrom\/woods-ad20\/","title":{"rendered":"Wood&#8217;s AD20"},"content":{"rendered":"<h2>Wood&#8217;s AD20<\/h2>\n<h3>Kombinert avfukter og luftrenser for et friskere inneklima<\/h3>\n<p>Oppdag Wood\u2019s AD20, den perfekte kombinasjonen av avfukter og luftrenser, spesielt designet for leiligheter, soverom og stuer. AD20 hjelper deg med \u00e5 skape et sunt og behagelig inneklima, uansett \u00e5rstid. Den fjerner effektivt overfl\u00f8dig fuktighet og renser luften effektivt for skadelige partikler, noe som bidrar til \u00e5 forhindre mugg, d\u00e5rlig lukt og d\u00e5rlig luftkvalitet.  <\/p>\n<h3>Viktige funksjoner:<\/h3>\n\n<h3>Sunn luft i soverommet<\/h3>\n<p>Wood&#8217;s AD20 er ideell for soverom, hvor den arbeider stille og effektivt for \u00e5 sikre at du sover i et friskt og rent milj\u00f8. Det lave st\u00f8yniv\u00e5et sikrer at nattes\u00f8vnen ikke forstyrres, mens enheten kontinuerlig overv\u00e5ker og justerer luftfuktigheten og luftkvaliteten. Med AD20 skaper du optimale forhold for bedre s\u00f8vn og en frisk start p\u00e5 dagen.  <\/p>\n<h3>Balansert luft i stuen<\/h3>\n<p>AD20 er ogs\u00e5 perfekt for stuer hvor vi tilbringer mye tid. Ved \u00e5 rense luften og fjerne fuktighet sikrer AD20 et balansert inneklima som er fritt for st\u00f8v, allergener og mugg. Det patenterte og svenskproduserte Active ION HEPA-filteret fanger opp til 99,98 % av skadelige partikler og forurensninger, noe som forbedrer b\u00e5de luftkvaliteten og ditt velv\u00e6re.  <\/p>\n<h3>Fleksibel og enkel \u00e5 bruke<\/h3>\n<p>AD20 er ikke bare en kombinert avfukter og luftrenser \u2013 du kan ogs\u00e5 bruke den som en dedikert luftrenser n\u00e5r du ikke trenger avfukting. Den er utstyrt med en luftsensor som automatisk justerer aktiviteten basert p\u00e5 luftfuktigheten og partikkelinnholdet i rommet, noe som gj\u00f8r den b\u00e5de energieffektiv og enkel \u00e5 bruke. AD20 er ogs\u00e5 utstyrt med en kraftig utbl\u00e5s p\u00e5 toppen, noe som gj\u00f8r den optimal til bruk for t\u00f8rking av t\u00f8y. Perfekt hvis du bor i en leilighet og trenger \u00e5 t\u00f8rke t\u00f8yet i badet, stuen eller soverommet.<br \/>\nFor ekstra bekvemmelighet er AD20 utstyrt med en stor vanntank og mulighet for slangetilkobling for direkte drenering. I tillegg kan enheten starte automatisk etter str\u00f8mbrudd og g\u00e5 tilbake til de siste innstillingene, noe som sikrer kontinuerlig drift og vedlikeholdsfri bruk.    <\/p>\n<h3>Holdbar ytelse og lang garanti<\/h3>\n<p>Wood\u2019s AD20 er bygget for \u00e5 holde, og med opptil 6 \u00e5rs garanti kan du f\u00f8le deg trygg p\u00e5 investeringen din. Ved \u00e5 registrere din AD20 p\u00e5 <a href=\"https:\/\/warranty-woods.com\/\">warranty.woods.com <\/a>og skifte filter \u00e5rlig, kan du forlenge garantien opp til 6 \u00e5r. Du f\u00e5r ogs\u00e5 smarte p\u00e5minnelser om filterbytte, noe som bidrar til \u00e5 forlenge levetiden og opprettholde optimal ytelse.  <\/p>\n<p>Velg Wood\u2019s AD20 for et renere, friskere og mer behagelig inneklima \u2013 en l\u00f8sning som beskytter hjemmet ditt og helsen din hele \u00e5ret.<\/p>\n<p><iframe loading=\"lazy\" title=\"Instruction video - Wood&#039;s AD20 (English)\" width=\"500\" height=\"281\" src=\"https:\/\/www.youtube.com\/embed\/vyT4kheSrno?feature=oembed\" frameborder=\"0\" allow=\"accelerometer; autoplay; clipboard-write; encrypted-media; gyroscope; picture-in-picture; web-share\" referrerpolicy=\"strict-origin-when-cross-origin\" allowfullscreen><\/iframe><\/p>\n","protected":false},"excerpt":{"rendered":"<p>Wood\u2019s AD20 er den perfekte kombinasjonen av avfukter og luftrenser, designet for soverom, stuer og leiligheter. Med HEPA-filter renser den luften fra 99,98 % av alle skadelige partikler, samtidig som den ekstremt stille og effektivt fjerner overfl\u00f8dig fuktighet. AD20 er utformet med en utbl\u00e5s p\u00e5 oversiden, som gj\u00f8r at den effektivt og sk\u00e5nsomt t\u00f8rker t\u00f8yet ditt. AD20 skaper et optimalt inneklima der du tilbringer mest tid.   <\/p>\n","protected":false},"featured_media":43405,"template":"","meta":{"_acf_changed":false},"product_brand":[],"product_cat":[859,4753],"product_tag":[1473,889,1490,898],"class_list":{"0":"post-44819","1":"product","2":"type-product","3":"status-publish","4":"has-post-thumbnail","6":"product_cat-avfuktere","7":"product_cat-oppholdsrom","8":"product_tag-leilighet","9":"product_tag-soverom","10":"product_tag-stue-no","11":"product_tag-stue","12":"product_shipping_class-high","13":"splide__slide","15":"first","16":"instock","17":"taxable","18":"shipping-taxable","19":"purchasable","20":"product-type-simple"},"acf":[],"_links":{"self":[{"href":"https:\/\/woods.se\/no\/wp-json\/wp\/v2\/product\/44819","targetHints":{"allow":["GET"]}}],"collection":[{"href":"https:\/\/woods.se\/no\/wp-json\/wp\/v2\/product"}],"about":[{"href":"https:\/\/woods.se\/no\/wp-json\/wp\/v2\/types\/product"}],"wp:featuredmedia":[{"embeddable":true,"href":"https:\/\/woods.se\/no\/wp-json\/wp\/v2\/media\/43405"}],"wp:attachment":[{"href":"https:\/\/woods.se\/no\/wp-json\/wp\/v2\/media?parent=44819"}],"wp:term":[{"taxonomy":"product_brand","embeddable":true,"href":"https:\/\/woods.se\/no\/wp-json\/wp\/v2\/product_brand?post=44819"},{"taxonomy":"product_cat","embeddable":true,"href":"https:\/\/woods.se\/no\/wp-json\/wp\/v2\/product_cat?post=44819"},{"taxonomy":"product_tag","embeddable":true,"href":"https:\/\/woods.se\/no\/wp-json\/wp\/v2\/product_tag?post=44819"}],"curies":[{"name":"wp","href":"https:\/\/api.w.org\/{rel}","templated":true}]}}