{"id":44816,"date":"2024-12-10T13:46:40","date_gmt":"2024-12-10T12:46:40","guid":{"rendered":"https:\/\/stage.woods.se\/?post_type=product&#038;p=44816"},"modified":"2026-03-06T14:45:10","modified_gmt":"2026-03-06T13:45:10","slug":"woods-mdk11","status":"publish","type":"product","link":"https:\/\/woods.se\/no\/produkter\/avfuktere\/bad\/woods-mdk11\/","title":{"rendered":"Wood&#8217;s MDK11"},"content":{"rendered":"<h2>Wood&#8217;s MDK 11<\/h2>\n<h3>Effektiv avfukting for baderom<\/h3>\n<p>Wood&#8217;s MDK11 er en kompakt og kraftig avfukter, perfekt egnet for mindre rom som baderom. Med sitt elegante design er den enkel \u00e5 flytte og ta ut n\u00e5r det er n\u00f8dvendig. MDK11 hjelper deg med \u00e5 opprettholde et sunt innemilj\u00f8 uten fuktighet og mugg. Det \u00f8vre luftutl\u00f8pet holder h\u00e5ndkl\u00e6r friske lenger og t\u00f8rker mindre mengder t\u00f8y effektivt.   <\/p>\n<h3>Viktige funksjoner:<\/h3>\n\n<h3>UseBrukervennlig og fleksibel kontroll<\/h3>\n<p>MDK11 er utstyrt med brukervennlige og oversiktlige knapper, som gj\u00f8r det enkelt \u00e5 stille inn \u00f8nsket fuktighetsniv\u00e5, timer og andre funksjoner. Timeren lar deg ogs\u00e5 stille inn n\u00f8yaktig hvor lenge avfukteren skal v\u00e6re aktiv, slik at du har full kontroll over fuktigheten uten \u00e5 m\u00e5tte overv\u00e5ke prosessen. Den har en stille drift som gj\u00f8r den diskret, perfekt for oppholdsrom hvor st\u00f8yniv\u00e5et er viktig.  <\/p>\n<h3>Energieffektiv og milj\u00f8vennlig<\/h3>\n<p>MDK11 bruker kj\u00f8lemiddelet R290, som er et energieffektivt og mer klimavennlig alternativ. P\u00e5 denne m\u00e5ten oppfyller Wood&#8217;s MDK11 fremtidige milj\u00f8direktiver og gir en gr\u00f8nnere l\u00f8sning for effektiv avfukting. <\/p>\n<h3>P\u00e5litelig og sikker drift for mindre omr\u00e5der<\/h3>\n<p>Med sin kompakte st\u00f8rrelse, lave energiforbruk og automatisk avstengning n\u00e5r vanntanken er full eller fuktigheten er optimal, er MDK11 et trygt og praktisk valg.<\/p>\n<h3>Forleng garantien din<\/h3>\n<p>Ved \u00e5 registrere MDK11 p\u00e5 <a href=\"https:\/\/warranty-woods.com\/\">warranty-woods.com<\/a> kan du forlenge garantien fra 2 til 3 \u00e5r.<\/p>\n","protected":false},"excerpt":{"rendered":"<p>Woods MDK11 er en kompakt og effektiv avfukter, ideell for sm\u00e5 rom som bad. Den eliminerer overfl\u00f8dig fuktighet, reduserer risikoen for mugg og forbedrer luftkvaliteten innend\u00f8rs. Med sin topputl\u00f8p t\u00f8rker MDK11 h\u00e5ndkl\u00e6r og sm\u00e5 mengder klesvask, perfekt for rom hvor plass er en premie. MDK11 er enkel \u00e5 bruke med et oversiktlig og brukervennlig knappdisplay og kontinuerlig dreneringsalternativ, og er et smart valg for et sunnere og friskere milj\u00f8.   <\/p>\n","protected":false},"featured_media":43211,"template":"","meta":{"_acf_changed":false},"product_brand":[],"product_cat":[859,4749],"product_tag":[1463,1237],"class_list":{"0":"post-44816","1":"product","2":"type-product","3":"status-publish","4":"has-post-thumbnail","6":"product_cat-avfuktere","7":"product_cat-bad","8":"product_tag-baderom","9":"product_tag-mindre-omrader","10":"product_shipping_class-high","11":"splide__slide","13":"first","14":"instock","15":"taxable","16":"shipping-taxable","17":"purchasable","18":"product-type-simple"},"acf":[],"_links":{"self":[{"href":"https:\/\/woods.se\/no\/wp-json\/wp\/v2\/product\/44816","targetHints":{"allow":["GET"]}}],"collection":[{"href":"https:\/\/woods.se\/no\/wp-json\/wp\/v2\/product"}],"about":[{"href":"https:\/\/woods.se\/no\/wp-json\/wp\/v2\/types\/product"}],"wp:featuredmedia":[{"embeddable":true,"href":"https:\/\/woods.se\/no\/wp-json\/wp\/v2\/media\/43211"}],"wp:attachment":[{"href":"https:\/\/woods.se\/no\/wp-json\/wp\/v2\/media?parent=44816"}],"wp:term":[{"taxonomy":"product_brand","embeddable":true,"href":"https:\/\/woods.se\/no\/wp-json\/wp\/v2\/product_brand?post=44816"},{"taxonomy":"product_cat","embeddable":true,"href":"https:\/\/woods.se\/no\/wp-json\/wp\/v2\/product_cat?post=44816"},{"taxonomy":"product_tag","embeddable":true,"href":"https:\/\/woods.se\/no\/wp-json\/wp\/v2\/product_tag?post=44816"}],"curies":[{"name":"wp","href":"https:\/\/api.w.org\/{rel}","templated":true}]}}