{"id":44813,"date":"2024-12-10T13:49:56","date_gmt":"2024-12-10T12:49:56","guid":{"rendered":"https:\/\/stage.woods.se\/?post_type=product&#038;p=44813"},"modified":"2026-04-24T10:51:42","modified_gmt":"2026-04-24T08:51:42","slug":"woods-mrd10","status":"publish","type":"product","link":"https:\/\/woods.se\/no\/produkter\/avfuktere\/bad\/woods-mrd10\/","title":{"rendered":"Wood&#8217;s MRD10"},"content":{"rendered":"<h2>Wood&#8217;s MRD10<\/h2>\n<h3>Optimal l\u00f8sning for bad og andre sm\u00e5 rom<\/h3>\n<p>Wood MRD10 er den ideelle avfukteren for mindre rom som for eksempel baderom. Med en avfuktingskapasitet p\u00e5 opptil 10 liter per dag h\u00e5ndterer MRD10 effektivt overfl\u00f8dig fuktighet og bidrar til et sunnere innemilj\u00f8. Den kompakte designen gj\u00f8r den enkel \u00e5 plassere selv der det er begrenset med plass, og topputl\u00f8pet gir en praktisk &laquo;h\u00e5rf\u00f8nereffekt&raquo; som gj\u00f8r at sm\u00e5 mengder t\u00f8y og h\u00e5ndkl\u00e6r t\u00f8rker raskt.  <\/p>\n<h3>Viktige funksjoner:<\/h3>\n\n<h3>Brukervennlig og fleksibel<\/h3>\n<p>MRD10 er enkel \u00e5 bruke med sin intuitive h\u00e5ndtak som gj\u00f8r den lett \u00e5 flytte mellom forskjellige rom. Takket v\u00e6re den smidige tanken p\u00e5 2 liter og muligheten for slangetilkobling er den lett \u00e5 t\u00f8mme og kan ogs\u00e5 kj\u00f8res kontinuerlig i perioder. Det vaskbare luftfilteret renser luften effektivt under avfukting og bidrar til bedre luftkvalitet.  <\/p>\n<h3>Energieffektiv og milj\u00f8vennlig<\/h3>\n<p>Med sitt energieffektive kj\u00f8lemedium R290 er MRD10 et milj\u00f8vennlig valg for mindre rom. Den lave energiforbruket betyr at den gir effektiv avfukting uten \u00e5 bruke un\u00f8dvendig str\u00f8m. <\/p>\n<h3>Sikker og p\u00e5litelig for sm\u00e5 rom<\/h3>\n<p>MRD10 er konstruert for sikker drift i fuktige omgivelser, med IPX4-klassifisering som beskytter mot vannsprut, er den perfekt for baderom og andre mindre rom som er utsatt for fukt. MRD14 gir best effekt i oppvarmede rom og sl\u00e5r seg automatisk av n\u00e5r tanken er full. Med et lydniv\u00e5 p\u00e5 under 43 dB kan MRD10 brukes i hjemmets roligste rom uten \u00e5 forstyrre.  <\/p>\n<h3>Forleng garantien din<\/h3>\n<p>Ved \u00e5 registrere MRD10 p\u00e5 <a href=\"https:\/\/warranty-woods.com\/\">warranty-woods.com<\/a> forlenger du garantien fra 2 til 3 \u00e5r.<\/p>\n<p>Velg Wood\u2019s MRD10 for en praktisk og sikker l\u00f8sning som holder sm\u00e5 rom t\u00f8rre og friske hele \u00e5ret.<\/p>\n","protected":false},"excerpt":{"rendered":"<p>Wood MRD10 er en kompakt og effektiv avfukter som er perfekt for baderom. Den fjerner opptil 10 liter fuktighet per dag og bidrar til et sunnere innemilj\u00f8 ved effektivt \u00e5 redusere risikoen for mugg og ubehagelig lukt. Takket v\u00e6re det praktiske topputl\u00f8pet t\u00f8rker den ogs\u00e5 mindre mengder t\u00f8y og holder h\u00e5ndkl\u00e6rne friske lenger. Med lavt energiforbruk og et vaskbart filter er MRD10 b\u00e5de milj\u00f8vennlig og enkel \u00e5 vedlikeholde, og er en p\u00e5litelig l\u00f8sning for mindre rom som ofte utsettes for fukt.   <\/p>\n","protected":false},"featured_media":42897,"template":"","meta":{"_acf_changed":false},"product_brand":[],"product_cat":[859,4749],"product_tag":[1463,1237],"class_list":{"0":"post-44813","1":"product","2":"type-product","3":"status-publish","4":"has-post-thumbnail","6":"product_cat-avfuktere","7":"product_cat-bad","8":"product_tag-baderom","9":"product_tag-mindre-omrader","10":"product_shipping_class-high","11":"splide__slide","13":"first","14":"instock","15":"taxable","16":"shipping-taxable","17":"purchasable","18":"product-type-simple"},"acf":[],"_links":{"self":[{"href":"https:\/\/woods.se\/no\/wp-json\/wp\/v2\/product\/44813","targetHints":{"allow":["GET"]}}],"collection":[{"href":"https:\/\/woods.se\/no\/wp-json\/wp\/v2\/product"}],"about":[{"href":"https:\/\/woods.se\/no\/wp-json\/wp\/v2\/types\/product"}],"wp:featuredmedia":[{"embeddable":true,"href":"https:\/\/woods.se\/no\/wp-json\/wp\/v2\/media\/42897"}],"wp:attachment":[{"href":"https:\/\/woods.se\/no\/wp-json\/wp\/v2\/media?parent=44813"}],"wp:term":[{"taxonomy":"product_brand","embeddable":true,"href":"https:\/\/woods.se\/no\/wp-json\/wp\/v2\/product_brand?post=44813"},{"taxonomy":"product_cat","embeddable":true,"href":"https:\/\/woods.se\/no\/wp-json\/wp\/v2\/product_cat?post=44813"},{"taxonomy":"product_tag","embeddable":true,"href":"https:\/\/woods.se\/no\/wp-json\/wp\/v2\/product_tag?post=44813"}],"curies":[{"name":"wp","href":"https:\/\/api.w.org\/{rel}","templated":true}]}}