{"id":42642,"date":"2025-04-15T13:41:15","date_gmt":"2025-04-15T11:41:15","guid":{"rendered":"https:\/\/stage.woods.se\/?post_type=product&#038;p=42642"},"modified":"2026-03-04T11:51:57","modified_gmt":"2026-03-04T10:51:57","slug":"woods-sw38fx","status":"publish","type":"product","link":"https:\/\/woods.se\/no\/produkter\/avfuktere\/kjeller\/woods-sw38fx\/","title":{"rendered":"Wood&#8217;s SW38FX"},"content":{"rendered":"<h2>Wood&#8217;s SW38FX (metallisk)<\/h2>\n<h3>Kraftig avfukter for kjellere, garasjer og loft<\/h3>\n<p>Fukt, mugg og ubehagelig lukt er vanlige problemer i kalde rom som kjellere, garasjer, loft og lagerrom. Wood SW38FX er utviklet for \u00e5 takle disse utfordringene p\u00e5 en effektiv m\u00e5te og skape et t\u00f8rt og behagelig milj\u00f8 selv ved temperaturer helt ned til +2 \u00b0C. Med en imponerende avfuktingskapasitet p\u00e5 opptil 19 liter per dag og en luftstr\u00f8m som n\u00e5r ut til alle deler av rommet, er SW38FX den perfekte l\u00f8sningen for \u00e5 beskytte eiendelene dine og forhindre fuktrelaterte skader.  <\/p>\n<h3>Anbefalte bruksomr\u00e5der:<\/h3>\n<p><strong>Kjelleren:<\/strong> Kraftig avfukting og h\u00f8y luftgjennomstr\u00f8mning holder kjelleren t\u00f8rr og fri for mugg, slik at rommet kan brukes til b\u00e5de oppbevaring og daglig bruk.<br \/>\n<strong>Garasjer:<\/strong> Beskytter kj\u00f8ret\u00f8y, verkt\u00f8y og utstyr ved \u00e5 holde fuktighet borte hele \u00e5ret, selv i kj\u00f8ligere temperaturer.<br \/>\n<strong>Andre kalde rom:<\/strong> SW38FX gir p\u00e5litelig luftfuktighetskontroll ned til +2 \u00b0C, perfekt for vinterlagring av f\u00f8lsomme gjenstander i lagerrom eller p\u00e5 loft.<\/p>\n<h3>Viktige funksjoner:<\/h3>\n\n<h3>Kraftig b\u00e5de n\u00e5r det gjelder kapasitet og luftstr\u00f8m<\/h3>\n<p>SW38FX har en kraftig avfuktingskapasitet p\u00e5 opptil 19 liter per dag. Den kraftige luftstr\u00f8mmen p\u00e5 340 m\u00b3\/t s\u00f8rger for effektiv sirkulasjon og avfukting &#8211; selv i rom med flere rom. <\/p>\n<h3>Enkel \u00e5 bruke og tilpasningsdyktig funksjon<\/h3>\n<p>SW38FX er utstyrt med en romslig vanntank p\u00e5 11,4 liter, og det er ogs\u00e5 mulig \u00e5 koble til en slangetilkobling (medf\u00f8lger ikke) for direkte drenering til et sluk, noe som muliggj\u00f8r kontinuerlig bruk. Du kan ogs\u00e5 velge \u00e5 plassere avfukteren rett over et gulvsluk. For ekstra trygghet starter SW38FX automatisk etter str\u00f8mbrudd, og enheten g\u00e5r tilbake til de siste innstillingene for \u00e5 sikre at fuktighetsreguleringen ikke blir avbrutt i slike tilfeller. SW38FX tilpasser seg automatisk luftfuktigheten og aktiveres eller sl\u00e5s av etter behov.   <\/p>\n<h3>Smart mugg- og partikkelfilter<\/h3>\n<p>SW38FX er utstyrt med et Woods SMF-filter som effektivt fanger opp st\u00f8v- og muggpartikler i luften, slik at du kan holde rommene dine fri for fukt, mugg og lukt \u00e5ret rundt. I tillegg beskytter filteret avfukteren og forlenger dens levetid, noe som gj\u00f8r den til en trygg og langsiktig l\u00f8sning. <\/p>\n<h3>Effektiv hele \u00e5ret, selv ved lave temperaturer<\/h3>\n<p>Takket v\u00e6re den innovative i-EcoDefrost-teknologien kan SW38FX avfukte selv ved lave temperaturer, helt ned til +2 \u00b0C. SW38FX er ogs\u00e5 konstruert for kontinuerlig drift, noe som betyr at den trygt kan kj\u00f8re dag og natt. Dette gj\u00f8r den til det perfekte valget for kalde rom som garasjer eller kjellere, der den kan arbeide effektivt hele \u00e5ret og holde rommene fri for fukt, mugg og ubehagelig lukt, uansett \u00e5rstid eller v\u00e6rforhold.  <\/p>\n<h3>Bygget for \u00e5 vare<\/h3>\n<p>SW38FX er produsert i Sverige og bygget for \u00e5 levere langvarig ytelse. Det robuste metallkabinettet beskytter mot slitasje, og komponentene av h\u00f8y kvalitet garanterer p\u00e5litelig luftfuktighetskontroll og vil beskytte hjemmet ditt d\u00f8gnet rundt i mange \u00e5r fremover. <\/p>\n<h3>Opptil 6 \u00e5rs garanti<\/h3>\n<p>Ved \u00e5 registrere din SW38FX p\u00e5 <a href=\"https:\/\/warranty-woods.com\">warranty-woods.com<\/a> og bytte filteret \u00e5rlig, f\u00e5r du en av de lengste garantiene p\u00e5 markedet, opptil 6 \u00e5r. N\u00e5r du registrerer deg, kan du ogs\u00e5 velge \u00e5 motta p\u00e5minnelser n\u00e5r det er p\u00e5 tide \u00e5 bytte filter. Filterbytte forlenger avfukterens levetid og sikrer at den alltid fungerer med maksimal effektivitet. Ikke glem \u00e5 ta vare p\u00e5 alle kvitteringene dine.   <\/p>\n<p>Med Wood&#8217;s SW38FX f\u00e5r du en kraftig, p\u00e5litelig og energieffektiv l\u00f8sning p\u00e5 alle dine fuktproblemer &#8211; fra kjellere til garasjer og andre kalde rom.<\/p>\n<p><iframe loading=\"lazy\" title=\"Instruction video - Wood&#039;s SW38FX Silent (English)\" width=\"500\" height=\"281\" src=\"https:\/\/www.youtube.com\/embed\/E5Wu9yErces?feature=oembed\" frameborder=\"0\" allow=\"accelerometer; autoplay; clipboard-write; encrypted-media; gyroscope; picture-in-picture; web-share\" referrerpolicy=\"strict-origin-when-cross-origin\" allowfullscreen><\/iframe><\/p>\n<p>&nbsp;<\/p>\n","protected":false},"excerpt":{"rendered":"<p>F\u00e5 kontroll over fukt, mugg og ubehagelig lukt i kalde rom med Wood&#8217;s SW38FX avfukter. Den avfukter opptil 19 liter per dag og s\u00f8rger raskt for et t\u00f8rt og behagelig milj\u00f8, selv ved lave temperaturer. Takket v\u00e6re den kraftige kapasiteten og luftstr\u00f8mmen sirkulerer den luften effektivt, selv i rom med flere rom. Med slangetilkobling er vedlikeholdet minimalt. Ideell for alle typer kjellere, garasjer og andre fuktige rom.     Produsert i Sverige med opptil 6 \u00e5rs garanti.<\/p>\n","protected":false},"featured_media":39211,"template":"","meta":{"_acf_changed":false},"product_brand":[],"product_cat":[859,4748],"product_tag":[896,888,887],"class_list":{"0":"post-42642","1":"product","2":"type-product","3":"status-publish","4":"has-post-thumbnail","6":"product_cat-avfuktere","7":"product_cat-kjeller","8":"product_tag-garasje","9":"product_tag-kjeller","10":"product_tag-lofte","11":"product_shipping_class-high","12":"splide__slide","14":"first","15":"instock","16":"taxable","17":"shipping-taxable","18":"purchasable","19":"product-type-simple"},"acf":[],"_links":{"self":[{"href":"https:\/\/woods.se\/no\/wp-json\/wp\/v2\/product\/42642","targetHints":{"allow":["GET"]}}],"collection":[{"href":"https:\/\/woods.se\/no\/wp-json\/wp\/v2\/product"}],"about":[{"href":"https:\/\/woods.se\/no\/wp-json\/wp\/v2\/types\/product"}],"wp:featuredmedia":[{"embeddable":true,"href":"https:\/\/woods.se\/no\/wp-json\/wp\/v2\/media\/39211"}],"wp:attachment":[{"href":"https:\/\/woods.se\/no\/wp-json\/wp\/v2\/media?parent=42642"}],"wp:term":[{"taxonomy":"product_brand","embeddable":true,"href":"https:\/\/woods.se\/no\/wp-json\/wp\/v2\/product_brand?post=42642"},{"taxonomy":"product_cat","embeddable":true,"href":"https:\/\/woods.se\/no\/wp-json\/wp\/v2\/product_cat?post=42642"},{"taxonomy":"product_tag","embeddable":true,"href":"https:\/\/woods.se\/no\/wp-json\/wp\/v2\/product_tag?post=42642"}],"curies":[{"name":"wp","href":"https:\/\/api.w.org\/{rel}","templated":true}]}}