{"id":42641,"date":"2024-12-12T13:04:40","date_gmt":"2024-12-12T12:04:40","guid":{"rendered":"https:\/\/stage.woods.se\/?post_type=product&#038;p=42641"},"modified":"2026-04-21T14:57:46","modified_gmt":"2026-04-21T12:57:46","slug":"woods-al-310fc","status":"publish","type":"product","link":"https:\/\/woods.se\/no\/produkter\/luftrensere-no\/for-stuer\/woods-al-310fc\/","title":{"rendered":"Wood&#8217;s AL 310FC"},"content":{"rendered":"<h2>Wood&#8217;s AL 310FC<\/h2>\n<h3>K\u00e5ret til den beste luftrenseren i 2025<\/h3>\n<p>D\u00e5rlig inneluftkvalitet kan f\u00f8re til allergier, tretthet og nedsatt konsentrasjonsevne. Wood&#8217;s AL 310FC l\u00f8ser dette ved effektivt \u00e5 filtrere ut pollen, st\u00f8v og andre skadelige partikler, noe som skaper et sunnere innemilj\u00f8. Med sin stilleg\u00e5ende og energieffektive drift kan den plasseres i soverom, stuer og kontorer uten \u00e5 for\u00e5rsake forstyrrelser. Takket v\u00e6re den h\u00f8ye rensekapasiteten p\u00e5 99,97 % og energieffektiviteten ble den k\u00e5ret til best i test i 2025 av RISE, p\u00e5 vegne av Villalivet. Den har ogs\u00e5 en innebygd filterkontroll som automatisk varsler deg n\u00e5r det er p\u00e5 tide \u00e5 skifte filter, noe som sikrer optimal luftkvalitet d\u00f8gnet rundt.    <\/p>\n<h3>N\u00e5r trenger du en luftrenser<\/h3>\n<p>Visste du at inneluften kan v\u00e6re opptil fem ganger mer forurenset enn uteluften? De fleste mennesker tilbringer over 90 % av tiden sin innend\u00f8rs, der vi utsettes for store mengder usynlige partikler som pollen, st\u00f8v, muggsporer og luftforurensende stoffer. Dette er et problem vi alle har, uten at vi kanskje er klar over det. Vi forbinder vanligvis ikke hodepine, konsentrasjonsvansker, tretthet og tett nese med d\u00e5rlig luftkvalitet, men det kan ofte v\u00e6re \u00e5rsaken.   <\/p>\n<h3>Anbefalte bruksomr\u00e5der:<\/h3>\n<p><strong>Luftrensere lindrer pollenallergi og astma: <\/strong>Pollen og st\u00f8v kan forverre allergier og astma, spesielt i pollensesongen. AL 310FC skaper en partikkelfri sone ved effektivt \u00e5 fange opp pollenpartikler og allergener fra luften. Ved \u00e5 plassere en luftrenser i et rom der du tilbringer mesteparten av tiden innend\u00f8rs, f\u00e5r kroppen en sjanse til \u00e5 restituere seg, noe som reduserer allergiske symptomer p\u00e5 kort sikt og utsetter dem til neste dag.<br \/>\n<strong>En luftrenser beskytter barns f\u00f8lsomme luftveier:<\/strong> Sm\u00e5 barn har f\u00f8lsomme lunger og et uutviklet immunsystem, noe som gj\u00f8r dem ekstra utsatt for luftforurensning. AL 310FC filtrerer bort skadelige partikler og skaper et tryggere og sunnere milj\u00f8 for hele familien.<br \/>\n<strong>Perfekt for kontorer og arbeidsplasser:<\/strong> D\u00e5rlig luftkvalitet kan p\u00e5virke konsentrasjonen, trivselen og effektiviteten p\u00e5 arbeidsplassen. Ved \u00e5 bruke AL 310FC f\u00e5r du et optimalt inneklima p\u00e5 kontoret og reduserer risikoen for sykefrav\u00e6r og d\u00e5rlig helse blant de ansatte. <\/p>\n<h3>Intelligent filteroverv\u00e5king for optimal ytelse<\/h3>\n<p>I motsetning til mange andre luftrensere er Wood&#8217;s AL 310FC utstyrt med en innebygd filterkontroll, noe som betyr at den automatisk skanner filteret og minner deg p\u00e5 n\u00e5r det er p\u00e5 tide \u00e5 skifte ut filteret fordi det er for skittent. Det betyr at du aldri trenger \u00e5 bekymre deg for om filteret fortsatt fungerer som det skal, og AL 310FC s\u00f8rger for at du alltid puster inn ren luft. <\/p>\n<h3>Hvordan fungerer en Wood&#8217;s luftrenser?<\/h3>\n<p>En Wood&#8217;s luftrenser bruker avansert ioniseringsteknologi og h\u00f8ytytende HEPA-filtre for effektivt \u00e5 rense luften for skadelige partikler som pollen, st\u00f8v og allergener.<\/p>\n<p><img loading=\"lazy\" decoding=\"async\" class=\"alignnone wp-image-40680 size-medium\" src=\"https:\/\/woods.se\/wp-content\/uploads\/2024\/12\/illustration-400px-249x300.jpeg\" alt=\"\" width=\"249\" height=\"300\" srcset=\"https:\/\/woods.se\/wp-content\/uploads\/2024\/12\/illustration-400px-249x300.jpeg 249w, https:\/\/woods.se\/wp-content\/uploads\/2024\/12\/illustration-400px-374x450.jpeg 374w, https:\/\/woods.se\/wp-content\/uploads\/2024\/12\/illustration-400px.jpeg 400w\" sizes=\"auto, (max-width: 249px) 100vw, 249px\" \/><\/p>\n<h4><strong>Ionisering<\/strong> gj\u00f8r det lettere \u00e5 fange opp partikler<\/h4>\n<p>&#8211; Luften suges inn gjennom en stilleg\u00e5ende og energieffektiv vifte.<br \/>\n&#8211; Luftpartiklene f\u00e5r en svak positiv ladning, noe som f\u00f8rer til at de klumper seg sammen og trekkes mot filteret som en magnet, ettersom det er negativt ladet.<\/p>\n<p><img loading=\"lazy\" decoding=\"async\" class=\"alignnone wp-image-40687 size-medium\" src=\"https:\/\/woods.se\/wp-content\/uploads\/2024\/12\/activeionhepa_400px2-300x300.jpeg\" alt=\"\" width=\"300\" height=\"300\" srcset=\"https:\/\/woods.se\/wp-content\/uploads\/2024\/12\/activeionhepa_400px2-300x300.jpeg 300w, https:\/\/woods.se\/wp-content\/uploads\/2024\/12\/activeionhepa_400px2-150x150.jpeg 150w, https:\/\/woods.se\/wp-content\/uploads\/2024\/12\/activeionhepa_400px2-100x100.jpeg 100w, https:\/\/woods.se\/wp-content\/uploads\/2024\/12\/activeionhepa_400px2.jpeg 400w\" sizes=\"auto, (max-width: 300px) 100vw, 300px\" \/><\/p>\n<h4>Patentert og svenskprodusert Active ION HEPA-filter<\/h4>\n<p>&#8211; Takket v\u00e6re den patenterte teknologien kan Active ION HEPA-filtre v\u00e6re mindre tette enn tradisjonelle HEPA-filtre og likevel oppn\u00e5 samme h\u00f8ye renseniv\u00e5.<br \/>\n&#8211; Filteret er konstruert av mange lag med plisserte filtermedier. Dette gir et sv\u00e6rt stort totalt filterareal og eksepsjonell filtreringskapasitet.<br \/>\n&#8211; Denne teknologien sikrer at all luft blir renset, uten risiko for at ufiltrert luft slipper gjennom.<\/p>\n<h3>H\u00f8y CADR og energieffektiv luftrensing<\/h3>\n<p>AL 310 FC kombinerer h\u00f8y ytelse med energieffektivitet for \u00e5 skape et sunnere innemilj\u00f8. Med en CADR (Clean Air Delivery Rate) p\u00e5 274 m\u00b3\/t for pollen filtrerer den raskt og effektivt ut luftb\u00e5rne partikler. Dette gj\u00f8r den til et utmerket valg for allergikere og f\u00f8lsomme personer som trenger ren luft hele \u00e5ret.<br \/>\nMed en CADR\/Watt p\u00e5 13,0 gir AL 310 FC maksimal luftrensing per watt energiforbruk. Den h\u00f8ye kapasiteten og det lave energiforbruket gj\u00f8r den b\u00e5de kostnadseffektiv og milj\u00f8vennlig.   <\/p>\n<p><img loading=\"lazy\" decoding=\"async\" class=\"alignnone wp-image-40673 size-medium\" src=\"https:\/\/woods.se\/wp-content\/uploads\/2024\/12\/aham-intertek-300x120.jpeg\" alt=\"\" width=\"300\" height=\"120\" srcset=\"https:\/\/woods.se\/wp-content\/uploads\/2024\/12\/aham-intertek-300x120.jpeg 300w, https:\/\/woods.se\/wp-content\/uploads\/2024\/12\/aham-intertek-1024x410.jpeg 1024w, https:\/\/woods.se\/wp-content\/uploads\/2024\/12\/aham-intertek-768x307.jpeg 768w, https:\/\/woods.se\/wp-content\/uploads\/2024\/12\/aham-intertek-500x200.jpeg 500w, https:\/\/woods.se\/wp-content\/uploads\/2024\/12\/aham-intertek-1400x560.jpeg 1400w, https:\/\/woods.se\/wp-content\/uploads\/2024\/12\/aham-intertek-700x280.jpeg 700w, https:\/\/woods.se\/wp-content\/uploads\/2024\/12\/aham-intertek-600x240.jpeg 600w, https:\/\/woods.se\/wp-content\/uploads\/2024\/12\/aham-intertek.jpeg 1417w\" sizes=\"auto, (max-width: 300px) 100vw, 300px\" \/><\/p>\n<h3>Luftrensere fjerner r\u00f8yk, gasser og lukt ved hjelp av et ekstra karbonfilter<\/h3>\n<p>D\u00e5rlig inneluftkvalitet kan skyldes eksos, sigarettr\u00f8yk og matos, noe som kan p\u00e5virke helsen og trivselen din hjemme. For de som \u00f8nsker \u00e5 eliminere r\u00f8yk, gasser og u\u00f8nsket lukt, er Wood&#8217;s Chem Control Carbon-filter tilgjengelig som tilvalg. Dette h\u00f8ykvalitets karbonfilteret absorberer luftforurensende stoffer og skaper et enda renere innemilj\u00f8. Disse filtrene er tilgjengelige for v\u00e5re luftrensere ELFI 300, AL 310 og GRAN 900.   <\/p>\n<h3>Registrer luftrenseren din og f\u00e5 utvidet garanti<\/h3>\n<p>Registrer luftrenseren p\u00e5 <a href=\"https:\/\/warranty-woods.com\">warranty-woods.com<\/a> og bytt filteret n\u00e5r AL 310FC minner deg p\u00e5 det (ca. hver sjette m\u00e5ned) for \u00e5 f\u00e5 den lengste garantien p\u00e5 markedet: 10 \u00e5r.<\/p>\n<p>Med Wood&#8217;s AL 310FC f\u00e5r du en kraftig, stilig og energieffektiv luftrenser som forbedrer livskvaliteten din. Enten du lider av allergi, har sm\u00e5 barn eller \u00f8nsker et sunnere arbeidsmilj\u00f8, er dette den ultimate l\u00f8sningen for renere luft, hver dag. <\/p>\n","protected":false},"excerpt":{"rendered":"<p>D\u00e5rlig inneluftkvalitet kan v\u00e6re et skjult problem som p\u00e5virker b\u00e5de helse og velv\u00e6re. Pollen, st\u00f8v og andre luftforurensende stoffer kan for\u00e5rsake allergiske reaksjoner, tretthet og konsentrasjonsvansker. Med Wood&#8217;s AL 310FC f\u00e5r du en luftrenser som raskt og effektivt fjerner pollen og st\u00f8v, noe som gj\u00f8r den perfekt for allergikere og arbeidsmilj\u00f8er der ren luft er avgj\u00f8rende. Wood&#8217;s AL 310FC ble k\u00e5ret til best i test i 2025. Den er svenskprodusert, utstyrt med automatisk filterkontroll og har en garanti p\u00e5 opptil 10 \u00e5r.    <\/p>\n","protected":false},"featured_media":39954,"template":"","meta":{"_acf_changed":false},"product_brand":[],"product_cat":[4786,4784,4787,4785,858,2638],"product_tag":[891,899,3014,3016,3013,3015,889,898],"class_list":{"0":"post-42641","1":"product","2":"type-product","3":"status-publish","4":"has-post-thumbnail","6":"product_cat-for-barnerom","7":"product_cat-for-kontorer","8":"product_cat-for-soverom","9":"product_cat-for-stuer","10":"product_cat-luftrensere-no","11":"product_cat-villaagarna-no","12":"product_tag-barnerom","13":"product_tag-kontoret","14":"product_tag-luftrensere-for-barnerom","15":"product_tag-luftrensere-for-kontor","16":"product_tag-luftrensere-for-soverom","17":"product_tag-luftrensere-for-stuer","18":"product_tag-soverom","19":"product_tag-stue","20":"product_shipping_class-sweden-high","21":"splide__slide","23":"first","24":"instock","25":"taxable","26":"shipping-taxable","27":"purchasable","28":"product-type-simple"},"acf":[],"_links":{"self":[{"href":"https:\/\/woods.se\/no\/wp-json\/wp\/v2\/product\/42641","targetHints":{"allow":["GET"]}}],"collection":[{"href":"https:\/\/woods.se\/no\/wp-json\/wp\/v2\/product"}],"about":[{"href":"https:\/\/woods.se\/no\/wp-json\/wp\/v2\/types\/product"}],"wp:featuredmedia":[{"embeddable":true,"href":"https:\/\/woods.se\/no\/wp-json\/wp\/v2\/media\/39954"}],"wp:attachment":[{"href":"https:\/\/woods.se\/no\/wp-json\/wp\/v2\/media?parent=42641"}],"wp:term":[{"taxonomy":"product_brand","embeddable":true,"href":"https:\/\/woods.se\/no\/wp-json\/wp\/v2\/product_brand?post=42641"},{"taxonomy":"product_cat","embeddable":true,"href":"https:\/\/woods.se\/no\/wp-json\/wp\/v2\/product_cat?post=42641"},{"taxonomy":"product_tag","embeddable":true,"href":"https:\/\/woods.se\/no\/wp-json\/wp\/v2\/product_tag?post=42641"}],"curies":[{"name":"wp","href":"https:\/\/api.w.org\/{rel}","templated":true}]}}