{"id":42640,"date":"2024-12-10T15:03:27","date_gmt":"2024-12-10T14:03:27","guid":{"rendered":"https:\/\/stage.woods.se\/?post_type=product&#038;p=42640"},"modified":"2026-04-21T14:38:45","modified_gmt":"2026-04-21T12:38:45","slug":"woods-al310","status":"publish","type":"product","link":"https:\/\/woods.se\/no\/produkter\/luftrensere-no\/for-stuer\/woods-al310\/","title":{"rendered":"Wood&#8217;s AL310"},"content":{"rendered":"<h2>Wood&#8217;s AL 310<\/h2>\n<h3>K\u00e5ret til den beste luftrenseren i 2025<\/h3>\n<p>Wood&#8217;s AL 310 er ikke bare en luftrenser, det er en l\u00f8sning for et sunnere innemilj\u00f8. Den er perfekt for deg som lider av allergi og astma eller bare \u00f8nsker \u00e5 puste inn renere luft. Denne modellen har blitt k\u00e5ret til best i test av RISE p\u00e5 vegne av Villalivet, og fikk h\u00f8yeste poengsum i kategoriene best rensekapasitet, lavt energiforbruk og stilleg\u00e5ende drift. AL 310 renser luften i hjemmet ditt raskt og stilleg\u00e5ende uten at det p\u00e5virker str\u00f8mregningen. Det patenterte HEPA-filteret bidrar til en rensegrad p\u00e5 99,97 % og fjerner effektivt partikler som pollen, st\u00f8v, muggsporer og andre allergener.    <\/p>\n<h3>N\u00e5r trenger du en luftrenser?<\/h3>\n<p>Luften i hjemmene v\u00e5re er ofte mye mer forurenset enn luften utenfor. Dette skyldes at vi tar med oss luftb\u00e5rne partikler som pollen, eksos og st\u00f8v inn i boligen, hvor de s\u00e5 sirkulerer. Med tanke p\u00e5 at de fleste mennesker tilbringer 90 % av tiden sin innend\u00f8rs, p\u00e5virkes velv\u00e6ret v\u00e5rt av inneluften, noe som betyr at alle virkelig trenger en luftrenser i hjemmet sitt.  <\/p>\n<h3>Anbefalte bruksomr\u00e5der:<\/h3>\n<p><strong>Luftrensere reduserer pollenallergi og gir lindring d\u00f8gnet rundt: <\/strong>Pollenallergi kan gj\u00f8re hverdagen vanskelig, spesielt innend\u00f8rs hvor luftb\u00e5rne allergener akkumuleres og forverrer symptomene. Wood&#8217;s AL 310 fanger effektivt opp pollen og andre allergener og skaper en partikkelfri sone i hjemmet ditt. Ved \u00e5 bruke en luftrenser p\u00e5 soverommet eller p\u00e5 steder der vi oppholder oss mesteparten av tiden, f\u00e5r kroppen tid til \u00e5 restituere seg, noe som lindrer allergiske symptomer p\u00e5 kort sikt og forsinker dem dagen etter.<strong><br \/>\nDen perfekte luftrenseren for kontorer og arbeidsplasser<\/strong>: D\u00e5rlig luftkvalitet kan p\u00e5virke konsentrasjonen og redusere effektiviteten med opptil 15 % p\u00e5 arbeidsplasser. Ved \u00e5 bruke en luftrenser p\u00e5 kontoret reduserer du risikoen for hodepine, tretthet og sykefrav\u00e6r ved \u00e5 filtrere ut st\u00f8v, pollen og andre skadelige luftforurensende stoffer.<br \/>\n<strong>En luftrenser beskytter barns f\u00f8lsomme luftveier:<\/strong> Barn har mer f\u00f8lsomme lunger og et uutviklet immunsystem, noe som gj\u00f8r dem mer mottakelige for skadelige partikler. For barnefamilier kan en luftrenser som Wood&#8217;s AL 310 gj\u00f8re en stor forskjell ved \u00e5 eliminere skadelige luftb\u00e5rne partikler. <\/p>\n<h3>Hvordan fungerer en Wood&#8217;s luftrenser?<\/h3>\n<p>En Wood&#8217;s luftrenser bruker avansert ioniseringsteknologi og h\u00f8ytytende HEPA-filtre for effektivt \u00e5 rense luften for skadelige partikler som pollen, st\u00f8v og allergener.<\/p>\n<p><img loading=\"lazy\" decoding=\"async\" class=\"alignnone wp-image-40680 size-medium\" src=\"https:\/\/woods.se\/wp-content\/uploads\/2024\/12\/illustration-400px-249x300.jpeg\" alt=\"\" width=\"249\" height=\"300\" srcset=\"https:\/\/woods.se\/wp-content\/uploads\/2024\/12\/illustration-400px-249x300.jpeg 249w, https:\/\/woods.se\/wp-content\/uploads\/2024\/12\/illustration-400px-374x450.jpeg 374w, https:\/\/woods.se\/wp-content\/uploads\/2024\/12\/illustration-400px.jpeg 400w\" sizes=\"auto, (max-width: 249px) 100vw, 249px\" \/><\/p>\n<h3><strong>Ionisering gj\u00f8r det lettere \u00e5 fange opp partikler<\/strong><\/h3>\n<p>&#8211; Luften suges inn gjennom en stilleg\u00e5ende og energieffektiv vifte.<br \/>\n&#8211; Luftpartiklene f\u00e5r en svak positiv ladning, noe som f\u00f8rer til at de klumper seg sammen og trekkes mot filteret som en magnet, ettersom det er negativt ladet.<\/p>\n<p><img loading=\"lazy\" decoding=\"async\" class=\"alignnone wp-image-40687 size-medium\" src=\"https:\/\/woods.se\/wp-content\/uploads\/2024\/12\/activeionhepa_400px2-300x300.jpeg\" alt=\"\" width=\"300\" height=\"300\" srcset=\"https:\/\/woods.se\/wp-content\/uploads\/2024\/12\/activeionhepa_400px2-300x300.jpeg 300w, https:\/\/woods.se\/wp-content\/uploads\/2024\/12\/activeionhepa_400px2-150x150.jpeg 150w, https:\/\/woods.se\/wp-content\/uploads\/2024\/12\/activeionhepa_400px2-100x100.jpeg 100w, https:\/\/woods.se\/wp-content\/uploads\/2024\/12\/activeionhepa_400px2.jpeg 400w\" sizes=\"auto, (max-width: 300px) 100vw, 300px\" \/><\/p>\n<h3><strong>Patentert og svenskprodusert Active ION HEPA-filter<\/strong><\/h3>\n<p>&#8211; Takket v\u00e6re den patenterte teknologien kan Active ION HEPA-filtre v\u00e6re mindre tette enn tradisjonelle HEPA-filtre og likevel oppn\u00e5 samme h\u00f8ye renseniv\u00e5.<br \/>\n&#8211; Filteret er konstruert av mange lag med plisserte filtermedier. Dette gir et sv\u00e6rt stort totalt filterareal og eksepsjonell filtreringskapasitet.<br \/>\n&#8211; Denne teknologien sikrer at all luft blir renset, uten risiko for at ufiltrert luft slipper gjennom.<\/p>\n<h3>Wood&#8217;s AL 310 fjerner raskt og effektivt pollenpartikler<\/h3>\n<p>Wood&#8217;s AL 310 kombinerer h\u00f8y ytelse med energieffektivitet for \u00e5 gi deg renere luft p\u00e5 en smart og b\u00e6rekraftig m\u00e5te. Wood&#8217;s AL 310 har en Clean Air Delivery Rate (CADR) p\u00e5 274 m\u00b3\/t for pollen, noe som betyr at den effektivt renser 274 kubikkmeter luft i timen for pollenpartikler, noe som er en stor fordel for allergikere.<br \/>\nI tillegg til den kraftige rensingen er AL 310 ogs\u00e5 energieffektiv med en CADR\/Watt p\u00e5 13,0, noe som betyr at du f\u00e5r maksimalt med ren luft per watt energi som forbrukes. Dette gj\u00f8r den til et smart valg for b\u00e5de milj\u00f8et og lommeboken. Kombinasjonen av h\u00f8y rensekapasitet og lavt energiforbruk gj\u00f8r AL 310 til en optimal luftrenser for allergikere, barnefamilier og alle som \u00f8nsker et sunnere innemilj\u00f8.   <\/p>\n<p><img loading=\"lazy\" decoding=\"async\" class=\"alignnone wp-image-40673 size-medium\" src=\"https:\/\/woods.se\/wp-content\/uploads\/2024\/12\/aham-intertek-300x120.jpeg\" alt=\"\" width=\"300\" height=\"120\" srcset=\"https:\/\/woods.se\/wp-content\/uploads\/2024\/12\/aham-intertek-300x120.jpeg 300w, https:\/\/woods.se\/wp-content\/uploads\/2024\/12\/aham-intertek-1024x410.jpeg 1024w, https:\/\/woods.se\/wp-content\/uploads\/2024\/12\/aham-intertek-768x307.jpeg 768w, https:\/\/woods.se\/wp-content\/uploads\/2024\/12\/aham-intertek-500x200.jpeg 500w, https:\/\/woods.se\/wp-content\/uploads\/2024\/12\/aham-intertek-1400x560.jpeg 1400w, https:\/\/woods.se\/wp-content\/uploads\/2024\/12\/aham-intertek-700x280.jpeg 700w, https:\/\/woods.se\/wp-content\/uploads\/2024\/12\/aham-intertek-600x240.jpeg 600w, https:\/\/woods.se\/wp-content\/uploads\/2024\/12\/aham-intertek.jpeg 1417w\" sizes=\"auto, (max-width: 300px) 100vw, 300px\" \/><\/p>\n<h3>Luftrensere fjerner avgasser, r\u00f8yk og lukt med et ekstra karbonfilter<\/h3>\n<p>Eksos, sigarettr\u00f8yk og matos er vanlige problemer som p\u00e5virker inneluften. For \u00e5 effektivt filtrere ut gasser, lukt og kjemiske forurensninger, m\u00e5 du legge til et kullfilter i luftrenseren. Wood&#8217;s Chem Control Carbon-filter, som passer til ELFI 300, AL 310 og GRAN 900, har h\u00f8y karbontetthet for maksimal effekt og lang holdbarhet.  <\/p>\n<h3>Registrer luftrenseren din og f\u00e5 utvidet garanti<\/h3>\n<p>Ved \u00e5 registrere produktet ditt p\u00e5 <a href=\"https:\/\/warranty-woods.com\">warranty-woods.com<\/a> og bytte filteret hver sjette m\u00e5ned, f\u00e5r du markedets lengste garanti p\u00e5 10 \u00e5r. N\u00e5r du registrerer deg, vil du ogs\u00e5 motta p\u00e5minnelser n\u00e5r det er p\u00e5 tide \u00e5 bytte filter. Ved \u00e5 bytte filter regelmessig forlenger du luftrenserens levetid og s\u00f8rger for at dens rensekapasitet forblir p\u00e5 h\u00f8yeste niv\u00e5. St\u00f8vsug aldri filteret, da dette vil spre muggsporer og andre skadelige partikler tilbake i rommet.   <\/p>\n<p>Med Wood&#8217;s AL 310 f\u00e5r du en kraftig, stilig og energieffektiv luftrenser som forbedrer livskvaliteten din. Enten du har allergier, sm\u00e5 barn eller \u00f8nsker et sunnere arbeidsmilj\u00f8, er dette den ultimate l\u00f8sningen for renere luft, hver dag. <\/p>\n<p>Hvis du vil ha en modell som automatisk varsler deg n\u00e5r det er p\u00e5 tide \u00e5 skifte filter, b\u00f8r du sjekke ut <a href=\"https:\/\/woods.se\/no\/produkter\/luftrensere-no\/for-stuer\/woods-al-310fc\/\">Wood&#8217;s AL 310FC<\/a>.<\/p>\n","protected":false},"excerpt":{"rendered":"<p>D\u00e5rlig inneluftkvalitet er et usynlig problem som p\u00e5virker helsen negativt. Pollen, st\u00f8v og luftforurensning kan for\u00e5rsake allergier, tretthet og konsentrasjonsvansker. Wood&#8217;s AL 310 fjerner raskt og effektivt pollen og st\u00f8v, noe som gj\u00f8r den ideell for allergikere og kontorer som trenger et sunt innemilj\u00f8. Wood&#8217;s AL 310 vant 2025-testen takket v\u00e6re den h\u00f8ye rensegraden (99,97 %), energieffektiviteten og den stilleg\u00e5ende driften. Wood&#8217;s AL 310 er produsert i Sverige og leveres med en garanti p\u00e5 opptil 10 \u00e5r.    <\/p>\n","protected":false},"featured_media":39954,"template":"","meta":{"_acf_changed":false},"product_brand":[],"product_cat":[4786,4784,4787,4785,858,2638],"product_tag":[891,899,3014,3016,3013,3015,889,898],"class_list":{"0":"post-42640","1":"product","2":"type-product","3":"status-publish","4":"has-post-thumbnail","6":"product_cat-for-barnerom","7":"product_cat-for-kontorer","8":"product_cat-for-soverom","9":"product_cat-for-stuer","10":"product_cat-luftrensere-no","11":"product_cat-villaagarna-no","12":"product_tag-barnerom","13":"product_tag-kontoret","14":"product_tag-luftrensere-for-barnerom","15":"product_tag-luftrensere-for-kontor","16":"product_tag-luftrensere-for-soverom","17":"product_tag-luftrensere-for-stuer","18":"product_tag-soverom","19":"product_tag-stue","20":"product_shipping_class-al-310","21":"splide__slide","23":"first","24":"instock","25":"taxable","26":"shipping-taxable","27":"purchasable","28":"product-type-simple"},"acf":[],"_links":{"self":[{"href":"https:\/\/woods.se\/no\/wp-json\/wp\/v2\/product\/42640","targetHints":{"allow":["GET"]}}],"collection":[{"href":"https:\/\/woods.se\/no\/wp-json\/wp\/v2\/product"}],"about":[{"href":"https:\/\/woods.se\/no\/wp-json\/wp\/v2\/types\/product"}],"wp:featuredmedia":[{"embeddable":true,"href":"https:\/\/woods.se\/no\/wp-json\/wp\/v2\/media\/39954"}],"wp:attachment":[{"href":"https:\/\/woods.se\/no\/wp-json\/wp\/v2\/media?parent=42640"}],"wp:term":[{"taxonomy":"product_brand","embeddable":true,"href":"https:\/\/woods.se\/no\/wp-json\/wp\/v2\/product_brand?post=42640"},{"taxonomy":"product_cat","embeddable":true,"href":"https:\/\/woods.se\/no\/wp-json\/wp\/v2\/product_cat?post=42640"},{"taxonomy":"product_tag","embeddable":true,"href":"https:\/\/woods.se\/no\/wp-json\/wp\/v2\/product_tag?post=42640"}],"curies":[{"name":"wp","href":"https:\/\/api.w.org\/{rel}","templated":true}]}}