{"id":42639,"date":"2024-12-10T15:02:04","date_gmt":"2024-12-10T14:02:04","guid":{"rendered":"https:\/\/stage.woods.se\/?post_type=product&#038;p=42639"},"modified":"2025-09-01T11:38:33","modified_gmt":"2025-09-01T09:38:33","slug":"woods-gran-900","status":"publish","type":"product","link":"https:\/\/woods.se\/no\/produkter\/luftrensere-no\/for-stuer\/woods-gran-900\/","title":{"rendered":"Wood&#8217;s Gran 900"},"content":{"rendered":"<h2>Wood&#8217;s Gran 900<\/h2>\n<h3>Kraftig luftrenser for kontorer og st\u00f8rre rom<\/h3>\n<p>I store rom som kontorer og \u00e5pne kontorlandskap kan d\u00e5rlig luftkvalitet f\u00f8re til tretthet, hodepine og redusert konsentrasjonsevne. St\u00f8v, pollen og andre luftforurensende stoffer sirkulerer og har en negativ innvirkning p\u00e5 b\u00e5de trivsel og arbeidsmilj\u00f8.<br \/>\nWood&#8217;s GRAN 900 er en av de kraftigste luftrenserne p\u00e5 markedet, utviklet for \u00e5 rense luften i st\u00f8rre rom p\u00e5 en effektiv m\u00e5te. Med en imponerende luftstr\u00f8m p\u00e5 900 m\u00b3\/t og doble Active ION HEPA-filtre fanger den opp 99,98 % av alle skadelige partikler, noe som skaper et renere og sunnere arbeidsmilj\u00f8. Til tross for den kraftige ytelsen er den stilleg\u00e5ende med et st\u00f8yniv\u00e5 p\u00e5 bare 35 dB, noe som er perfekt for kontorer der b\u00e5de fokus og trivsel er viktig.<\/p>\n<h3>Hvorfor trenger du en luftrenser?<\/h3>\n<p>Luften vi puster inn innend\u00f8rs, b\u00e5de hjemme og p\u00e5 kontoret, er ofte betydelig mer forurenset enn luften utenfor. Partikler som pollen, eksos og st\u00f8v f\u00f8lger med oss inn og fortsetter \u00e5 sirkulere i luften vi puster inn. Siden vi tilbringer rundt 90 % av tiden v\u00e5r innend\u00f8rs, p\u00e5virkes helsen og velv\u00e6ret v\u00e5rt direkte av luftkvaliteten. Enten det er p\u00e5 arbeidsplassen eller hjemme, kan en luftrenser gj\u00f8re en stor forskjell ved \u00e5 skape renere og sunnere inneluft for alle.<\/p>\n<h3>Anbefalte bruksomr\u00e5der:<\/h3>\n<p><strong>Den perfekte luftrenser for kontorer og arbeidsplasser:<\/strong> D\u00e5rlig luftkvalitet p\u00e5 arbeidsplassen kan redusere produktiviteten med opptil 15 % og \u00f8ke sykefrav\u00e6ret. GRAN 900 bidrar til \u00e5 rense luften for virus, st\u00f8v og forurensende stoffer, slik at du og dine ansatte kan arbeide i et friskere og sunnere milj\u00f8.<br \/>\n<strong>Luftrensere lindrer allergi og astma:<\/strong> Wood&#8217;s GRAN 900 er den kraftigste luftrenseren p\u00e5 markedet, perfekt for \u00e5 rense luften i st\u00f8rre rom. Inneluften er ofte d\u00e5rligere enn uteluften, noe som kan forverre allergier og astma. GRAN 900 renser luften effektivt ved \u00e5 fange opp allergener som pollen, st\u00f8v og andre partikler, noe som skaper et friskere og sunnere milj\u00f8. Ved \u00e5 plassere en luftrenser p\u00e5 steder der vi oppholder oss mye, f\u00e5r kroppen mulighet til \u00e5 restituere seg. Dette kan redusere allergiske symptomer b\u00e5de umiddelbart og p\u00e5 lang sikt, noe som bidrar til \u00f8kt velv\u00e6re.<\/p>\n<h3>Hvordan fungerer en Wood&#8217;s luftrenser?<\/h3>\n<p>Wood&#8217;s Gran 900 er utstyrt med doble Active ION HEPA-filtre og har en rensegrad p\u00e5 99,98 %. Woods patenterte og svenskproduserte Active ION HEPA-filter er utviklet for effektivt \u00e5 fange opp mikroskopiske partikler som st\u00f8v, pollen og allergener. Filteret er mindre tett enn tradisjonelle HEPA-filtre, noe som muliggj\u00f8r mer stilleg\u00e5ende drift og mer effektiv rensing uten at det g\u00e5r p\u00e5 bekostning av renseeffektiviteten.<\/p>\n<h4><strong>Ionisering gj\u00f8r det lettere \u00e5 fange opp partikler<\/strong><\/h4>\n<p>&#8211; Luften suges inn gjennom en stilleg\u00e5ende og energieffektiv vifte.<br \/>\n&#8211; Luftpartiklene f\u00e5r en svak positiv ladning, noe som f\u00f8rer til at de klumper seg sammen og trekkes mot filteret som en magnet, ettersom det er negativt ladet.<\/p>\n<p><img loading=\"lazy\" decoding=\"async\" class=\"alignnone wp-image-40687 size-medium\" src=\"https:\/\/woods.se\/wp-content\/uploads\/2024\/12\/activeionhepa_400px2-300x300.jpeg\" alt=\"\" width=\"300\" height=\"300\" srcset=\"https:\/\/woods.se\/wp-content\/uploads\/2024\/12\/activeionhepa_400px2-300x300.jpeg 300w, https:\/\/woods.se\/wp-content\/uploads\/2024\/12\/activeionhepa_400px2-150x150.jpeg 150w, https:\/\/woods.se\/wp-content\/uploads\/2024\/12\/activeionhepa_400px2-100x100.jpeg 100w, https:\/\/woods.se\/wp-content\/uploads\/2024\/12\/activeionhepa_400px2.jpeg 400w\" sizes=\"auto, (max-width: 300px) 100vw, 300px\" \/><\/p>\n<h4><strong>Patentert og svenskprodusert Active ION HEPA-filter<\/strong><\/h4>\n<p>&#8211; Takket v\u00e6re den patenterte teknologien kan Active ION HEPA-filtre v\u00e6re mindre tette enn tradisjonelle HEPA-filtre og likevel oppn\u00e5 samme h\u00f8ye renseniv\u00e5.<br \/>\n&#8211; Filteret er konstruert av mange lag med plisserte filtermedier. Dette gir et sv\u00e6rt stort totalt filterareal og en eksepsjonell filtreringskapasitet.<br \/>\nDenne teknologien sikrer at all luft blir renset, uten risiko for at ufiltrert luft slipper gjennom.<\/p>\n<h3>Wood&#8217;s Gran 900 har ekstremt energieffektiv rensing<\/h3>\n<p>Woods GRAN 900 har en imponerende CADR p\u00e5 588 m\u00b3\/t, noe som gj\u00f8r den til en av de kraftigste luftrenserne p\u00e5 markedet. Med denne kapasiteten renser den raskt og effektivt luften i store rom, noe som gj\u00f8r den ideell for kontorer og \u00e5pne planl\u00f8sninger. Til tross for den h\u00f8ye ytelsen er den energieffektiv med en CADR\/Watt p\u00e5 7,9, noe som betyr at du f\u00e5r maksimal rensing uten un\u00f8dvendig str\u00f8mforbruk.<\/p>\n<p><img loading=\"lazy\" decoding=\"async\" class=\"alignnone wp-image-40673 size-medium\" src=\"https:\/\/woods.se\/wp-content\/uploads\/2024\/12\/aham-intertek-300x120.jpeg\" alt=\"\" width=\"300\" height=\"120\" srcset=\"https:\/\/woods.se\/wp-content\/uploads\/2024\/12\/aham-intertek-300x120.jpeg 300w, https:\/\/woods.se\/wp-content\/uploads\/2024\/12\/aham-intertek-1024x410.jpeg 1024w, https:\/\/woods.se\/wp-content\/uploads\/2024\/12\/aham-intertek-768x307.jpeg 768w, https:\/\/woods.se\/wp-content\/uploads\/2024\/12\/aham-intertek-500x200.jpeg 500w, https:\/\/woods.se\/wp-content\/uploads\/2024\/12\/aham-intertek-1400x560.jpeg 1400w, https:\/\/woods.se\/wp-content\/uploads\/2024\/12\/aham-intertek-700x280.jpeg 700w, https:\/\/woods.se\/wp-content\/uploads\/2024\/12\/aham-intertek-600x240.jpeg 600w, https:\/\/woods.se\/wp-content\/uploads\/2024\/12\/aham-intertek.jpeg 1417w\" sizes=\"auto, (max-width: 300px) 100vw, 300px\" \/><\/p>\n<h3>D\u00e5rlig luftkvalitet p\u00e5 kontorer og i store rom &#8211; gasser og lukt p\u00e5virker helsen<\/h3>\n<p>P\u00e5 kontorer og i st\u00f8rre lokaler kan luftkvaliteten forringes av avgasser, kjemikalier og ubehagelig lukt fra for eksempel matlaging, rengj\u00f8ringsprodukter og elektronikk. Disse partiklene kan for\u00e5rsake irritasjon i luftveiene, hodepine og redusert konsentrasjonsevne.<br \/>\nFor \u00e5 fjerne skadelige gasser og u\u00f8nsket lukt p\u00e5 en effektiv m\u00e5te kan Wood&#8217;s GRAN 900 utstyres med et Wood&#8217;s Chem Control Carbon-filter. Dette h\u00f8ykvalitets karbonfilteret n\u00f8ytraliserer r\u00f8yk, kjemiske damper og andre luftb\u00e5rne forurensninger, noe som gj\u00f8r arbeidsmilj\u00f8et sunnere og mer behagelig. Filteret er et tilleggsprodukt og kj\u00f8pes separat for \u00e5 tilpasse luftrenseren til dine spesifikke behov.<\/p>\n<h3>Energieffektiv og stilleg\u00e5ende &#8211; bruker mindre str\u00f8m enn en lysp\u00e6re<\/h3>\n<p>Til tross for sin ekstreme kapasitet er Wood&#8217;s GRAN 900 en energieffektiv luftrenser. Den kan g\u00e5 d\u00f8gnet rundt uten at det p\u00e5virker str\u00f8mregningen din nevneverdig. I l\u00f8pet av et helt \u00e5r bruker den mellom 24 og 80 W, noe som kan sammenlignes med en LED-lampe. I tillegg er st\u00f8yniv\u00e5et bare 35 dB, noe som gj\u00f8r den diskret og behagelig \u00e5 ha i rommet.<\/p>\n<h3>En investering i helse og milj\u00f8<\/h3>\n<p>Wood&#8217;s GRAN 900 er utviklet og produsert i Sverige med fokus p\u00e5 h\u00f8yeste kvalitet og lang levetid. Ved \u00e5 registrere produktet ditt p\u00e5 <a href=\"https:\/\/warranty-woods.com\">warranty-woods.com<\/a> og bytte filter regelmessig, f\u00e5r du markedets lengste garanti p\u00e5 10 \u00e5r.<\/p>\n<h3>Invester i ren luft i dag!<\/h3>\n<p>Med Woods GRAN 900 f\u00e5r du en av de kraftigste og mest energieffektive luftrenserne p\u00e5 markedet. Perfekt for kontorer, arbeidsplasser og st\u00f8rre rom der du \u00f8nsker renere luft og et sunnere milj\u00f8.<\/p>\n<p><iframe loading=\"lazy\" title=\"Instruction video - Wood&#039;s GRAN900 (English)\" width=\"500\" height=\"281\" src=\"https:\/\/www.youtube.com\/embed\/kqAIkvdzskY?feature=oembed\" frameborder=\"0\" allow=\"accelerometer; autoplay; clipboard-write; encrypted-media; gyroscope; picture-in-picture; web-share\" referrerpolicy=\"strict-origin-when-cross-origin\" allowfullscreen><\/iframe><\/p>\n","protected":false},"excerpt":{"rendered":"<p>St\u00f8v, pollen og andre skadelige partikler akkumuleres innend\u00f8rs, og d\u00e5rlig inneluftkvalitet kan f\u00f8re til helseproblemer som allergi, tretthet og redusert konsentrasjonsevne.<br \/>\nWood&#8217;s GRAN 900 er en av de kraftigste luftrenserne p\u00e5 markedet, og er utviklet for \u00e5 skape et sunt inneklima i store rom. Med en luftstr\u00f8m p\u00e5 900 m\u00b3\/t og doble Active ION HEPA-filtre har den en renseeffektivitet p\u00e5 99,98 %. Den har lavt energiforbruk, er stilleg\u00e5ende og er produsert i Sverige med opptil 10 \u00e5rs garanti.<\/p>\n","protected":false},"featured_media":39891,"template":"","meta":{"_acf_changed":false},"product_brand":[],"product_cat":[4784,4785,858,2638],"product_tag":[899,3016,3015,1490,898],"class_list":{"0":"post-42639","1":"product","2":"type-product","3":"status-publish","4":"has-post-thumbnail","6":"product_cat-for-kontorer","7":"product_cat-for-stuer","8":"product_cat-luftrensere-no","9":"product_cat-villaagarna-no","10":"product_tag-kontoret","11":"product_tag-luftrensere-for-kontor","12":"product_tag-luftrensere-for-stuer","13":"product_tag-stue-no","14":"product_tag-stue","15":"product_shipping_class-sweden-high","16":"splide__slide","18":"first","19":"instock","20":"taxable","21":"shipping-taxable","22":"purchasable","23":"product-type-simple"},"acf":[],"_links":{"self":[{"href":"https:\/\/woods.se\/no\/wp-json\/wp\/v2\/product\/42639","targetHints":{"allow":["GET"]}}],"collection":[{"href":"https:\/\/woods.se\/no\/wp-json\/wp\/v2\/product"}],"about":[{"href":"https:\/\/woods.se\/no\/wp-json\/wp\/v2\/types\/product"}],"wp:featuredmedia":[{"embeddable":true,"href":"https:\/\/woods.se\/no\/wp-json\/wp\/v2\/media\/39891"}],"wp:attachment":[{"href":"https:\/\/woods.se\/no\/wp-json\/wp\/v2\/media?parent=42639"}],"wp:term":[{"taxonomy":"product_brand","embeddable":true,"href":"https:\/\/woods.se\/no\/wp-json\/wp\/v2\/product_brand?post=42639"},{"taxonomy":"product_cat","embeddable":true,"href":"https:\/\/woods.se\/no\/wp-json\/wp\/v2\/product_cat?post=42639"},{"taxonomy":"product_tag","embeddable":true,"href":"https:\/\/woods.se\/no\/wp-json\/wp\/v2\/product_tag?post=42639"}],"curies":[{"name":"wp","href":"https:\/\/api.w.org\/{rel}","templated":true}]}}