{"id":42638,"date":"2024-12-10T15:01:22","date_gmt":"2024-12-10T14:01:22","guid":{"rendered":"https:\/\/stage.woods.se\/?post_type=product&#038;p=42638"},"modified":"2025-09-05T15:04:01","modified_gmt":"2025-09-05T13:04:01","slug":"woods-tall-155","status":"publish","type":"product","link":"https:\/\/woods.se\/no\/produkter\/luftrensere-no\/for-soverom\/woods-tall-155\/","title":{"rendered":"Wood&#8217;s TALL 155"},"content":{"rendered":"<h2>Wood&#8217;s TALL 155<\/h2>\n<h3>En diskret og energieffektiv luftrenser<\/h3>\n<p>Pollen, st\u00f8v og andre luftb\u00e5rne partikler kan p\u00e5virke helsen v\u00e5r og s\u00f8vnkvaliteten negativt, og dessverre sirkulerer disse partiklene i hjemmene v\u00e5re hver dag. Wood&#8217;s TALL 155 er en stilleg\u00e5ende, kompakt og energieffektiv luftrenser utstyrt med patenterte Active ION HEPA-filtre som oppn\u00e5r en rensegrad p\u00e5 99,98 %. Tall 155 er den perfekte luftrenseren for pollenallergikere og barnefamilier. F\u00e5 en god natts s\u00f8vn og gi kroppen tid til \u00e5 restituere seg ved \u00e5 plassere Tall 155 p\u00e5 soverommet ditt og p\u00e5 barnas soverom. TALL 155 er designet for \u00e5 ha lavest mulig st\u00f8yniv\u00e5 og minimalt energiforbruk. Den kan g\u00e5 d\u00f8gnet rundt uten \u00e5 forstyrre s\u00f8vnen din eller p\u00e5virke str\u00f8mregningen.<\/p>\n<h3>Hvorfor trenger du en luftrenser?<\/h3>\n<p>Inneluften er omtrent fem ganger mer forurenset enn uteluften, og de fleste av oss tilbringer rundt 90 % av tiden v\u00e5r innend\u00f8rs. Det betyr at vi utsettes for store mengder usynlige partikler som pollen, st\u00f8v, muggsporer og luftforurensning store deler av d\u00f8gnet. Dette p\u00e5virker alles velv\u00e6re. D\u00e5rlig luftkvalitet kan gi symptomer som hodepine, konsentrasjonsvansker, tretthet og tett nese. Dette er noe mange av oss lider av til daglig, men f\u00e5 av oss forbinder det med d\u00e5rlig luftkvalitet.<\/p>\n<h3>Anbefalte bruksomr\u00e5der:<\/h3>\n<p><strong>Lindre pollenallergi og astma med renere luft:<\/strong> Pollen og st\u00f8v kan forverre allergier og astma, spesielt i pollensesongen. Tall 155 skaper en partikkelfri sone ved effektivt \u00e5 filtrere allergener fra luften. Ved \u00e5 plassere luftrenseren p\u00e5 soverommet eller i andre rom der du tilbringer mye tid, f\u00e5r kroppen din en sjanse til \u00e5 restituere seg. Dette kan redusere allergiske symptomer umiddelbart og til og med lindre symptomene dagen etter.<br \/>\n<strong>En luftrenser beskytter barns f\u00f8lsomme luftveier: <\/strong>Sm\u00e5 barn har f\u00f8lsomme lunger og et uutviklet immunsystem, noe som gj\u00f8r dem mer s\u00e5rbare for luftforurensning. Tall 155 filtrerer bort skadelige partikler og skaper et renere og tryggere innemilj\u00f8 for hele familien. Med en luftrenser p\u00e5 soverommet til barnet ditt vil det sove bedre og puste inn ren, partikkelfri luft hele natten.<\/p>\n<h3>Hvordan Tall 155 fungerer, effektiv luftrensing fra Wood&#8217;s<\/h3>\n<p>Tall 155 er utstyrt med avansert ioniseringsteknologi og h\u00f8ytytende HEPA-filtre som effektivt fjerner skadelige partikler som pollen, st\u00f8v og allergener fra luften.<\/p>\n<h4>Ionisering forbedrer filtreringen<\/h4>\n<p>&#8211; Luften suges inn gjennom en stilleg\u00e5ende og energieffektiv vifte.<br \/>\nLuftb\u00e5rne partikler f\u00e5r en svak positiv ladning, noe som f\u00e5r dem til \u00e5 klumpe seg sammen. De oppsamlede partiklene fester seg deretter til filteret, som er negativt ladet og fungerer som en magnet.<\/p>\n<p><img loading=\"lazy\" decoding=\"async\" class=\"alignnone wp-image-40687 size-medium\" src=\"https:\/\/woods.se\/wp-content\/uploads\/2024\/12\/activeionhepa_400px2-300x300.jpeg\" alt=\"\" width=\"300\" height=\"300\" srcset=\"https:\/\/woods.se\/wp-content\/uploads\/2024\/12\/activeionhepa_400px2-300x300.jpeg 300w, https:\/\/woods.se\/wp-content\/uploads\/2024\/12\/activeionhepa_400px2-150x150.jpeg 150w, https:\/\/woods.se\/wp-content\/uploads\/2024\/12\/activeionhepa_400px2-100x100.jpeg 100w, https:\/\/woods.se\/wp-content\/uploads\/2024\/12\/activeionhepa_400px2.jpeg 400w\" sizes=\"auto, (max-width: 300px) 100vw, 300px\" \/><\/p>\n<h4><strong>Aktivt ION HEPA-filter &#8211; svenskprodusert og patentert teknologi<\/strong><\/h4>\n<p>&#8211; Takket v\u00e6re den unike teknologien kan Active ION HEPA-filtre konstrueres mer sparsomt enn tradisjonelle HEPA-filtre, samtidig som de opprettholder det samme h\u00f8ye renseniv\u00e5et.<br \/>\n&#8211; Filteret best\u00e5r av flere lag med plisserte filtermedier, noe som skaper en stor filtreringsoverflate og gir overlegen kapasitet.<br \/>\n&#8211; Den smarte konstruksjonen s\u00f8rger for at all luft som passerer gjennom luftrenseren, filtreres effektivt uten at noe av luften g\u00e5r ufiltrert.<\/p>\n<h3>H\u00f8y CADR og energieffektiv luftrensing &#8211; renere luft raskere<\/h3>\n<p>Wood&#8217;s TALL 155 er en effektiv og energieffektiv luftrenser som forbedrer inneluftkvaliteten i soverom, barnerom og andre viktige rom. Med en Clean Air Delivery Rate (CADR) p\u00e5 192 m\u00b3\/t for pollen fjerner den raskt og effektivt luftb\u00e5rne partikler som pollen, st\u00f8v og allergener &#8211; en stor fordel for allergikere og familier med sm\u00e5 barn.<\/p>\n<p>Med en CADR\/Watt p\u00e5 8,9 er TALL 155 utviklet for \u00e5 gi maksimal luftrensing med minimalt energiforbruk. Kombinasjonen av h\u00f8y filtreringskapasitet og lavt str\u00f8mforbruk gj\u00f8r den til et smart valg for alle som \u00f8nsker et friskere og sunnere innemilj\u00f8.<\/p>\n<p><img loading=\"lazy\" decoding=\"async\" class=\"alignnone wp-image-40746 size-medium\" src=\"https:\/\/woods.se\/wp-content\/uploads\/2024\/12\/intertek-300x120.jpeg\" alt=\"\" width=\"300\" height=\"120\" srcset=\"https:\/\/woods.se\/wp-content\/uploads\/2024\/12\/intertek-300x120.jpeg 300w, https:\/\/woods.se\/wp-content\/uploads\/2024\/12\/intertek-1024x410.jpeg 1024w, https:\/\/woods.se\/wp-content\/uploads\/2024\/12\/intertek-768x307.jpeg 768w, https:\/\/woods.se\/wp-content\/uploads\/2024\/12\/intertek-500x200.jpeg 500w, https:\/\/woods.se\/wp-content\/uploads\/2024\/12\/intertek-1400x560.jpeg 1400w, https:\/\/woods.se\/wp-content\/uploads\/2024\/12\/intertek-700x280.jpeg 700w, https:\/\/woods.se\/wp-content\/uploads\/2024\/12\/intertek-600x240.jpeg 600w, https:\/\/woods.se\/wp-content\/uploads\/2024\/12\/intertek.jpeg 1417w\" sizes=\"auto, (max-width: 300px) 100vw, 300px\" \/><\/p>\n<h3>Beskytt soverom og barnerom mot luftforurensning<\/h3>\n<p>I storbyene er luften ofte forurenset av eksos, industriutslipp og andre skadelige partikler som kan trenge inn i hjemmet. D\u00e5rlig luftkvalitet kan p\u00e5virke s\u00f8vn og helse, spesielt for barn og allergikere. For \u00e5 effektivt filtrere bort luftforurensende stoffer som r\u00f8yk, gasser og u\u00f8nsket lukt, kan Wood&#8217;s Chem Control Carbon-filter brukes som tilvalg. Dette h\u00f8ytytende karbonfilteret absorberer skadelige stoffer og forbedrer luftkvaliteten. Det er tilgjengelig for flere av Wood&#8217;s modeller, ELFI 300, AL 310 og GRAN 900.<\/p>\n<h3>Registrer luftrenseren din og f\u00e5 utvidet garanti<\/h3>\n<p>Ved \u00e5 registrere luftrenseren din p\u00e5 <a href=\"https:\/\/warranty-woods.com\">warranty-woods.com<\/a> og bytte filteret hver sjette m\u00e5ned, f\u00e5r du markedets lengste garanti p\u00e5 10 \u00e5r. Du vil ogs\u00e5 motta p\u00e5minnelser n\u00e5r det er p\u00e5 tide \u00e5 bytte filter, slik at luftrenseren din alltid fungerer optimalt.<\/p>\n<h3>Skap et rent og sunt hjemmemilj\u00f8 i dag!<\/h3>\n<p>Wood&#8217;s TALL 155 er det perfekte valget for alle som \u00f8nsker \u00e5 redusere allergener og forbedre luftkvaliteten innend\u00f8rs. Bestill luftrenseren din i dag og nyt renere luft og bedre s\u00f8vn, hver dag!<\/p>\n","protected":false},"excerpt":{"rendered":"<p>Pollen, st\u00f8v og andre luftb\u00e5rne partikler kan gj\u00f8re det vanskelig \u00e5 sove for pollenallergikere og sm\u00e5 barn. Irriterte luftveier, nysing og tett nese kan forstyrre s\u00f8vnen og p\u00e5virke b\u00e5de restitusjon og velv\u00e6re. Wood&#8217;s TALL 155 er en stilleg\u00e5ende og effektiv luftrenser som filtrerer bort skadelige partikler og skaper et sunt sovemilj\u00f8. Den diskrete, veggmonterte designen gj\u00f8r den perfekt for soverom og barnerom. Produsert i Sverige og leveres med opptil 10 \u00e5rs garanti.<\/p>\n","protected":false},"featured_media":40737,"template":"","meta":{"_acf_changed":false},"product_brand":[],"product_cat":[4786,4787,858,2638],"product_tag":[891,3014,3013,889],"class_list":{"0":"post-42638","1":"product","2":"type-product","3":"status-publish","4":"has-post-thumbnail","6":"product_cat-for-barnerom","7":"product_cat-for-soverom","8":"product_cat-luftrensere-no","9":"product_cat-villaagarna-no","10":"product_tag-barnerom","11":"product_tag-luftrensere-for-barnerom","12":"product_tag-luftrensere-for-soverom","13":"product_tag-soverom","14":"product_shipping_class-high","15":"splide__slide","17":"first","18":"instock","19":"taxable","20":"shipping-taxable","21":"purchasable","22":"product-type-simple"},"acf":[],"_links":{"self":[{"href":"https:\/\/woods.se\/no\/wp-json\/wp\/v2\/product\/42638","targetHints":{"allow":["GET"]}}],"collection":[{"href":"https:\/\/woods.se\/no\/wp-json\/wp\/v2\/product"}],"about":[{"href":"https:\/\/woods.se\/no\/wp-json\/wp\/v2\/types\/product"}],"wp:featuredmedia":[{"embeddable":true,"href":"https:\/\/woods.se\/no\/wp-json\/wp\/v2\/media\/40737"}],"wp:attachment":[{"href":"https:\/\/woods.se\/no\/wp-json\/wp\/v2\/media?parent=42638"}],"wp:term":[{"taxonomy":"product_brand","embeddable":true,"href":"https:\/\/woods.se\/no\/wp-json\/wp\/v2\/product_brand?post=42638"},{"taxonomy":"product_cat","embeddable":true,"href":"https:\/\/woods.se\/no\/wp-json\/wp\/v2\/product_cat?post=42638"},{"taxonomy":"product_tag","embeddable":true,"href":"https:\/\/woods.se\/no\/wp-json\/wp\/v2\/product_tag?post=42638"}],"curies":[{"name":"wp","href":"https:\/\/api.w.org\/{rel}","templated":true}]}}