{"id":42636,"date":"2024-12-10T14:10:04","date_gmt":"2024-12-10T13:10:04","guid":{"rendered":"https:\/\/stage.woods.se\/?post_type=product&#038;p=42636"},"modified":"2026-03-05T13:33:28","modified_gmt":"2026-03-05T12:33:28","slug":"woods-sw42fm","status":"publish","type":"product","link":"https:\/\/woods.se\/no\/produkter\/avfuktere\/kjeller\/woods-sw42fm\/","title":{"rendered":"Wood&#8217;s SW42FM"},"content":{"rendered":"<h2>Wood&#8217;s SW42FM (metallisk)<\/h2>\n<h3>Effektiv avfukter for kjellere og garasjer<\/h3>\n<p>Wood SW42FM er en kraftig avfukter som er perfekt for \u00e5 holde store, fuktige rom t\u00f8rre og komfortable. Med sin imponerende kapasitet til \u00e5 fjerne opptil 25 liter fuktighet per dag og en effektiv luftstr\u00f8m p\u00e5 315 m\u00b3\/t er SW42FM en p\u00e5litelig l\u00f8sning for kjellere og garasjer. Den robuste konstruksjonen og de innovative funksjonene gj\u00f8r den ideell til \u00e5 bekjempe fuktighet, mugg og ubehagelig lukt, selv ved lave temperaturer.  <\/p>\n<h3>Anbefalte bruksomr\u00e5der<\/h3>\n<p><strong>Kjelleren:<\/strong> Holder hele kjelleren t\u00f8rr og fri for mugg, perfekt til oppbevaring eller som ekstra boareal.<br \/>\n<strong>Garasjer:<\/strong> Beskytter kj\u00f8ret\u00f8y og verkt\u00f8y ved effektivt \u00e5 holde fuktighet borte, \u00e5ret rundt.<br \/>\n<strong>Andre kalde rom:<\/strong> Med stabil luftfuktighetskontroll ned til +2 \u00b0C er den ideell for store lagerrom eller loftsrom der det oppbevares f\u00f8lsomme gjenstander.<\/p>\n<h3>Viktige funksjoner:<\/h3>\n\n<h3>H\u00f8y kapasitet og luftstr\u00f8m for effektiv sirkulasjon<\/h3>\n<p>Med sin h\u00f8ye avfuktingskapasitet p\u00e5 25 liter per d\u00f8gn kan SW42FM enkelt h\u00e5ndtere store og oppdelte rom. Den h\u00f8ye luftstr\u00f8mmen p\u00e5 315 m\u00b3\/t s\u00f8rger for at alle hj\u00f8rner n\u00e5s og holdes t\u00f8rre, noe som reduserer risikoen for fuktrelaterte skader og ubehagelig lukt. <\/p>\n<h3>Enkel \u00e5 bruke og vedlikeholde<\/h3>\n<p>SW42FM er utstyrt med en 11,4-liters vanntank som er enkel \u00e5 t\u00f8mme. For enda st\u00f8rre bekvemmelighet kan du koble til en slangetilkobling for kontinuerlig drenering eller plassere avfukteren rett over et gulvsluk. I tillegg starter enheten automatisk etter str\u00f8mbrudd, slik at fuktighetsreguleringen aldri blir avbrutt og g\u00e5r tilbake til tidligere innstillinger. SW42FM overv\u00e5ker luftfuktigheten i rommet og starter og stopper automatisk n\u00e5r det er n\u00f8dvendig.   <\/p>\n<h3>Smart mugg- og partikkelfilter<\/h3>\n<p>SW42FM er utstyrt med et Woods SMF-filter som effektivt fanger opp st\u00f8v- og muggpartikler i luften, beskytter avfukteren og forlenger dens levetid. Dette gj\u00f8r den til en trygg og langsiktig l\u00f8sning som holder rommene dine fri for fukt, mugg og lukt \u00e5ret rundt. <\/p>\n<h3>Effektiv hele \u00e5ret, selv ved lave temperaturer<\/h3>\n<p>Takket v\u00e6re i-EcoDefrost-systemet fungerer SW42FM effektivt ned til +2 \u00b0C, noe som gj\u00f8r den ideell for bruk selv i kaldere omgivelser. Den er ogs\u00e5 konstruert for kontinuerlig bruk, slik at den kan arbeide trygt d\u00f8gnet rundt og holde rommene dine fri for fukt og mugg uansett \u00e5rstid. <\/p>\n<h3>Bygget for \u00e5 vare<\/h3>\n<p>SW42FM er produsert i Sverige med komponenter av h\u00f8y kvalitet og et slitesterkt metallhus, og er bygget for \u00e5 t\u00e5le p\u00e5kjenningene i krevende milj\u00f8er og er designet for \u00e5 fungere \u00e5ret rundt, uansett klima. Den er b\u00e5de energieffektiv og robust, noe som gj\u00f8r den til et langsiktig og p\u00e5litelig valg for \u00e5 bekjempe fuktproblemer i hjemmet. <\/p>\n<h3>Lang garanti p\u00e5 opptil 6 \u00e5r<\/h3>\n<p>N\u00e5r du registrerer din SW42FM p\u00e5 warranty.woods.se og bytter filter hvert \u00e5r, f\u00e5r du en av de lengste garantiene p\u00e5 markedet, opptil 6 \u00e5r. Ved \u00e5 holde styr p\u00e5 filterbyttene forlenger du avfukterens levetid og s\u00f8rger for at den yter sitt beste. Ikke glem \u00e5 ta vare p\u00e5 kvitteringen n\u00e5r du kj\u00f8per filter.  <\/p>\n<p>Med Wood&#8217;s SW42FM f\u00e5r du en kraftig, energieffektiv og p\u00e5litelig l\u00f8sning p\u00e5 dine fuktproblemer, \u00e5ret rundt!<\/p>\n<p><iframe loading=\"lazy\" title=\"Instruction video - Wood&#039;s SW42FM (English)\" width=\"500\" height=\"281\" src=\"https:\/\/www.youtube.com\/embed\/Hjldloip56k?feature=oembed\" frameborder=\"0\" allow=\"accelerometer; autoplay; clipboard-write; encrypted-media; gyroscope; picture-in-picture; web-share\" referrerpolicy=\"strict-origin-when-cross-origin\" allowfullscreen><\/iframe><\/p>\n","protected":false},"excerpt":{"rendered":"<p>Wood&#8217;s SW42FM er en kraftig avfukter som effektivt h\u00e5ndterer fukt, mugg og ubehagelig lukt i kalde rom som kjellere og garasjer. Den fjerner opptil 25 liter fuktighet per dag og har h\u00f8y luftgjennomstr\u00f8mning, noe som sikrer at alle deler av rommet holdes t\u00f8rre. SW42FM er en p\u00e5litelig og langsiktig l\u00f8sning for \u00e5 holde store rom fri for fukt \u00e5ret rundt, og den er ogs\u00e5 effektiv ved lave temperaturer. Produsert i Sverige og med opptil 6 \u00e5rs garanti.   <\/p>\n","protected":false},"featured_media":38895,"template":"","meta":{"_acf_changed":false},"product_brand":[],"product_cat":[859,4748],"product_tag":[896,888,887],"class_list":{"0":"post-42636","1":"product","2":"type-product","3":"status-publish","4":"has-post-thumbnail","6":"product_cat-avfuktere","7":"product_cat-kjeller","8":"product_tag-garasje","9":"product_tag-kjeller","10":"product_tag-lofte","11":"product_shipping_class-sweden-very-high","12":"splide__slide","14":"first","15":"instock","16":"taxable","17":"shipping-taxable","18":"purchasable","19":"product-type-simple"},"acf":[],"_links":{"self":[{"href":"https:\/\/woods.se\/no\/wp-json\/wp\/v2\/product\/42636","targetHints":{"allow":["GET"]}}],"collection":[{"href":"https:\/\/woods.se\/no\/wp-json\/wp\/v2\/product"}],"about":[{"href":"https:\/\/woods.se\/no\/wp-json\/wp\/v2\/types\/product"}],"wp:featuredmedia":[{"embeddable":true,"href":"https:\/\/woods.se\/no\/wp-json\/wp\/v2\/media\/38895"}],"wp:attachment":[{"href":"https:\/\/woods.se\/no\/wp-json\/wp\/v2\/media?parent=42636"}],"wp:term":[{"taxonomy":"product_brand","embeddable":true,"href":"https:\/\/woods.se\/no\/wp-json\/wp\/v2\/product_brand?post=42636"},{"taxonomy":"product_cat","embeddable":true,"href":"https:\/\/woods.se\/no\/wp-json\/wp\/v2\/product_cat?post=42636"},{"taxonomy":"product_tag","embeddable":true,"href":"https:\/\/woods.se\/no\/wp-json\/wp\/v2\/product_tag?post=42636"}],"curies":[{"name":"wp","href":"https:\/\/api.w.org\/{rel}","templated":true}]}}