{"id":42634,"date":"2024-10-16T11:14:38","date_gmt":"2024-10-16T09:14:38","guid":{"rendered":"https:\/\/stage.woods.se\/?post_type=product&#038;p=42634"},"modified":"2026-04-28T10:40:59","modified_gmt":"2026-04-28T08:40:59","slug":"woods-mdx20p","status":"publish","type":"product","link":"https:\/\/woods.se\/no\/produkter\/avfuktere\/tork-toy\/woods-mdx20p\/","title":{"rendered":"Wood&#8217;s MDX20P"},"content":{"rendered":"<h2>Wood&#8217;s MDX20P<\/h2>\n<h3>Kraftig og stilleg\u00e5ende avfukter med pumpe som effektivt t\u00f8rker t\u00f8yet ditt<\/h3>\n<p>N\u00e5r vasket t\u00f8y henges opp, blir luften fuktig. Ofte s\u00e5 fuktig at det f\u00f8les som en evighet f\u00f8r kl\u00e6rne t\u00f8rker, noe som gir dem en karakteristisk d\u00e5rlig lukt. Wood MDX20P avfukter l\u00f8ser problemet ved \u00e5 bl\u00e5se t\u00f8yet t\u00f8rt p\u00e5 en energieffektiv m\u00e5te og raskt senke luftfuktigheten, slik at du unng\u00e5r problemer med fukt, mugg og d\u00e5rlig lukt. Den automatiske pumpefunksjonen betyr ogs\u00e5 at du ikke trenger \u00e5 bekymre deg for om det finnes et gulvavl\u00f8p.   <\/p>\n<h3>Anbefalte bruksomr\u00e5der:<\/h3>\n<p><strong>Vaskerom:<\/strong> Effektiv t\u00f8rking med h\u00f8y luftgjennomstr\u00f8mning og automatisk pumpe, uten behov for \u00e5 t\u00f8mme beholderen eller ha et avl\u00f8p i gulvet.<br \/>\n<strong>Soverom:<\/strong> Stilleg\u00e5ende drift, barnesikring og tidsur gj\u00f8r den perfekt for rom der du sover eller tilbringer mye tid. Forhindrer fuktproblemer uten \u00e5 forstyrre deg.<br \/>\n<strong>Leiligheter og oppholdsrom:<\/strong> Energieffektiv drift og kompakt design, ideelt for moderne hjem som trenger praktisk avfukting.<\/p>\n\n<h3>H\u00f8y avfukting og h\u00f8y luftgjennomstr\u00f8mning<\/h3>\n<p>Wood MDX20P avfukter opptil 20 liter vann per dag og er utviklet for, og er mest effektiv i, oppvarmede milj\u00f8er som leiligheter, soverom og stuer. Den kraftige luftstr\u00f8mmen fanger opp fuktighet, samtidig som den bl\u00e5ser varm, t\u00f8rr luft fra toppen av maskinen mot t\u00f8yet, slik at det t\u00f8rker og etterlates med en frisk duft. <\/p>\n<h3>Automatisk pumpefunksjon<\/h3>\n<p>Wood&#8217;s MDX20P avfukter har en stor beholder p\u00e5 6 liter. Du kan ogs\u00e5 enkelt koble til slangen, slik at du slipper \u00e5 bekymre deg for \u00e5 t\u00f8mme beholderen. I tillegg har Wood&#8217;s MDX20P en kraftig innebygd automatisk pumpe som kan pumpe vann vertikalt s\u00e5 h\u00f8yt som 10-15 meter, noe som betyr at du ikke trenger et gulvavl\u00f8p koblet til enheten, men kan lede overskuddsvannet til et hvilket som helst avl\u00f8p.  <\/p>\n<h3>Stilleg\u00e5ende og energieffektiv<\/h3>\n<p>MDX20P er konstruert for \u00e5 v\u00e6re s\u00e5 stilleg\u00e5ende at den kan brukes uten \u00e5 forstyrre noen i samme rom.<br \/>\nDet mest bemerkelsesverdige er imidlertid hvor energieffektiv den er. For hver liter avfuktet vann som produseres, f\u00e5r du dessuten 780 W ren termisk energi tilbake! <\/p>\n<h3>Timer, barnesikring og automatisk start<\/h3>\n<p>Wood&#8217;s MDX20P er utstyrt med en timer, slik at du kan tilpasse driften etter hvor lang tid det tar \u00e5 t\u00f8rke t\u00f8yet ditt.<br \/>\nFor sikker drift er den ogs\u00e5 utstyrt med en barnesikring, slik at nysgjerrige barn ikke kan endre innstillingene. Hvis str\u00f8mmen skulle g\u00e5, starter maskinen automatisk p\u00e5 nytt med de samme innstillingene n\u00e5r str\u00f8mmen kommer tilbake. <\/p>\n<h3>Vaskbart filter<\/h3>\n<p>Wood&#8217;s MDX20P avfukter har et avtakbart filter som beskytter avfukteren mot st\u00f8v og smuss som kommer inn i maskinen, noe som forlenger levetiden. St\u00f8vsug filteret forsiktig fra tid til annen, og hvis det er mye smuss, kan du t\u00f8rke av det med en fuktig klut eller skylle det forsiktig med lunkent vann. <\/p>\n<h3>Registrering for utvidet garanti<\/h3>\n<p>Wood&#8217;s MDX20P avfukter har 2 \u00e5rs garanti. For \u00e5 f\u00e5 3 \u00e5rs garanti m\u00e5 du bare registrere avfukteren din p\u00e5<br \/>\n<a href=\"https:\/\/warranty-woods.com\">warranty-woods.com.<\/a> Ikke glem \u00e5 ta vare p\u00e5 kvitteringen. <\/p>\n","protected":false},"excerpt":{"rendered":"<p>Wood MDX20P avfukter er utviklet for sm\u00e5 t\u00f8rkerom og andre oppholdsrom uten gulvsluk. Den avfukter opptil 20 liter vann per dag p\u00e5 en energieffektiv m\u00e5te, og har en kraftig innebygd pumpe for enkel drenering. Det justerbare topputl\u00f8pet t\u00f8rker t\u00f8yet effektivt, og den stilleg\u00e5ende driften gj\u00f8r den perfekt for rom du tilbringer mye tid i. Wood&#8217;s MDX20P har vaskbart filter, tidsur, barnesikring og starter p\u00e5 nytt etter str\u00f8mbrudd. Hvis du registrerer maskinen, f\u00e5r du 3 \u00e5rs garanti.    <\/p>\n","protected":false},"featured_media":35968,"template":"","meta":{"_acf_changed":false},"product_brand":[],"product_cat":[859,4752],"product_tag":[1473,889,898,1472],"class_list":{"0":"post-42634","1":"product","2":"type-product","3":"status-publish","4":"has-post-thumbnail","6":"product_cat-avfuktere","7":"product_cat-tork-toy","8":"product_tag-leilighet","9":"product_tag-soverom","10":"product_tag-stue","11":"product_tag-torking-av-toy","12":"product_shipping_class-high","13":"splide__slide","15":"first","16":"instock","17":"taxable","18":"shipping-taxable","19":"purchasable","20":"product-type-simple"},"acf":[],"_links":{"self":[{"href":"https:\/\/woods.se\/no\/wp-json\/wp\/v2\/product\/42634","targetHints":{"allow":["GET"]}}],"collection":[{"href":"https:\/\/woods.se\/no\/wp-json\/wp\/v2\/product"}],"about":[{"href":"https:\/\/woods.se\/no\/wp-json\/wp\/v2\/types\/product"}],"wp:featuredmedia":[{"embeddable":true,"href":"https:\/\/woods.se\/no\/wp-json\/wp\/v2\/media\/35968"}],"wp:attachment":[{"href":"https:\/\/woods.se\/no\/wp-json\/wp\/v2\/media?parent=42634"}],"wp:term":[{"taxonomy":"product_brand","embeddable":true,"href":"https:\/\/woods.se\/no\/wp-json\/wp\/v2\/product_brand?post=42634"},{"taxonomy":"product_cat","embeddable":true,"href":"https:\/\/woods.se\/no\/wp-json\/wp\/v2\/product_cat?post=42634"},{"taxonomy":"product_tag","embeddable":true,"href":"https:\/\/woods.se\/no\/wp-json\/wp\/v2\/product_tag?post=42634"}],"curies":[{"name":"wp","href":"https:\/\/api.w.org\/{rel}","templated":true}]}}