{"id":41830,"date":"2024-12-10T14:13:17","date_gmt":"2024-12-10T13:13:17","guid":{"rendered":"https:\/\/stage.woods.se\/?post_type=product&#038;p=41830"},"modified":"2026-03-27T16:44:29","modified_gmt":"2026-03-27T15:44:29","slug":"woods-sw59fw","status":"publish","type":"product","link":"https:\/\/woods.se\/no\/produkter\/avfuktere\/kjeller\/woods-sw59fw\/","title":{"rendered":"Wood&#8217;s SW59FW"},"content":{"rendered":"<h2>Wood&#8217;s SW59FW (hvit)<\/h2>\n<h3>Avfukter for store kjellere og sanit\u00e6ranlegg<\/h3>\n<p>Wood SW59FW er den ultimate l\u00f8sningen for rask eliminering av fukt, mugg og d\u00e5rlig lukt i store, kalde rom som kjellere og garasjer. Med en imponerende kapasitet p\u00e5 opptil 41 liter fuktighet per dag og en luftstr\u00f8m p\u00e5 300 m\u00b3\/t er SW59FW den kraftigste og mest energieffektive avfukteren i SW-serien, siden kapasiteten gj\u00f8r at den trenger \u00e5 jobbe mindre for \u00e5 l\u00f8se det samme problemet. Den h\u00f8ye kapasiteten gj\u00f8r den ogs\u00e5 ideell til \u00e5 h\u00e5ndtere problemer etter vannlekkasjer og oversv\u00f8mmelser.  <\/p>\n<h3>Anbefalte bruksomr\u00e5der:<\/h3>\n<p><strong>Kjelleren:<\/strong> SW59FW s\u00f8rger for et t\u00f8rt og trygt milj\u00f8, fritt for fukt og mugg, og gj\u00f8r at rommet kan brukes til b\u00e5de lagring og oppholdsrom.<br \/>\n<strong>Garasjer og andre kalde rom:<\/strong> Den beskytter kj\u00f8ret\u00f8y og verkt\u00f8y og holder dem fri for fuktighet og korrosjon hele \u00e5ret, selv om vinteren.<br \/>\n<strong>Restaurering av vannskader:<\/strong> Ideell for rask gjenoppretting av oversv\u00f8mte omr\u00e5der. Den h\u00f8ye kapasiteten gj\u00f8r den ideell for profesjonell bruk. <\/p>\n<h3>Viktige funksjoner:<\/h3>\n\n<h3>H\u00f8y kapasitet og luftstr\u00f8m for effektiv sirkulasjon<\/h3>\n<p>Med en sv\u00e6rt h\u00f8y avfuktingskapasitet p\u00e5 opptil 41 liter per d\u00f8gn og en kraftig luftstr\u00f8m p\u00e5 opptil 300 m3 per time tar SW59FW effektivt h\u00e5nd om fuktigheten i alle deler av store og oppdelte rom. Dette sikrer jevn avfukting og forebygger fuktrelaterte skader og d\u00e5rlig lukt. <\/p>\n<h3>Enkel betjening og tilpassbar funksjon<\/h3>\n<p>SW59FW er designet med tanke p\u00e5 brukervennlighet. Den romslige vanntanken p\u00e5 11,4 liter reduserer behovet for hyppig t\u00f8mming, og maskinen sl\u00e5r seg automatisk av n\u00e5r tanken er full. For kontinuerlig drift kan du enkelt koble en hageslange (slange medf\u00f8lger ikke) direkte til avl\u00f8pet, noe som minimerer vedlikeholdet. Du kan ogs\u00e5 velge \u00e5 plassere avfukteren rett over et gulvavl\u00f8p. For ekstra trygghet vil SW59FW automatisk sl\u00e5 seg p\u00e5 etter et str\u00f8mbrudd, og enheten vil g\u00e5 tilbake til de siste innstillingene for \u00e5 sikre at fuktighetsreguleringen ikke stopper for lenge. SW59FW justerer seg automatisk til \u00f8nsket luftfuktighetsniv\u00e5 og sl\u00e5r seg av eller p\u00e5 etter behov.     <\/p>\n<h3>Smart mugg- og partikkelfilter<\/h3>\n<p>SW59FW er utstyrt med Wood&#8217;s SMF-filter som effektivt fanger opp st\u00f8v- og muggpartikler i luften, slik at du kan holde rommene dine fri for fukt, mugg og lukt \u00e5ret rundt. I tillegg beskytter filteret avfukteren og gj\u00f8r at den varer lenger. <\/p>\n<h3>Effektiv hele \u00e5ret, selv ved lave temperaturer<\/h3>\n<p>Takket v\u00e6re det innovative i-EcoDefrost-systemet er SW59FW sv\u00e6rt effektiv selv ved lave temperaturer, helt ned til +2 \u00b0C og helt opp til +35 \u00b0C. Dette gj\u00f8r den ideell for rom som krever fuktkontroll \u00e5ret rundt, uansett v\u00e6rforhold. <\/p>\n<h3>Bygget for \u00e5 vare<\/h3>\n<p>SW59FW er produsert i Sverige og er bygget for \u00e5 t\u00e5le t\u00f8ffe forhold. Det robuste metallkabinettet og komponentene av h\u00f8y kvalitet sikrer langvarig ytelse, selv under krevende forhold. SW59FW er konstruert for \u00e5 t\u00e5le kontinuerlig drift, noe som betyr at den trygt kan kj\u00f8res uten avbrudd, dag eller natt.  <\/p>\n<h3>Lang garanti og enkel og b\u00e6rekraftig bruk<\/h3>\n<p>Registrer avfukteren din p\u00e5 <a href=\"https:\/\/warranty-woods.com\">warranty.woods.se<\/a> og bytt filter en gang i \u00e5ret for \u00e5 f\u00e5 en utvidet garanti p\u00e5 opptil 6 \u00e5r. Du vil ogs\u00e5 motta p\u00e5minnelser n\u00e5r det er p\u00e5 tide \u00e5 skifte filter, slik at SW59FW alltid yter sitt beste og varer i mange \u00e5r fremover. <\/p>\n<p>Med Wood&#8217;s SW59FW f\u00e5r du en p\u00e5litelig og effektiv l\u00f8sning som holder rommene dine t\u00f8rre, sunne og fuktfrie hele \u00e5ret.<\/p>\n<p><iframe loading=\"lazy\" title=\"Instruction video - Wood&#039;s SW59FW (English)\" width=\"500\" height=\"281\" src=\"https:\/\/www.youtube.com\/embed\/o9wQVy1S6lU?feature=oembed\" frameborder=\"0\" allow=\"accelerometer; autoplay; clipboard-write; encrypted-media; gyroscope; picture-in-picture; web-share\" referrerpolicy=\"strict-origin-when-cross-origin\" allowfullscreen><\/iframe><\/p>\n","protected":false},"excerpt":{"rendered":"<p>Wood&#8217;s SW59FW er den kraftigste og mest energieffektive avfukteren i SW-serien, og fjerner opptil 41 liter fuktighet per dag. Den er ideell for omfattende fuktkontroll, inkludert sanering etter oversv\u00f8mmelser og vannlekkasjer. Den er effektiv selv ved lave temperaturer, har en kraftig ytelse som kan kj\u00f8res d\u00f8gnet rundt, og en brukervennlig design som gj\u00f8r den perfekt for kontinuerlig drift. Produsert i Sverige med opptil 6 \u00e5rs garanti.   <\/p>\n","protected":false},"featured_media":39161,"template":"","meta":{"_acf_changed":false},"product_brand":[],"product_cat":[859,4748,2638],"product_tag":[896,888,887,900],"class_list":{"0":"post-41830","1":"product","2":"type-product","3":"status-publish","4":"has-post-thumbnail","6":"product_cat-avfuktere","7":"product_cat-kjeller","8":"product_cat-villaagarna-no","9":"product_tag-garasje","10":"product_tag-kjeller","11":"product_tag-lofte","12":"product_tag-sanere","13":"product_shipping_class-sweden-very-high","14":"splide__slide","16":"first","17":"instock","18":"taxable","19":"shipping-taxable","20":"purchasable","21":"product-type-simple"},"acf":[],"_links":{"self":[{"href":"https:\/\/woods.se\/no\/wp-json\/wp\/v2\/product\/41830","targetHints":{"allow":["GET"]}}],"collection":[{"href":"https:\/\/woods.se\/no\/wp-json\/wp\/v2\/product"}],"about":[{"href":"https:\/\/woods.se\/no\/wp-json\/wp\/v2\/types\/product"}],"wp:featuredmedia":[{"embeddable":true,"href":"https:\/\/woods.se\/no\/wp-json\/wp\/v2\/media\/39161"}],"wp:attachment":[{"href":"https:\/\/woods.se\/no\/wp-json\/wp\/v2\/media?parent=41830"}],"wp:term":[{"taxonomy":"product_brand","embeddable":true,"href":"https:\/\/woods.se\/no\/wp-json\/wp\/v2\/product_brand?post=41830"},{"taxonomy":"product_cat","embeddable":true,"href":"https:\/\/woods.se\/no\/wp-json\/wp\/v2\/product_cat?post=41830"},{"taxonomy":"product_tag","embeddable":true,"href":"https:\/\/woods.se\/no\/wp-json\/wp\/v2\/product_tag?post=41830"}],"curies":[{"name":"wp","href":"https:\/\/api.w.org\/{rel}","templated":true}]}}