{"id":41691,"date":"2024-12-10T13:43:30","date_gmt":"2024-12-10T12:43:30","guid":{"rendered":"https:\/\/stage.woods.se\/?post_type=product&#038;p=41691"},"modified":"2026-03-05T16:25:30","modified_gmt":"2026-03-05T15:25:30","slug":"woods-ld40-pro","status":"publish","type":"product","link":"https:\/\/woods.se\/no\/produkter\/avfuktere\/tork-toy\/woods-ld40-pro\/","title":{"rendered":"Wood&#8217;s LD40 Pro"},"content":{"rendered":"<h2>Wood&#8217;s LD40Pro<\/h2>\n<h3>Kraftig avfukter for t\u00f8rking av t\u00f8y<\/h3>\n<p>Wood&#8217;s LD40Pro er det beste valget av avfukter for familier med vaskerom der vaskemaskinen g\u00e5r ofte og det produseres mye fuktighet. Den har sv\u00e6rt h\u00f8y kapasitet og avfukter selv store kjellere og rom der h\u00f8y luftfuktighet lett kan for\u00e5rsake problemer med fukt og mugg. Med den kraftige, toppmonterte avtrekksviften t\u00f8rkes alle typer t\u00f8y raskt, sk\u00e5nsomt og energieffektivt, noe som forlenger kl\u00e6rnes levetid og etterlater dem med en frisk duft.  <\/p>\n<h3>Anbefalte bruksomr\u00e5der<\/h3>\n<p><strong>Kjeller med vaskerom:<\/strong> H\u00f8ye fuktighetsniv\u00e5er fra klesvask krever en avfukter som LD40Pro, som raskt, effektivt og sk\u00e5nsomt t\u00f8rker alle typer t\u00f8y og samtidig beskytter hele kjelleren, uansett st\u00f8rrelse, mot fuktighet. Dette forlenger levetiden til b\u00e5de bygningen og kl\u00e6rne.<br \/>\n<strong>Vaskerom:<\/strong> En ideell l\u00f8sning for vaskerom der luftfuktigheten raskt blir for h\u00f8y. LD40Pro t\u00f8rker alle typer t\u00f8y raskt og sk\u00e5nsomt, og etterlater det fritt for ubehagelig lukt.<br \/>\n<strong>Kjellere:<\/strong> LD40Pro bekjemper fuktproblemer selv i store kjellere, der d\u00e5rlig ventilasjon og fukt ofte f\u00f8rer til mugg og ubehagelig lukt. Den holder alltid fuktigheten under kontroll og skaper et friskt og p\u00e5litelig oppbevaringsmilj\u00f8 \u00e5ret rundt. <\/p>\n\n<h3>H\u00f8yeste kapasitet og h\u00f8y luftstr\u00f8m for effektiv sirkulasjon<\/h3>\n<p>LD40Pro er det mest kraftfulle valget for b\u00e5de vaskerom og kjeller. Med en sv\u00e6rt h\u00f8y avfuktingskapasitet p\u00e5 opptil 31 liter per dag og en luftstr\u00f8m p\u00e5 opptil 300 m\u00b3\/t t\u00f8rker den effektivt alt t\u00f8yet ditt og h\u00e5ndterer samtidig fuktighet i alle rom. <\/p>\n<h3>Enkel \u00e5 bruke og kan tilpasses<\/h3>\n<p>LD40Pro er utstyrt med en romslig vanntank p\u00e5 11,4 liter, men du kan ogs\u00e5 velge \u00e5 koble til en slange (ikke inkludert) for direkte drenering til et sluk, slik at du kan bruke den kontinuerlig. Den smarte designen gj\u00f8r det ogs\u00e5 mulig \u00e5 plassere avfukteren rett over et gulvsluk. For ekstra trygghet starter LD40Pro automatisk etter str\u00f8mbrudd, og enheten g\u00e5r tilbake til de siste innstillingene for alltid \u00e5 sikre trygg luftfuktighetskontroll.  <\/p>\n<h3>Effektivt mugg- og partikkelfilter<\/h3>\n<p>LD40Pro er utstyrt med et Wood&#8217;s SMF-filter som effektivt fanger opp st\u00f8v- og muggpartikler i luften, slik at du kan holde rommene dine fri for fukt, mugg og lukt \u00e5ret rundt. Filteret beskytter ogs\u00e5 avfukteren og forlenger dens levetid, noe som gj\u00f8r den til en trygg og langsiktig l\u00f8sning. <\/p>\n<h3>Effektiv hele \u00e5ret, selv ved lave temperaturer<\/h3>\n<p>Med det svenskutviklede i-EcoDefrost-systemet fungerer LD40Pro effektivt selv ved temperaturer helt ned til +2 \u00b0C. Den er derfor ogs\u00e5 egnet for rom som krever avfukting uavhengig av \u00e5rstid, noe som garanterer et t\u00f8rt og trygt milj\u00f8 hele \u00e5ret. <\/p>\n<h3>Laget i Sverige &#8211; bygget for \u00e5 vare<\/h3>\n<p>Wood&#8217;s LD40Pro er designet og produsert i Sverige for \u00e5 t\u00e5le t\u00f8ffe forhold. Det robuste metallhuset beskytter komponentene av h\u00f8y kvalitet og s\u00f8rger for at avfukteren kan yte optimalt, selv i krevende milj\u00f8er. LD40Pro er ogs\u00e5 trygg \u00e5 bruke d\u00f8gnet rundt, \u00e5ret rundt, noe som gj\u00f8r den til en p\u00e5litelig l\u00f8sning for t\u00f8rking av t\u00f8y over natten samtidig som den tar vare p\u00e5 fuktigheten.  <\/p>\n<h3>F\u00e5 en utvidet garanti p\u00e5 opptil 10 \u00e5r<\/h3>\n<p>Registrer din LD40Pro p\u00e5 <a href=\"https:\/\/warranty-woods.com\/\">warranty.woods.com<\/a> og utvid garantien til opptil 10 \u00e5r ved \u00e5 bytte filter en gang i \u00e5ret (kvittering kreves). Du vil ogs\u00e5 motta p\u00e5minnelser om filterbytte, noe som gj\u00f8r det enkelt \u00e5 vedlikeholde avfukteren og sikre at den yter sitt beste i mange \u00e5r fremover. <\/p>\n<p>Med LD40Pro f\u00e5r du den kraftigste og mest energieffektive avfukteren som raskt t\u00f8rker t\u00f8yet ditt og holder store rom t\u00f8rre og fri for fukt og mugg. Velg LD40Pro for et trygt og effektivt innemilj\u00f8 i b\u00e5de vaskerom og kjeller, \u00e5ret rundt. <\/p>\n","protected":false},"excerpt":{"rendered":"<p>LD40Pro er en sv\u00e6rt kraftig avfukter for vaskerom og kjellere. Med maksimal kapasitet og en kraftig vifte t\u00f8rker den raskt og sk\u00e5nsomt alle typer t\u00f8y og holder store rom fri for fuktighet. Perfekt for flerfamiliehus og familier med mye klesvask. Den er enkel \u00e5 bruke med en manuell knott for \u00e5 stille inn \u00f8nsket luftfuktighet, et muggfilter, en stor vanntank og mulighet for \u00e5 koble til en slange. LD40Pro er svenskprodusert med opptil 10 \u00e5rs garanti og er designet for kontinuerlig drift, slik at den trygt kan st\u00e5 p\u00e5 d\u00f8gnet rundt.    <\/p>\n","protected":false},"featured_media":41269,"template":"","meta":{"_acf_changed":false},"product_brand":[],"product_cat":[859,4752],"product_tag":[876,874,875],"class_list":{"0":"post-41691","1":"product","2":"type-product","3":"status-publish","4":"has-post-thumbnail","6":"product_cat-avfuktere","7":"product_cat-tork-toy","8":"product_tag-tork-toy-i-vaskerommet","9":"product_tag-torr-toyvask","10":"product_tag-tort-toy-i-kjelleren","11":"product_shipping_class-very-high","12":"splide__slide","14":"first","15":"instock","16":"taxable","17":"shipping-taxable","18":"purchasable","19":"product-type-simple"},"acf":[],"_links":{"self":[{"href":"https:\/\/woods.se\/no\/wp-json\/wp\/v2\/product\/41691","targetHints":{"allow":["GET"]}}],"collection":[{"href":"https:\/\/woods.se\/no\/wp-json\/wp\/v2\/product"}],"about":[{"href":"https:\/\/woods.se\/no\/wp-json\/wp\/v2\/types\/product"}],"wp:featuredmedia":[{"embeddable":true,"href":"https:\/\/woods.se\/no\/wp-json\/wp\/v2\/media\/41269"}],"wp:attachment":[{"href":"https:\/\/woods.se\/no\/wp-json\/wp\/v2\/media?parent=41691"}],"wp:term":[{"taxonomy":"product_brand","embeddable":true,"href":"https:\/\/woods.se\/no\/wp-json\/wp\/v2\/product_brand?post=41691"},{"taxonomy":"product_cat","embeddable":true,"href":"https:\/\/woods.se\/no\/wp-json\/wp\/v2\/product_cat?post=41691"},{"taxonomy":"product_tag","embeddable":true,"href":"https:\/\/woods.se\/no\/wp-json\/wp\/v2\/product_tag?post=41691"}],"curies":[{"name":"wp","href":"https:\/\/api.w.org\/{rel}","templated":true}]}}