{"id":41689,"date":"2024-12-10T13:42:28","date_gmt":"2024-12-10T12:42:28","guid":{"rendered":"https:\/\/stage.woods.se\/?post_type=product&#038;p=41689"},"modified":"2026-03-05T16:10:52","modified_gmt":"2026-03-05T15:10:52","slug":"woods-ld24","status":"publish","type":"product","link":"https:\/\/woods.se\/no\/produkter\/avfuktere\/tork-toy\/woods-ld24\/","title":{"rendered":"Wood&#8217;s LD24"},"content":{"rendered":"<h2>Wood&#8217;s LD24<\/h2>\n<h3>Effektiv avfukter for t\u00f8rking av t\u00f8y<\/h3>\n<p>Wood&#8217;s LD24 er den perfekte avfukteren for familier med vaskerom og kjellere der h\u00f8y luftfuktighet lett kan for\u00e5rsake mugg og d\u00e5rlig lukt. Med den kraftige, toppmonterte viften t\u00f8rkes t\u00f8yet raskt og sk\u00e5nsomt, noe som forlenger kl\u00e6rnes levetid og eliminerer ubehagelig lukt, samtidig som den skaper et t\u00f8rt og behagelig innemilj\u00f8 uten fuktighet, uansett \u00e5rstid. <\/p>\n<h3>Anbefalte bruksomr\u00e5der<\/h3>\n<p><strong>Kjeller med vaskerom:<\/strong> H\u00f8ye fuktighetsniv\u00e5er fra klesvask krever en avfukter som LD24, som raskt, effektivt og sk\u00e5nsomt t\u00f8rker alle typer t\u00f8y samtidig som den beskytter hele kjelleren mot fuktighet. Dette forlenger levetiden til b\u00e5de bygningen og kl\u00e6rne dine.<br \/>\n<strong>Vaskerom:<\/strong> En ideell l\u00f8sning for vaskerom der luftfuktigheten stiger raskt. LD24 t\u00f8rker kl\u00e6rne raskt og sk\u00e5nsomt, og etterlater dem fri for ubehagelig lukt.<br \/>\n<strong>Kjelleren:<\/strong> For \u00e5 bekjempe fuktproblemer i kjellere der d\u00e5rlig ventilasjon og kulde ofte f\u00f8rer til mugg. LD24 holder fuktigheten under kontroll og skaper et friskt og p\u00e5litelig oppbevaringsmilj\u00f8 \u00e5ret rundt. <\/p>\n\n<h3>H\u00f8y kapasitet og luftstr\u00f8m for effektiv sirkulasjon<\/h3>\n<p>LD24 har en h\u00f8y avfuktingskapasitet p\u00e5 opptil 12 liter per d\u00f8gn og en luftstr\u00f8m p\u00e5 opptil 200 m\u00b3\/t, noe som betyr at den effektivt t\u00f8rker t\u00f8yet ditt samtidig som den h\u00e5ndterer luftfuktigheten i alle rom og rominndelinger. Dette gj\u00f8r LD24 til det perfekte valget for b\u00e5de vaskerom og kjellerrom. <\/p>\n<h3>Brukervennlig og tilpasningsdyktig funksjon<\/h3>\n<p>LD24 er utstyrt med en romslig vanntank p\u00e5 11,4 liter, og det er ogs\u00e5 mulig \u00e5 koble til en slange (medf\u00f8lger ikke) for direkte drenering til et sluk, noe som gj\u00f8r det enklere \u00e5 bruke den kontinuerlig. Du kan ogs\u00e5 velge \u00e5 plassere avfukteren rett over et gulvsluk. For ekstra sikkerhet starter LD24 automatisk etter str\u00f8mbrudd, og enheten g\u00e5r tilbake til de siste innstillingene for \u00e5 sikre at fuktighetsreguleringen ikke blir avbrutt p\u00e5 disse tidspunktene.  <\/p>\n<h3>Effektivt mugg- og partikkelfilter<\/h3>\n<p>LD24 er utstyrt med et Woods SMF-filter som effektivt fanger opp st\u00f8v- og muggpartikler i luften, slik at du kan holde rommene dine fri for fukt, mugg og lukt \u00e5ret rundt. I tillegg beskytter filteret avfukteren og forlenger dens levetid, noe som gj\u00f8r den til en trygg og langsiktig l\u00f8sning. <\/p>\n<h3>Effektiv hele \u00e5ret, selv ved lave temperaturer<\/h3>\n<p>Med i-EcoDefrost-systemet fungerer LD24 effektivt selv ved lave temperaturer, helt ned til +2 \u00b0C. Den er derfor ogs\u00e5 egnet for rom som krever fuktighetskontroll uavhengig av \u00e5rstid, noe som garanterer et t\u00f8rt og trygt milj\u00f8 hele \u00e5ret. <\/p>\n<h3>Bygget for \u00e5 vare<\/h3>\n<p>Wood&#8217;s LD24 er designet og produsert i Sverige for \u00e5 t\u00e5le t\u00f8ffe forhold. Det robuste metallkabinettet beskytter komponentene av h\u00f8y kvalitet og s\u00f8rger for at avfukteren kan yte optimalt, selv i krevende milj\u00f8er. LD24 er ogs\u00e5 trygg \u00e5 bruke d\u00f8gnet rundt, \u00e5ret rundt, noe som gj\u00f8r den til en p\u00e5litelig l\u00f8sning for t\u00f8rking av t\u00f8y over natten samtidig som den tar h\u00e5nd om fuktighet.  <\/p>\n<h3>F\u00e5 en utvidet garanti p\u00e5 opptil 10 \u00e5r.<\/h3>\n<p>Registrer din LD24 p\u00e5 <a href=\"https:\/\/warranty-woods.com\/\">warranty.woods.com<\/a> og utvid garantien til hele 10 \u00e5r ved \u00e5 bytte filter en gang i \u00e5ret (kvittering kreves). Du vil ogs\u00e5 motta p\u00e5minnelser om filterbytte, noe som gj\u00f8r det enkelt \u00e5 vedlikeholde avfukteren og sikre at den yter sitt beste i mange \u00e5r. <\/p>\n<p>Med LD24 f\u00e5r du en slitesterk, brukervennlig og kraftig avfukter som raskt t\u00f8rker t\u00f8yet ditt og holder rommene dine t\u00f8rre og fri for fukt og mugg. Velg LD24 for et trygt og effektivt innemilj\u00f8 i b\u00e5de vaskerom og kjeller, \u00e5ret rundt. <\/p>\n","protected":false},"excerpt":{"rendered":"<p>LD24 er en effektiv avfukter for vaskerom og kjellere. Med h\u00f8y avfuktingskapasitet og kraftig vifte t\u00f8rker den t\u00f8yet raskt og sk\u00e5nsomt, og holder rommet fritt for fuktighet. Perfekt for familier med mye klesvask. Den er enkel \u00e5 bruke, med en manuell knapp for \u00e5 stille inn \u00f8nsket luftfuktighet, et muggfilter, en stor vanntank og mulighet for \u00e5 koble til en slange. LD24 er produsert i Sverige med opptil 10 \u00e5rs garanti og er designet for kontinuerlig drift, slik at den trygt kan st\u00e5 p\u00e5 d\u00f8gnet rundt.    <\/p>\n","protected":false},"featured_media":41269,"template":"","meta":{"_acf_changed":false},"product_brand":[],"product_cat":[859,4752],"product_tag":[876,874,875],"class_list":{"0":"post-41689","1":"product","2":"type-product","3":"status-publish","4":"has-post-thumbnail","6":"product_cat-avfuktere","7":"product_cat-tork-toy","8":"product_tag-tork-toy-i-vaskerommet","9":"product_tag-torr-toyvask","10":"product_tag-tort-toy-i-kjelleren","11":"product_shipping_class-very-high","12":"splide__slide","14":"first","15":"instock","16":"taxable","17":"shipping-taxable","18":"purchasable","19":"product-type-simple"},"acf":[],"_links":{"self":[{"href":"https:\/\/woods.se\/no\/wp-json\/wp\/v2\/product\/41689","targetHints":{"allow":["GET"]}}],"collection":[{"href":"https:\/\/woods.se\/no\/wp-json\/wp\/v2\/product"}],"about":[{"href":"https:\/\/woods.se\/no\/wp-json\/wp\/v2\/types\/product"}],"wp:featuredmedia":[{"embeddable":true,"href":"https:\/\/woods.se\/no\/wp-json\/wp\/v2\/media\/41269"}],"wp:attachment":[{"href":"https:\/\/woods.se\/no\/wp-json\/wp\/v2\/media?parent=41689"}],"wp:term":[{"taxonomy":"product_brand","embeddable":true,"href":"https:\/\/woods.se\/no\/wp-json\/wp\/v2\/product_brand?post=41689"},{"taxonomy":"product_cat","embeddable":true,"href":"https:\/\/woods.se\/no\/wp-json\/wp\/v2\/product_cat?post=41689"},{"taxonomy":"product_tag","embeddable":true,"href":"https:\/\/woods.se\/no\/wp-json\/wp\/v2\/product_tag?post=41689"}],"curies":[{"name":"wp","href":"https:\/\/api.w.org\/{rel}","templated":true}]}}