{"id":52239,"date":"2026-03-26T13:59:35","date_gmt":"2026-03-26T12:59:35","guid":{"rendered":"https:\/\/woods.se\/?post_type=product&#038;p=52239"},"modified":"2026-03-27T15:31:27","modified_gmt":"2026-03-27T14:31:27","slug":"woods-wld1h","status":"publish","type":"product","link":"https:\/\/woods.se\/fr\/produits\/deshumidificateurs\/woods-wld1h\/","title":{"rendered":"Wood&rsquo;s WLD1H"},"content":{"rendered":"<h2>Wood&rsquo;s WLD1H<\/h2>\n<h3>Le d\u00e9shumidificateur de salle de s\u00e9chage \u00e0 haut rendement \u00e9nerg\u00e9tique de l&rsquo;avenir est l\u00e0<\/h3>\n<p>Le s\u00e9chage rapide du linge est souvent gourmand en \u00e9nergie, en particulier lorsqu&rsquo;il faut fournir de grandes quantit\u00e9s de chaleur, ce qui est particuli\u00e8rement \u00e9vident dans les immeubles d&rsquo;habitation o\u00f9 la buanderie est utilis\u00e9e pendant une grande partie de la journ\u00e9e. Le d\u00e9shumidificateur de buanderie WLD1H de<br \/>\nWood a \u00e9t\u00e9 sp\u00e9cialement con\u00e7u pour les propri\u00e9taires qui souhaitent r\u00e9duire leurs co\u00fbts \u00e9nerg\u00e9tiques sans compromettre le temps de s\u00e9chage. Il est install\u00e9 de mani\u00e8re \u00e0 ce que le puissant ventilateur souffle doucement de l&rsquo;air sous le linge, l\u00e0 o\u00f9 il est le plus humide, pour le s\u00e9cher.<\/p>\n<p>Le chauffage d&rsquo;appoint int\u00e9gr\u00e9 (1200 W) peut \u00eatre activ\u00e9 selon les besoins pour assurer un s\u00e9chage efficace m\u00eame dans les espaces o\u00f9 la chaleur est insuffisante. Pour une efficacit\u00e9 \u00e9nerg\u00e9tique optimale, il est recommand\u00e9 d&rsquo;utiliser le syst\u00e8me de chauffage existant comme source principale et le chauffage d&rsquo;appoint comme compl\u00e9ment.<br \/>\nLe r\u00e9frig\u00e9rant \u00e9conome en \u00e9nergie et respectueux de l&rsquo;environnement (R290) contribue \u00e0 une capacit\u00e9 de d\u00e9shumidification \u00e9lev\u00e9e et r\u00e9duit la n\u00e9cessit\u00e9 d&rsquo;un apport de chaleur externe par rapport \u00e0 de nombreuses solutions traditionnelles.<\/p>\n<h3>Exemple de calcul &#8211; Combien pouvez-vous \u00e9conomiser ?<\/h3>\n<p>Puissance du syst\u00e8me de s\u00e9chage actuel 6 kW moins WLD1 0,7 kW : 5,3 kWh<br \/>\nDur\u00e9e de fonctionnement estim\u00e9e \u00e0 10 heures par jour : 53 kWh<br \/>\n53 kWh x 30 jours : 1 590 kWh\/mois<br \/>\n1 590 kWh x 12 mois : 19 080 kWh<\/p>\n<p><strong>\u00c9conomies d&rsquo;\u00e9nergie estim\u00e9es :<\/strong><br \/>\n1 590 kWh\/mois : 19 080 kWh\/an<\/p>\n<p><strong>Estimation des \u00e9conomies en argent :<\/strong><br \/>\nPrix de l&rsquo;\u00e9lectricit\u00e9 0,1\/kWh, \u00e9conomie : 1 908 \u20ac\/an<br \/>\nPrix de l&rsquo;\u00e9lectricit\u00e9 0,15\/kWh, \u00e9conomie : 2 862 \u20ac\/an<br \/>\nPrix de l&rsquo;\u00e9lectricit\u00e9 0,25\/KWh, \u00e9conomie : 4 770 \u20ac\/an<br \/>\nPrix de l&rsquo;\u00e9lectricit\u00e9 0,35\/KWh, \u00e9conomie : 6 678 \u20ac\/an<\/p>\n<p><strong>Consommation suppl\u00e9mentaire lorsque le chauffage est actif :<\/strong> 1,2 kWh<br \/>\nLe WLD1H est principalement con\u00e7u pour \u00eatre utilis\u00e9 en conjonction avec le syst\u00e8me de chauffage existant de la propri\u00e9t\u00e9. Le chauffage d&rsquo;appoint int\u00e9gr\u00e9 est utilis\u00e9 en fonction des besoins, par exemple dans les pi\u00e8ces les plus froides ou lorsqu&rsquo;une capacit\u00e9 de s\u00e9chage suppl\u00e9mentaire est n\u00e9cessaire.<\/p>\n<h3>Zones d&rsquo;utilisation recommand\u00e9es:<\/h3>\n<p><strong>Locaux de s\u00e9chage dans les immeubles<\/strong> &#8211; Le WLD1H est un choix fiable et puissant pour les grandes propri\u00e9t\u00e9s, en particulier dans les immeubles d&rsquo;habitation o\u00f9 les locaux de s\u00e9chage sont fr\u00e9quemment utilis\u00e9s. En installant le WLD1H, vous garantissez un processus de s\u00e9chage rapide et uniforme qui r\u00e9duit le risque de condensation, de d\u00e9g\u00e2ts dus \u00e0 l&rsquo;humidit\u00e9 et d&rsquo;odeurs d\u00e9sagr\u00e9ables, ce qui prolonge la dur\u00e9e de vie du b\u00e2timent.<br \/>\n<strong>Gymnases et locaux similaires<\/strong> &#8211; Dans les environnements o\u00f9 les niveaux d&rsquo;humidit\u00e9 sont souvent \u00e9lev\u00e9s, comme dans les gymnases, les centres de remise en forme ou d&rsquo;autres grands locaux, le WLD1H est une solution tr\u00e8s efficace. Il maintient l&rsquo;air frais et sec, cr\u00e9ant ainsi un environnement plus confortable et plus hygi\u00e9nique pour les visiteurs et les \u00e9quipements.<\/p>\n<h3>Capacit\u00e9 et d\u00e9bit d&rsquo;air \u00e9lev\u00e9s pour une circulation efficace de l&rsquo;air dans la pi\u00e8ce<\/h3>\n<p>Avec une capacit\u00e9 de d\u00e9shumidification allant jusqu&rsquo;\u00e0 48 litres par jour et un d\u00e9bit d&rsquo;air allant jusqu&rsquo;\u00e0 800 m\u00b3\/h, le WLD1H traite efficacement de grandes quantit\u00e9s de linge et d&rsquo;humidit\u00e9. Le s\u00e9chage du linge \u00e0 l&rsquo;aide d&rsquo;un d\u00e9shumidificateur est non seulement tr\u00e8s \u00e9conome en \u00e9nergie, mais il m\u00e9nage \u00e9galement les v\u00eatements. Le puissant ventilateur dispose de quatre vitesses r\u00e9glables et s\u00e8che le linge par le bas, l\u00e0 o\u00f9 il est le plus humide. Si le linge est correctement suspendu, il s\u00e8che \u00e9galement plus rapidement. Les v\u00eatements humides et lourds, tels que les jeans, doivent \u00eatre \u00e9tendus le plus pr\u00e8s possible du d\u00e9shumidificateur, tandis que les v\u00eatements plus l\u00e9gers et plus fins doivent \u00eatre \u00e9tendus le plus loin possible. Si le linge est \u00e9galement \u00e9tendu sur des doubles cordes \u00e0 linge, le s\u00e9chage est encore plus rapide.<\/p>\n<h3>Chauffage auxiliaire int\u00e9gr\u00e9 pour un fonctionnement flexible<\/h3>\n<p>Le WLD1H est \u00e9quip\u00e9 d&rsquo;un chauffage int\u00e9gr\u00e9 de 1200 W qui peut \u00eatre activ\u00e9 par un bouton s\u00e9par\u00e9. Lorsque le chauffage est activ\u00e9, l&rsquo;appareil atteint une temp\u00e9rature d&rsquo;environ 27\u00b0C et maintient un niveau stable de 27\u00b0C \u00b11\u00b0C pendant le fonctionnement. Une fois la fonction de chauffage activ\u00e9e, elle d\u00e9marre automatiquement avec les m\u00eames r\u00e9glages au red\u00e9marrage, ce qui permet d&rsquo;utiliser le verrouillage de l&rsquo;\u00e9cran et de garantir le maintien des r\u00e9glages s\u00e9lectionn\u00e9s par le propri\u00e9taire. Le ventilateur s&rsquo;adapte au programme s\u00e9lectionn\u00e9 et continue de fonctionner pendant une courte p\u00e9riode apr\u00e8s l&rsquo;arr\u00eat du chauffage pour assurer un refroidissement s\u00fbr.<\/p>\n<h3>Efficace toute l&rsquo;ann\u00e9e, m\u00eame \u00e0 basse temp\u00e9rature<\/h3>\n<p>Le WLD1H de Wood est con\u00e7u pour fonctionner efficacement m\u00eame \u00e0 basse temp\u00e9rature, avec une plage de fonctionnement allant de +2 \u00b0C \u00e0 +35 \u00b0C. Pour des performances optimales, il est recommand\u00e9 d&rsquo;utiliser le syst\u00e8me de chauffage existant dans les locaux. Si n\u00e9cessaire, le chauffage auxiliaire int\u00e9gr\u00e9 peut \u00eatre utilis\u00e9 pour am\u00e9liorer encore les conditions de s\u00e9chage, en particulier dans les environnements plus froids.<\/p>\n<h3>Une installation intelligente donne de meilleurs r\u00e9sultats<\/h3>\n<p>Le WLD1H est install\u00e9 de mani\u00e8re \u00e0 ce que la sortie d&rsquo;air soit dirig\u00e9e vers les cordes \u00e0 linge et le linge. Pour un s\u00e9chage optimal, le support mural fourni doit \u00eatre install\u00e9 \u00e0 proximit\u00e9 des cordes \u00e0 linge. Le WLD1H est \u00e9galement \u00e9quip\u00e9 d&rsquo;un couvercle d&rsquo;affichage amovible, qui vous permet de choisir si les r\u00e9sidents doivent pouvoir modifier les r\u00e9glages ou si le s\u00e9chage doit s&rsquo;effectuer \u00e0 l&rsquo;aide de r\u00e9glages pr\u00e9d\u00e9finis par le propri\u00e9taire. Le WLD1H est fourni sans prise et doit \u00eatre install\u00e9 par un \u00e9lectricien qualifi\u00e9. Pour une utilisation optimale, il est pr\u00e9f\u00e9rable de le raccorder \u00e0 une minuterie qui contr\u00f4le le temps de s\u00e9chage.<\/p>\n<h3>Construit pour durer<\/h3>\n<p>Fabriqu\u00e9 en Su\u00e8de avec un bo\u00eetier m\u00e9tallique durable et des composants r\u00e9sistants, le WLD1H est con\u00e7u pour une longue dur\u00e9e de vie et un entretien minimal. Le filtre en nylon lavable prot\u00e8ge le d\u00e9shumidificateur en retenant la poussi\u00e8re et les particules provenant du linge, et le filtre SMF de haute qualit\u00e9 inclus prot\u00e8ge l&rsquo;appareil contre les particules plus petites et les moisissures, garantissant ainsi des performances optimales au fil du temps.<\/p>\n<h3>Longue garantie et utilisation facile et durable<\/h3>\n<p>Le WLD1H de Wood est garanti jusqu&rsquo;\u00e0 6 ans, \u00e0 condition que le filtre soit remplac\u00e9 une fois par an et que l&rsquo;appareil soit enregistr\u00e9 sur le site warranty-woods.com. En vous enregistrant, vous recevrez \u00e9galement des rappels lorsqu&rsquo;il est temps de changer le filtre, ce qui simplifie l&rsquo;entretien et garantit un fonctionnement optimal de l&rsquo;appareil.<\/p>\n<h3>Une solution durable et efficace pour le s\u00e9chage des locaux et des propri\u00e9t\u00e9s<\/h3>\n<p>En utilisant le WLD1H, vous obtenez un d\u00e9shumidificateur qui non seulement r\u00e9duit les co\u00fbts \u00e9nerg\u00e9tiques mais rend \u00e9galement le processus de s\u00e9chage plus doux pour le linge et la structure du b\u00e2timent. Avec une installation et une utilisation simples, le WLD1H est un choix naturel pour les propri\u00e9taires qui recherchent l&rsquo;efficacit\u00e9 \u00e9nerg\u00e9tique et un avenir durable.<\/p>\n","protected":false},"excerpt":{"rendered":"<p>Le d\u00e9shumidificateur de buanderie intelligent WLD1H de Wood a \u00e9t\u00e9 sp\u00e9cialement con\u00e7u pour les propri\u00e9taires qui souhaitent r\u00e9duire leurs co\u00fbts \u00e9nerg\u00e9tiques sans compromettre le temps de s\u00e9chage. Avec un ventilateur puissant, une capacit\u00e9 de d\u00e9shumidification \u00e9lev\u00e9e et un chauffage d&rsquo;appoint int\u00e9gr\u00e9 en cas de besoin, le WLD1H peut s\u00e9cher efficacement le linge m\u00eame dans les espaces plus frais. Le chauffage d&rsquo;appoint sert de compl\u00e9ment lorsque le syst\u00e8me de chauffage existant est insuffisant. Gr\u00e2ce \u00e0 une installation simple et \u00e0 des mat\u00e9riaux durables, le WLD1H est une solution durable et fiable pour toutes les salles de s\u00e9chage. Fabriqu\u00e9 en Su\u00e8de, il est garanti jusqu&rsquo;\u00e0 6 ans.<\/p>\n","protected":false},"featured_media":44460,"template":"","meta":{"_acf_changed":false},"product_brand":[],"product_cat":[425,4740,429],"product_tag":[3242,3220,3241],"class_list":{"0":"post-52239","1":"product","2":"type-product","3":"status-publish","4":"has-post-thumbnail","6":"product_cat-deshumidificateurs","7":"product_cat-professionels","8":"product_cat-professionnels","9":"product_tag-grandes-salles-de-sechage","10":"product_tag-lindustrie-immobiliere","11":"product_tag-salles-de-sechage","12":"splide__slide","14":"first","15":"instock","16":"taxable","17":"shipping-taxable","18":"purchasable","19":"product-type-simple"},"acf":[],"_links":{"self":[{"href":"https:\/\/woods.se\/fr\/wp-json\/wp\/v2\/product\/52239","targetHints":{"allow":["GET"]}}],"collection":[{"href":"https:\/\/woods.se\/fr\/wp-json\/wp\/v2\/product"}],"about":[{"href":"https:\/\/woods.se\/fr\/wp-json\/wp\/v2\/types\/product"}],"wp:featuredmedia":[{"embeddable":true,"href":"https:\/\/woods.se\/fr\/wp-json\/wp\/v2\/media\/44460"}],"wp:attachment":[{"href":"https:\/\/woods.se\/fr\/wp-json\/wp\/v2\/media?parent=52239"}],"wp:term":[{"taxonomy":"product_brand","embeddable":true,"href":"https:\/\/woods.se\/fr\/wp-json\/wp\/v2\/product_brand?post=52239"},{"taxonomy":"product_cat","embeddable":true,"href":"https:\/\/woods.se\/fr\/wp-json\/wp\/v2\/product_cat?post=52239"},{"taxonomy":"product_tag","embeddable":true,"href":"https:\/\/woods.se\/fr\/wp-json\/wp\/v2\/product_tag?post=52239"}],"curies":[{"name":"wp","href":"https:\/\/api.w.org\/{rel}","templated":true}]}}