{"id":48037,"date":"2024-12-12T11:37:04","date_gmt":"2024-12-12T10:37:04","guid":{"rendered":"https:\/\/stage.woods.se\/?post_type=product&#038;p=48037"},"modified":"2025-10-15T11:58:24","modified_gmt":"2025-10-15T09:58:24","slug":"woods-active-ion-hepa-filter-900-serie","status":"publish","type":"product","link":"https:\/\/woods.se\/fr\/produits\/purificateurs\/woods-active-ion-hepa-filter-900-serie\/","title":{"rendered":"Wood\u2019s Active ION HEPA filter 900-serie"},"content":{"rendered":"<h2>Wood&rsquo;s Active ION HEPA filter<\/h2>\n<h3>Deux filtres pour une purification maximale de l&rsquo;air dans la s\u00e9rie 900<\/h3>\n<p>Le filtre HEPA Active ION de Wood pour la s\u00e9rie 900 est le secret de la capacit\u00e9 \u00e9lev\u00e9e des purificateurs d&rsquo;air tels que le GRAN 900. L&#8217;emballage contient deux filtres, sp\u00e9cialement adapt\u00e9s pour fournir une purification maximale dans les grands espaces. Les filtres sont fabriqu\u00e9s en Su\u00e8de \u00e0 partir d&rsquo;un mat\u00e9riau synth\u00e9tique dont les fibres sont l\u00e9g\u00e8rement charg\u00e9es \u00e9lectriquement, ce qui leur permet de capturer tr\u00e8s efficacement les particules les plus fines.<\/p>\n<h3>Purification efficace de l&rsquo;air pour les grandes surfaces<\/h3>\n<p>Le filtre HEPA Active ION \u00e9limine 99,98 % de toutes les particules en suspension dans l&rsquo;air. Il capture la poussi\u00e8re, le pollen, les spores de moisissure, les bact\u00e9ries et m\u00eame les filles radioactives du radon. L&rsquo;air devient ainsi nettement plus frais et plus sain, ce qui est id\u00e9al pour les grands salons, les bureaux et autres environnements ouverts.<\/p>\n<h3>Filtre les particules ultrafines<\/h3>\n<p>Les filtres peuvent capturer des particules d&rsquo;une taille inf\u00e9rieure \u00e0 0,0003 mm, soit 50 fois plus petites qu&rsquo;une bact\u00e9rie. Cela en fait l&rsquo;une des solutions de filtration les plus avanc\u00e9es pour un usage domestique ou professionnel.<\/p>\n<h3>Filtres de qualit\u00e9 fabriqu\u00e9s en Su\u00e8de<\/h3>\n<p>Les deux filtres sont d\u00e9velopp\u00e9s et fabriqu\u00e9s en Su\u00e8de, ce qui garantit une qualit\u00e9 optimale, une longue dur\u00e9e de vie et des performances fiables.<\/p>\n<h3>Compatibilit\u00e9<\/h3>\n<p>Les filtres HEPA Active ION de Wood pour la s\u00e9rie 900 sont sp\u00e9cialement con\u00e7us pour les purificateurs d&rsquo;air tels que le GRAN 900.<\/p>\n","protected":false},"excerpt":{"rendered":"<p>Le filtre HEPA Active ION de Wood pour la s\u00e9rie 900 se compose de deux filtres haute performance, d\u00e9velopp\u00e9s pour les purificateurs d&rsquo;air tels que le GRAN 900. Les filtres capturent 99,98 % de toutes les particules nocives, y compris le pollen, la poussi\u00e8re, les spores de moisissure, les bact\u00e9ries et les filles du radon. Ils sont fabriqu\u00e9s en Su\u00e8de \u00e0 l&rsquo;aide d&rsquo;un mat\u00e9riau synth\u00e9tique unique dont les fibres sont charg\u00e9es \u00e9lectriquement, ce qui signifie que m\u00eame les plus petites particules sont pi\u00e9g\u00e9es. Le r\u00e9sultat est un air imm\u00e9diatement plus propre et plus sain, sans bruit et avec une grande efficacit\u00e9 \u00e9nerg\u00e9tique.<\/p>\n","protected":false},"featured_media":45260,"template":"","meta":{"_acf_changed":false},"product_brand":[],"product_cat":[424,4800,427],"product_tag":[441,3516],"class_list":{"0":"post-48037","1":"product","2":"type-product","3":"status-publish","4":"has-post-thumbnail","6":"product_cat-accessoires","7":"product_cat-accessoires-purificateurs","8":"product_cat-purificateurs","9":"product_tag-filtre","10":"product_tag-filtre-hepa","11":"product_shipping_class-low","12":"splide__slide","14":"first","15":"outofstock","16":"taxable","17":"shipping-taxable","18":"purchasable","19":"product-type-simple"},"acf":[],"_links":{"self":[{"href":"https:\/\/woods.se\/fr\/wp-json\/wp\/v2\/product\/48037","targetHints":{"allow":["GET"]}}],"collection":[{"href":"https:\/\/woods.se\/fr\/wp-json\/wp\/v2\/product"}],"about":[{"href":"https:\/\/woods.se\/fr\/wp-json\/wp\/v2\/types\/product"}],"wp:featuredmedia":[{"embeddable":true,"href":"https:\/\/woods.se\/fr\/wp-json\/wp\/v2\/media\/45260"}],"wp:attachment":[{"href":"https:\/\/woods.se\/fr\/wp-json\/wp\/v2\/media?parent=48037"}],"wp:term":[{"taxonomy":"product_brand","embeddable":true,"href":"https:\/\/woods.se\/fr\/wp-json\/wp\/v2\/product_brand?post=48037"},{"taxonomy":"product_cat","embeddable":true,"href":"https:\/\/woods.se\/fr\/wp-json\/wp\/v2\/product_cat?post=48037"},{"taxonomy":"product_tag","embeddable":true,"href":"https:\/\/woods.se\/fr\/wp-json\/wp\/v2\/product_tag?post=48037"}],"curies":[{"name":"wp","href":"https:\/\/api.w.org\/{rel}","templated":true}]}}