{"id":48036,"date":"2024-12-12T11:11:09","date_gmt":"2024-12-12T10:11:09","guid":{"rendered":"https:\/\/stage.woods.se\/?post_type=product&#038;p=48036"},"modified":"2025-09-15T10:49:41","modified_gmt":"2025-09-15T08:49:41","slug":"woods-ac-milan-7k-wifi-smart-home","status":"publish","type":"product","link":"https:\/\/woods.se\/fr\/produits\/climatiseurs-mobiles\/pour-la-chambre-denfant\/woods-ac-milan-7k-wifi-smart-home\/","title":{"rendered":"Wood\u2019s AC Milan 7K WiFi Smart Home"},"content":{"rendered":"<h2>La maison intelligente 7K WiFi de l&rsquo;AC Milan de Wood<\/h2>\n<h3>Climatiseur compact, silencieux et \u00e0 commande intelligente pour les petites pi\u00e8ces<\/h3>\n<p>L&rsquo;AC Milan 7K WiFi Smart Home de Wood combine un refroidissement efficace avec un design compact, de faibles niveaux sonores et un contr\u00f4le intelligent. Avec une capacit\u00e9 de refroidissement de 7000 BTU (2 kW), il refroidit rapidement les pi\u00e8ces jusqu&rsquo;\u00e0 20 m\u00b2, ce qui le rend parfait pour les petits espaces de la maison &#8211; des chambres et chambres d&rsquo;enfants aux salons.<\/p>\n<h3>Caract\u00e9ristiques principales<\/h3>\n\n<h3>Rafra\u00eechit les petites pi\u00e8ces de votre maison<\/h3>\n<p><strong>Chambre \u00e0 coucher : <\/strong>Le faible niveau sonore vous permet de dormir au calme et sans \u00eatre d\u00e9rang\u00e9.<br \/>\n<strong>Chambre d&rsquo;enfant :<\/strong> Fournit une temp\u00e9rature uniforme et confortable qui rend le climat int\u00e9rieur plus s\u00fbr pour les enfants.<br \/>\n<strong>Salon :<\/strong> Cr\u00e9e un environnement frais et confortable pour toute la famille pendant les journ\u00e9es chaudes.<\/p>\n<h3>Douceur et convivialit\u00e9 &#8211; avec un contr\u00f4le intelligent<\/h3>\n<p>Milan 7K WiFi est facile \u00e0 d\u00e9placer et simple \u00e0 installer gr\u00e2ce au kit de fen\u00eatre inclus. Il dispose d&rsquo;un panneau tactile num\u00e9rique et d&rsquo;une t\u00e9l\u00e9commande pour un contr\u00f4le local, mais gr\u00e2ce \u00e0 la fonction Wifi, vous pouvez \u00e9galement le contr\u00f4ler via l&rsquo;application Wood&rsquo;s Connect, Google Home ou Alexa. Ainsi, vous pouvez commencer \u00e0 refroidir \u00e0 temps et \u00eatre toujours accueilli par un climat confortable lorsque vous rentrez \u00e0 la maison.<\/p>\n<h3>Calme et confortable<\/h3>\n<p>Avec un niveau sonore de seulement 52 dB, l&rsquo;AC Milan 7K WiFi Smart Home fonctionne discr\u00e8tement, ce qui le rend particuli\u00e8rement adapt\u00e9 aux petites chambres ou aux chambres d&rsquo;enfants o\u00f9 il est n\u00e9cessaire de rafra\u00eechir sans d\u00e9ranger. Le filtre lavable facilite l&rsquo;entretien et contribue \u00e0 maintenir l&rsquo;air propre.<\/p>\n","protected":false},"excerpt":{"rendered":"<p>L&rsquo;AC Milan 7K WiFi Smart Home de Wood est un petit climatiseur portable, pratique et silencieux. Avec 7000 BTU (2 kW), il rafra\u00eechit efficacement les pi\u00e8ces jusqu&rsquo;\u00e0 20 m\u00b2 &#8211; parfait pour les chambres, les chambres d&rsquo;enfants et les salons. Il a un faible niveau sonore de 52 dB maximum, un filtre lavable et un d\u00e9bit d&rsquo;air de 350 m\u00b3\/h. Gr\u00e2ce \u00e0 la fonction Wifi, vous pouvez le contr\u00f4ler \u00e0 distance via l&rsquo;appli Wood&rsquo;s Connect, Google Home ou Alexa et toujours rentrer chez vous dans un climat int\u00e9rieur confortable.<\/p>\n","protected":false},"featured_media":46130,"template":"","meta":{"_acf_changed":false},"product_brand":[],"product_cat":[426,4893],"product_tag":[2961,3063,3308,436],"class_list":{"0":"post-48036","1":"product","2":"type-product","3":"status-publish","4":"has-post-thumbnail","6":"product_cat-climatiseurs-mobiles","7":"product_cat-pour-la-chambre-denfant","8":"product_tag-20-m-fr","9":"product_tag-climatiseurs-mobiles-pour-petites-chambres","10":"product_tag-maison-intelligente","11":"product_tag-wifi-fr","12":"product_shipping_class-high","13":"splide__slide","15":"first","16":"instock","17":"taxable","18":"shipping-taxable","19":"product-type-simple"},"acf":[],"_links":{"self":[{"href":"https:\/\/woods.se\/fr\/wp-json\/wp\/v2\/product\/48036","targetHints":{"allow":["GET"]}}],"collection":[{"href":"https:\/\/woods.se\/fr\/wp-json\/wp\/v2\/product"}],"about":[{"href":"https:\/\/woods.se\/fr\/wp-json\/wp\/v2\/types\/product"}],"wp:featuredmedia":[{"embeddable":true,"href":"https:\/\/woods.se\/fr\/wp-json\/wp\/v2\/media\/46130"}],"wp:attachment":[{"href":"https:\/\/woods.se\/fr\/wp-json\/wp\/v2\/media?parent=48036"}],"wp:term":[{"taxonomy":"product_brand","embeddable":true,"href":"https:\/\/woods.se\/fr\/wp-json\/wp\/v2\/product_brand?post=48036"},{"taxonomy":"product_cat","embeddable":true,"href":"https:\/\/woods.se\/fr\/wp-json\/wp\/v2\/product_cat?post=48036"},{"taxonomy":"product_tag","embeddable":true,"href":"https:\/\/woods.se\/fr\/wp-json\/wp\/v2\/product_tag?post=48036"}],"curies":[{"name":"wp","href":"https:\/\/api.w.org\/{rel}","templated":true}]}}