{"id":48019,"date":"2025-09-10T21:10:55","date_gmt":"2025-09-10T19:10:55","guid":{"rendered":"https:\/\/stage.woods.se\/?post_type=product&#038;p=48019"},"modified":"2025-10-15T13:44:19","modified_gmt":"2025-10-15T11:44:19","slug":"woods-geneva-replacement-filters","status":"publish","type":"product","link":"https:\/\/woods.se\/fr\/products\/humidificateurs\/woods-geneva-replacement-filters\/","title":{"rendered":"Wood&rsquo;s Geneva Replacement Filters"},"content":{"rendered":"<h2>Wood&rsquo;s Geneva HSW90 &#8211; Filtre de remplacement (paquet de 2)<\/h2>\n<p>Les filtres de remplacement Geneva HSW90 de Wood&rsquo;s (paquet de 2) sont des filtres d&rsquo;origine sp\u00e9cialement con\u00e7us pour l&rsquo;humidificateur Geneva HSW90. Ils sont fabriqu\u00e9s dans un mat\u00e9riau de haute qualit\u00e9 avec une conception pliss\u00e9e qui permet une absorption d&rsquo;eau et une humidification maximales. Les filtres sont trait\u00e9s antibact\u00e9riens pour emp\u00eacher la formation de bact\u00e9ries dans l&rsquo;eau stagnante. Remplacez-les au moins une fois par an pour une performance optimale. Si vous avez enregistr\u00e9 votre Geneva HSW90 sur warranty-woods.com, vous pouvez prolonger la garantie jusqu&rsquo;\u00e0 6 ans en rempla\u00e7ant le filtre au moins une fois par an.<\/p>\n","protected":false},"excerpt":{"rendered":"<p>Les filtres de remplacement Geneva HSW90 de Wood&rsquo;s (paquet de 2) sont des filtres d&rsquo;origine sp\u00e9cialement con\u00e7us pour l&rsquo;humidificateur Geneva HSW90. Ils sont fabriqu\u00e9s dans un mat\u00e9riau de haute qualit\u00e9 avec une conception pliss\u00e9e qui permet une absorption d&rsquo;eau et une humidification maximales. Les filtres sont trait\u00e9s antibact\u00e9riens pour emp\u00eacher la formation de bact\u00e9ries dans l&rsquo;eau stagnante. Remplacez-les au moins une fois par an pour une performance optimale. Si vous avez enregistr\u00e9 votre Geneva HSW90 sur <a href=\"https:\/\/warranty-woods.com\/\">warranty-woods.com<\/a>, vous pouvez prolonger la garantie jusqu&rsquo;\u00e0 6 ans en rempla\u00e7ant le filtre au moins une fois par an.<\/p>\n","protected":false},"featured_media":46605,"template":"","meta":{"_acf_changed":false},"product_brand":[],"product_cat":[424,4826,428],"product_tag":[441,3530],"class_list":{"0":"post-48019","1":"product","2":"type-product","3":"status-publish","4":"has-post-thumbnail","6":"product_cat-accessoires","7":"product_cat-accessoires-humidificateurs","8":"product_cat-humidificateurs","9":"product_tag-filtre","10":"product_tag-humidificateur","11":"splide__slide","13":"first","14":"instock","15":"taxable","16":"shipping-taxable","17":"purchasable","18":"product-type-simple"},"acf":[],"_links":{"self":[{"href":"https:\/\/woods.se\/fr\/wp-json\/wp\/v2\/product\/48019","targetHints":{"allow":["GET"]}}],"collection":[{"href":"https:\/\/woods.se\/fr\/wp-json\/wp\/v2\/product"}],"about":[{"href":"https:\/\/woods.se\/fr\/wp-json\/wp\/v2\/types\/product"}],"wp:featuredmedia":[{"embeddable":true,"href":"https:\/\/woods.se\/fr\/wp-json\/wp\/v2\/media\/46605"}],"wp:attachment":[{"href":"https:\/\/woods.se\/fr\/wp-json\/wp\/v2\/media?parent=48019"}],"wp:term":[{"taxonomy":"product_brand","embeddable":true,"href":"https:\/\/woods.se\/fr\/wp-json\/wp\/v2\/product_brand?post=48019"},{"taxonomy":"product_cat","embeddable":true,"href":"https:\/\/woods.se\/fr\/wp-json\/wp\/v2\/product_cat?post=48019"},{"taxonomy":"product_tag","embeddable":true,"href":"https:\/\/woods.se\/fr\/wp-json\/wp\/v2\/product_tag?post=48019"}],"curies":[{"name":"wp","href":"https:\/\/api.w.org\/{rel}","templated":true}]}}