{"id":48017,"date":"2025-09-10T15:14:25","date_gmt":"2025-09-10T13:14:25","guid":{"rendered":"https:\/\/stage.woods.se\/?post_type=product&#038;p=48017"},"modified":"2025-10-15T13:41:28","modified_gmt":"2025-10-15T11:41:28","slug":"woods-roof-window-sealing-kit-thermique","status":"publish","type":"product","link":"https:\/\/woods.se\/fr\/produits\/climatiseurs-mobiles\/woods-roof-window-sealing-kit-thermique\/","title":{"rendered":"Wood&rsquo;s Roof Window Sealing Kit (thermique)"},"content":{"rendered":"<h2>Kit d&rsquo;\u00e9tanch\u00e9it\u00e9 pour fen\u00eatres de toit Wood&rsquo;s &#8211; une \u00e9tanch\u00e9it\u00e9 thermique efficace pour les fen\u00eatres de toit<\/h2>\n<p>Avec le kit d&rsquo;\u00e9tanch\u00e9it\u00e9 pour fen\u00eatres de toit de Wood, vous pouvez optimiser les performances de votre climatiseur portable, m\u00eame dans les pi\u00e8ces dot\u00e9es de fen\u00eatres de toit. L&rsquo;\u00e9tanch\u00e9it\u00e9 autour du tuyau d&rsquo;\u00e9vacuation emp\u00eache l&rsquo;air chaud de p\u00e9n\u00e9trer dans la pi\u00e8ce, ce qui r\u00e9duit la capacit\u00e9 de refroidissement et augmente la consommation d&rsquo;\u00e9nergie.<\/p>\n<h3>Conception intelligente en deux parties<\/h3>\n<p>Le kit se compose de deux pi\u00e8ces de 2 m\u00e8tres. L&rsquo;une des pi\u00e8ces se monte facilement dans la partie sup\u00e9rieure de la fen\u00eatre, tandis que l&rsquo;autre, \u00e9quip\u00e9e d&rsquo;une fermeture \u00e9clair et de quatre glissi\u00e8res, se fixe \u00e0 la partie inf\u00e9rieure. Le kit convient donc aux mod\u00e8les AC avec un ou deux tuyaux d&rsquo;\u00e9vacuation d&rsquo;air (y compris AC Cortina AirSwitch).<\/p>\n<h3>Tissu thermique pour une meilleure isolation<\/h3>\n<p>Le tissu thermique de haute qualit\u00e9 garantit que l&rsquo;air chaud reste \u00e0 l&rsquo;ext\u00e9rieur et l&rsquo;air frais \u00e0 l&rsquo;int\u00e9rieur. En m\u00eame temps, il emp\u00eache la poussi\u00e8re, la salet\u00e9 et les insectes de p\u00e9n\u00e9trer dans la pi\u00e8ce.<\/p>\n<h3>Avantages du kit d&rsquo;\u00e9tanch\u00e9it\u00e9 pour fen\u00eatres de toit Wood&rsquo;s<\/h3>\n<ul>\n<li>Am\u00e9lioration de la capacit\u00e9 de refroidissement &#8211; l&rsquo;air chaud est \u00e9vacu\u00e9 et l&rsquo;air frais est introduit.<\/li>\n<li>Convient \u00e9galement aux unit\u00e9s de climatisation portables avec des tuyaux doubles.<\/li>\n<li>Le tissu thermique offre une meilleure isolation et une plus grande efficacit\u00e9 \u00e9nerg\u00e9tique.<\/li>\n<li>Conception en deux parties adapt\u00e9e aux fen\u00eatres de toit.<\/li>\n<li>Installation facile et ajustement flexible.<\/li>\n<\/ul>\n<h3>Parfait pour les maisons et les bureaux<\/h3>\n<p>Que vous utilisiez votre climatiseur portable dans votre chambre, votre salon ou votre bureau avec une fen\u00eatre de toit, le kit d&rsquo;\u00e9tanch\u00e9it\u00e9 pour fen\u00eatre de toit Wood&rsquo;s vous aide \u00e0 obtenir un effet maximal et un environnement int\u00e9rieur plus confortable.<\/p>\n<p>Choisissez le kit d&rsquo;\u00e9tanch\u00e9it\u00e9 pour fen\u00eatres de toit Wood&rsquo;s &#8211; un accessoire intelligent et \u00e9conome en \u00e9nergie pour votre climatiseur portable.<\/p>\n","protected":false},"excerpt":{"rendered":"<p>Le kit d&rsquo;\u00e9tanch\u00e9it\u00e9 pour fen\u00eatres de toit de Wood est l&rsquo;accessoire id\u00e9al pour les climatiseurs portables install\u00e9s dans des pi\u00e8ces dot\u00e9es de fen\u00eatres de toit. Le kit se compose de deux pi\u00e8ces de 2 m, dont l&rsquo;une est munie d&rsquo;une fermeture \u00e0 glissi\u00e8re \u00e0 quatre patins et peut \u00eatre utilis\u00e9e pour un ou deux tuyaux d&rsquo;\u00e9vacuation. Fabriqu\u00e9 en tissu thermique, il emp\u00eache efficacement l&rsquo;air chaud de sortir et l&rsquo;air frais de rentrer. Convient \u00e0 tous les mod\u00e8les de climatiseurs portables et est facile \u00e0 installer.<\/p>\n","protected":false},"featured_media":46400,"template":"","meta":{"_acf_changed":false},"product_brand":[],"product_cat":[424,4905,426],"product_tag":[3496],"class_list":{"0":"post-48017","1":"product","2":"type-product","3":"status-publish","4":"has-post-thumbnail","6":"product_cat-accessoires","7":"product_cat-accessoires-climatisation","8":"product_cat-climatiseurs-mobiles","9":"product_tag-kit-detancheite","10":"splide__slide","12":"first","13":"instock","14":"taxable","15":"shipping-taxable","16":"purchasable","17":"product-type-simple"},"acf":[],"_links":{"self":[{"href":"https:\/\/woods.se\/fr\/wp-json\/wp\/v2\/product\/48017","targetHints":{"allow":["GET"]}}],"collection":[{"href":"https:\/\/woods.se\/fr\/wp-json\/wp\/v2\/product"}],"about":[{"href":"https:\/\/woods.se\/fr\/wp-json\/wp\/v2\/types\/product"}],"wp:featuredmedia":[{"embeddable":true,"href":"https:\/\/woods.se\/fr\/wp-json\/wp\/v2\/media\/46400"}],"wp:attachment":[{"href":"https:\/\/woods.se\/fr\/wp-json\/wp\/v2\/media?parent=48017"}],"wp:term":[{"taxonomy":"product_brand","embeddable":true,"href":"https:\/\/woods.se\/fr\/wp-json\/wp\/v2\/product_brand?post=48017"},{"taxonomy":"product_cat","embeddable":true,"href":"https:\/\/woods.se\/fr\/wp-json\/wp\/v2\/product_cat?post=48017"},{"taxonomy":"product_tag","embeddable":true,"href":"https:\/\/woods.se\/fr\/wp-json\/wp\/v2\/product_tag?post=48017"}],"curies":[{"name":"wp","href":"https:\/\/api.w.org\/{rel}","templated":true}]}}