{"id":48015,"date":"2025-09-10T15:13:36","date_gmt":"2025-09-10T13:13:36","guid":{"rendered":"https:\/\/stage.woods.se\/?post_type=product&#038;p=48015"},"modified":"2025-10-15T13:36:51","modified_gmt":"2025-10-15T11:36:51","slug":"woods-door-and-large-window-sealing-kit-thermal","status":"publish","type":"product","link":"https:\/\/woods.se\/fr\/produits\/climatiseurs-mobiles\/woods-door-and-large-window-sealing-kit-thermal\/","title":{"rendered":"Wood&rsquo;s Door and Large Window Sealing Kit (Thermal)"},"content":{"rendered":"<h2>Kit d&rsquo;\u00e9tanch\u00e9it\u00e9 pour portes et grandes fen\u00eatres de Wood&rsquo;s<\/h2>\n<h3>Etanch\u00e9it\u00e9 thermique efficace pour les grandes ouvertures<\/h3>\n<p>Avec le kit d&rsquo;\u00e9tanch\u00e9it\u00e9 pour portes et grandes fen\u00eatres de Wood, vous pouvez am\u00e9liorer les performances de votre climatiseur portable, m\u00eame dans les grandes ouvertures telles que les portes et les grandes fen\u00eatres. L&rsquo;\u00e9tanch\u00e9it\u00e9 autour du tuyau d&rsquo;\u00e9vacuation emp\u00eache l&rsquo;air chaud de retourner dans la pi\u00e8ce, ce qui r\u00e9duit la capacit\u00e9 de refroidissement et augmente la consommation d&rsquo;\u00e9nergie.<\/p>\n<h3>Conception intelligente avec tissu thermique<\/h3>\n<p>Le kit mesure 4 m\u00e8tres de long et est compos\u00e9 d&rsquo;un tissu thermique de haute qualit\u00e9 qui offre une isolation suppl\u00e9mentaire. Il emp\u00eache efficacement l&rsquo;air chaud de sortir tout en gardant l&rsquo;air frais \u00e0 l&rsquo;int\u00e9rieur. Avec quatre curseurs sur la fermeture \u00e9clair, le kit peut \u00eatre utilis\u00e9 pour les unit\u00e9s de climatisation avec un ou deux tuyaux d&rsquo;\u00e9chappement (y compris AC Cortina AirSwitch).<\/p>\n<h3>Avantages du kit d&rsquo;\u00e9tanch\u00e9it\u00e9 pour portes et grandes fen\u00eatres de Wood&rsquo;s<\/h3>\n<ul>\n<li>Capacit\u00e9 de refroidissement am\u00e9lior\u00e9e &#8211; emp\u00eache l&rsquo;air chaud de sortir et l&rsquo;air froid de rentrer.<\/li>\n<li>Convient \u00e9galement aux unit\u00e9s de climatisation portables avec des tuyaux doubles.<\/li>\n<li>Le tissu thermique offre une meilleure isolation et une plus grande efficacit\u00e9 \u00e9nerg\u00e9tique.<\/li>\n<li>Installation facile sur les portes et les grandes fen\u00eatres.<\/li>\n<li>Emp\u00eache la poussi\u00e8re, la salet\u00e9 et les insectes de p\u00e9n\u00e9trer.<\/li>\n<\/ul>\n<h3>Parfait pour les maisons et les bureaux<\/h3>\n<p>Que vous utilisiez votre climatiseur portable dans votre salon, votre chambre, votre bureau ou dans des espaces plus vastes dot\u00e9s de portes ou de grandes fen\u00eatres, le kit d&rsquo;\u00e9tanch\u00e9it\u00e9 pour portes et grandes fen\u00eatres de Wood&rsquo;s vous aide \u00e0 obtenir un effet maximal et un environnement int\u00e9rieur plus frais.<\/p>\n<p>Choisissez le kit d&rsquo;\u00e9tanch\u00e9it\u00e9 Wood&rsquo;s Door &amp; Large Window Sealing Kit &#8211; un accessoire intelligent et \u00e9conome en \u00e9nergie pour votre climatiseur portable.<\/p>\n","protected":false},"excerpt":{"rendered":"<p>Le kit d&rsquo;\u00e9tanch\u00e9it\u00e9 Wood&rsquo;s pour portes et grandes fen\u00eatres est l&rsquo;accessoire intelligent qui maximise l&rsquo;effet de votre climatiseur portable dans les portes et les grandes fen\u00eatres. Le kit mesure 4 m de long et est fabriqu\u00e9 en tissu thermique qui emp\u00eache efficacement l&rsquo;air chaud de sortir et l&rsquo;air frais de rentrer. Avec quatre glissi\u00e8res sur la fermeture \u00e9clair, il peut \u00eatre utilis\u00e9 pour un ou deux tuyaux d&rsquo;\u00e9vacuation (AirSwitch). Convient \u00e0 tous les mod\u00e8les de climatiseurs portables et est facile \u00e0 installer.<\/p>\n","protected":false},"featured_media":46386,"template":"","meta":{"_acf_changed":false},"product_brand":[],"product_cat":[424,4905,426],"product_tag":[3496],"class_list":{"0":"post-48015","1":"product","2":"type-product","3":"status-publish","4":"has-post-thumbnail","6":"product_cat-accessoires","7":"product_cat-accessoires-climatisation","8":"product_cat-climatiseurs-mobiles","9":"product_tag-kit-detancheite","10":"splide__slide","12":"first","13":"instock","14":"taxable","15":"shipping-taxable","16":"purchasable","17":"product-type-simple"},"acf":[],"_links":{"self":[{"href":"https:\/\/woods.se\/fr\/wp-json\/wp\/v2\/product\/48015","targetHints":{"allow":["GET"]}}],"collection":[{"href":"https:\/\/woods.se\/fr\/wp-json\/wp\/v2\/product"}],"about":[{"href":"https:\/\/woods.se\/fr\/wp-json\/wp\/v2\/types\/product"}],"wp:featuredmedia":[{"embeddable":true,"href":"https:\/\/woods.se\/fr\/wp-json\/wp\/v2\/media\/46386"}],"wp:attachment":[{"href":"https:\/\/woods.se\/fr\/wp-json\/wp\/v2\/media?parent=48015"}],"wp:term":[{"taxonomy":"product_brand","embeddable":true,"href":"https:\/\/woods.se\/fr\/wp-json\/wp\/v2\/product_brand?post=48015"},{"taxonomy":"product_cat","embeddable":true,"href":"https:\/\/woods.se\/fr\/wp-json\/wp\/v2\/product_cat?post=48015"},{"taxonomy":"product_tag","embeddable":true,"href":"https:\/\/woods.se\/fr\/wp-json\/wp\/v2\/product_tag?post=48015"}],"curies":[{"name":"wp","href":"https:\/\/api.w.org\/{rel}","templated":true}]}}