{"id":48011,"date":"2025-09-08T17:07:51","date_gmt":"2025-09-08T15:07:51","guid":{"rendered":"https:\/\/stage.woods.se\/?post_type=product&#038;p=48011"},"modified":"2025-10-15T13:29:36","modified_gmt":"2025-10-15T11:29:36","slug":"woods-hepa-filter-for-ac-cortina-airswitch","status":"publish","type":"product","link":"https:\/\/woods.se\/fr\/produits\/climatiseurs-mobiles\/woods-hepa-filter-for-ac-cortina-airswitch\/","title":{"rendered":"Wood&rsquo;s HEPA-filter for AC Cortina AirSwitch"},"content":{"rendered":"<h2>Filtre HEPA Wood&rsquo;s AC Cortina AirSwitch<\/h2>\n<h3>Filtre d&rsquo;origine pour un air plus pur<\/h3>\n<p>Avec le filtre HEPA H11 original de Wood pour AC Cortina AirSwitch, vous b\u00e9n\u00e9ficiez d&rsquo;une tranquillit\u00e9 d&rsquo;esprit et d&rsquo;une performance fiable. Le filtre est con\u00e7u pour s&rsquo;adapter \u00e0 tous les mod\u00e8les AirSwitch et est le seul filtre qui garantit des performances et une qualit\u00e9 d&rsquo;air optimales.<\/p>\n<h3>Purification efficace de l&rsquo;air tout au long de l&rsquo;ann\u00e9e<\/h3>\n<p>Le filtre HEPA H11 haute performance capture efficacement le pollen, la poussi\u00e8re, les spores de moisissure, les bact\u00e9ries et autres particules en suspension dans l&rsquo;air, m\u00eame les petits polluants qui circuleraient autrement dans la pi\u00e8ce. Il en r\u00e9sulte un climat int\u00e9rieur plus sain, id\u00e9al pour les personnes sensibles, les familles avec enfants ou les personnes souffrant d&rsquo;allergies.<\/p>\n<h3>Performance et garantie de longue dur\u00e9e<\/h3>\n<p>Pour garantir une purification continue, le filtre doit \u00eatre remplac\u00e9 au moins une fois par an. Le remplacement annuel du filtre et l&rsquo;enregistrement de votre AirSwitch permettent d&rsquo;\u00e9tendre la garantie du produit de 2 \u00e0 6 ans. Conservez votre re\u00e7u comme preuve du remplacement du filtre.<\/p>\n<h3>Pourquoi choisir des filtres originaux ?<\/h3>\n<p>Seuls les filtres d&rsquo;origine Wood sont compatibles avec l&rsquo;AC Cortina AirSwitch. Ils sont sp\u00e9cialement con\u00e7us pour fournir la meilleure purification d&rsquo;air possible, maintenir les performances de l&rsquo;unit\u00e9 et assurer la meilleure qualit\u00e9 d&rsquo;air.<\/p>\n<p>Choisissez le filtre HEPA Wood&rsquo;s AC Cortina AirSwitch pour un air plus pur, une meilleure sant\u00e9 et une garantie sur laquelle vous pouvez compter.<\/p>\n","protected":false},"excerpt":{"rendered":"<p>Le filtre HEPA Wood&rsquo;s AC Cortina AirSwitch est un filtre original con\u00e7u pour tous les mod\u00e8les AirSwitch. Le filtre HEPA H11 haute performance capture le pollen, la poussi\u00e8re, les spores de moisissure et d&rsquo;autres particules en suspension dans l&rsquo;air, vous offrant ainsi un environnement int\u00e9rieur plus propre et plus sain. Remplacez le filtre au moins une fois par an pour maintenir une efficacit\u00e9 de purification maximale. Avec le remplacement annuel du filtre et l&rsquo;enregistrement de votre AirSwitch, la garantie est prolong\u00e9e jusqu&rsquo;\u00e0 6 ans.<\/p>\n","protected":false},"featured_media":45962,"template":"","meta":{"_acf_changed":false},"product_brand":[],"product_cat":[424,4905,426],"product_tag":[441,3516],"class_list":{"0":"post-48011","1":"product","2":"type-product","3":"status-publish","4":"has-post-thumbnail","6":"product_cat-accessoires","7":"product_cat-accessoires-climatisation","8":"product_cat-climatiseurs-mobiles","9":"product_tag-filtre","10":"product_tag-filtre-hepa","11":"splide__slide","13":"first","14":"instock","15":"taxable","16":"shipping-taxable","17":"purchasable","18":"product-type-simple"},"acf":[],"_links":{"self":[{"href":"https:\/\/woods.se\/fr\/wp-json\/wp\/v2\/product\/48011","targetHints":{"allow":["GET"]}}],"collection":[{"href":"https:\/\/woods.se\/fr\/wp-json\/wp\/v2\/product"}],"about":[{"href":"https:\/\/woods.se\/fr\/wp-json\/wp\/v2\/types\/product"}],"wp:featuredmedia":[{"embeddable":true,"href":"https:\/\/woods.se\/fr\/wp-json\/wp\/v2\/media\/45962"}],"wp:attachment":[{"href":"https:\/\/woods.se\/fr\/wp-json\/wp\/v2\/media?parent=48011"}],"wp:term":[{"taxonomy":"product_brand","embeddable":true,"href":"https:\/\/woods.se\/fr\/wp-json\/wp\/v2\/product_brand?post=48011"},{"taxonomy":"product_cat","embeddable":true,"href":"https:\/\/woods.se\/fr\/wp-json\/wp\/v2\/product_cat?post=48011"},{"taxonomy":"product_tag","embeddable":true,"href":"https:\/\/woods.se\/fr\/wp-json\/wp\/v2\/product_tag?post=48011"}],"curies":[{"name":"wp","href":"https:\/\/api.w.org\/{rel}","templated":true}]}}