{"id":48009,"date":"2024-12-16T09:06:55","date_gmt":"2024-12-16T08:06:55","guid":{"rendered":"https:\/\/stage.woods.se\/?post_type=product&#038;p=48009"},"modified":"2025-10-15T13:27:34","modified_gmt":"2025-10-15T11:27:34","slug":"ceramic-plate-woods-airmaster-woz-100","status":"publish","type":"product","link":"https:\/\/woods.se\/fr\/produits\/generateurs-dozone\/ceramic-plate-woods-airmaster-woz-100\/","title":{"rendered":"Ceramic plate Wood&rsquo;s Airmaster WOZ 100"},"content":{"rendered":"<h2>Plaque c\u00e9ramique Wood&rsquo;s Airmaster WOZ 100<\/h2>\n<h3>Prolonger la dur\u00e9e de vie et assurer une production d&rsquo;ozone efficace<\/h3>\n<p>La plaque en c\u00e9ramique est un \u00e9l\u00e9ment central du Wood&rsquo;s Airmaster WOZ 100 (anciennement BL 100) et est responsable de la production d&rsquo;ozone proprement dite. Comme il s&rsquo;agit d&rsquo;une pi\u00e8ce d&rsquo;usure, elle doit \u00eatre remplac\u00e9e r\u00e9guli\u00e8rement pour que l&rsquo;appareil continue \u00e0 produire de l&rsquo;ozone de mani\u00e8re efficace.<\/p>\n<h3>Remplacez r\u00e9guli\u00e8rement la plaque en c\u00e9ramique<\/h3>\n<p>Nous recommandons de remplacer la plaque en c\u00e9ramique au moins une fois par an, ou plus souvent en cas d&rsquo;utilisation intensive. Une plaque c\u00e9ramique neuve garantit une production d&rsquo;ozone stable et assure le fonctionnement optimal de votre WOZ 100.<\/p>\n<h3>Nettoyez le g\u00e9n\u00e9rateur d&rsquo;ozone lorsque vous le remplacez<\/h3>\n<p>Lors du remplacement du filtre, il est \u00e9galement important de nettoyer le g\u00e9n\u00e9rateur. Cela emp\u00eache la poussi\u00e8re et la salet\u00e9 d&rsquo;affecter la production et prolonge la dur\u00e9e de vie de votre g\u00e9n\u00e9rateur d&rsquo;ozone.<\/p>\n","protected":false},"excerpt":{"rendered":"<p>La plaque en c\u00e9ramique pour Wood&rsquo;s Airmaster WOZ 100 est une pi\u00e8ce de rechange d&rsquo;origine pour le g\u00e9n\u00e9rateur d&rsquo;ozone WOZ 100 (anciennement BL 100). La plaque en c\u00e9ramique est une pi\u00e8ce d&rsquo;usure qui perd de son efficacit\u00e9 avec le temps et doit donc \u00eatre remplac\u00e9e au moins une fois par an. Lors du remplacement, il est \u00e9galement recommand\u00e9 de nettoyer le g\u00e9n\u00e9rateur d&rsquo;ozone afin de garantir des performances optimales et une longue dur\u00e9e de vie.<\/p>\n","protected":false},"featured_media":46800,"template":"","meta":{"_acf_changed":false},"product_brand":[],"product_cat":[424,430,429],"product_tag":[3536,3542],"class_list":{"0":"post-48009","1":"product","2":"type-product","3":"status-publish","4":"has-post-thumbnail","6":"product_cat-accessoires","7":"product_cat-generateurs-dozone","8":"product_cat-professionnels","9":"product_tag-ozone","10":"product_tag-plaque-ceramique","11":"splide__slide","13":"first","14":"instock","15":"taxable","16":"shipping-taxable","17":"product-type-simple"},"acf":[],"_links":{"self":[{"href":"https:\/\/woods.se\/fr\/wp-json\/wp\/v2\/product\/48009","targetHints":{"allow":["GET"]}}],"collection":[{"href":"https:\/\/woods.se\/fr\/wp-json\/wp\/v2\/product"}],"about":[{"href":"https:\/\/woods.se\/fr\/wp-json\/wp\/v2\/types\/product"}],"wp:featuredmedia":[{"embeddable":true,"href":"https:\/\/woods.se\/fr\/wp-json\/wp\/v2\/media\/46800"}],"wp:attachment":[{"href":"https:\/\/woods.se\/fr\/wp-json\/wp\/v2\/media?parent=48009"}],"wp:term":[{"taxonomy":"product_brand","embeddable":true,"href":"https:\/\/woods.se\/fr\/wp-json\/wp\/v2\/product_brand?post=48009"},{"taxonomy":"product_cat","embeddable":true,"href":"https:\/\/woods.se\/fr\/wp-json\/wp\/v2\/product_cat?post=48009"},{"taxonomy":"product_tag","embeddable":true,"href":"https:\/\/woods.se\/fr\/wp-json\/wp\/v2\/product_tag?post=48009"}],"curies":[{"name":"wp","href":"https:\/\/api.w.org\/{rel}","templated":true}]}}