{"id":48001,"date":"2024-12-16T08:59:55","date_gmt":"2024-12-16T07:59:55","guid":{"rendered":"https:\/\/stage.woods.se\/?post_type=product&#038;p=48001"},"modified":"2025-10-15T13:13:54","modified_gmt":"2025-10-15T11:13:54","slug":"woods-airmaster-pre-filter-woz-100-3-pack","status":"publish","type":"product","link":"https:\/\/woods.se\/fr\/produits\/generateurs-dozone\/woods-airmaster-pre-filter-woz-100-3-pack\/","title":{"rendered":"Wood&rsquo;s Airmaster Pre-filter WOZ 100 3-pack"},"content":{"rendered":"<h2>Pr\u00e9-filtre Wood&rsquo;s Airmaster WOZ 100 3-pack<\/h2>\n<h3>Prot\u00e8ge votre g\u00e9n\u00e9rateur d&rsquo;ozone pour une dur\u00e9e de vie plus longue<\/h3>\n<p>Ce pr\u00e9-filtre original est con\u00e7u pour le Wood&rsquo;s Airmaster WOZ 100 (anciennement BL 100). Le pr\u00e9-filtre a une fonction importante car il retient la poussi\u00e8re et la salet\u00e9 qui pourraient autrement affecter n\u00e9gativement la production d&rsquo;ozone. De cette mani\u00e8re, le filtre contribue \u00e0 la fois \u00e0 la stabilit\u00e9 de la production d&rsquo;ozone et \u00e0 l&rsquo;allongement de la dur\u00e9e de vie de votre g\u00e9n\u00e9rateur d&rsquo;ozone.<\/p>\n<h3>Facile \u00e0 remplacer<\/h3>\n<p>Le filtre est facile \u00e0 remplacer et ne n\u00e9cessite aucun outil. Il est recommand\u00e9 de le remplacer tous les 6 \u00e0 12 mois, ou plus souvent si l&rsquo;appareil est utilis\u00e9 dans un environnement poussi\u00e9reux.<\/p>\n<h3>Emballage<\/h3>\n<p>Fournis en pack de 3, vous avez toujours des filtres pr\u00eats pour l&rsquo;entretien r\u00e9gulier de votre WOZ 100.<\/p>\n","protected":false},"excerpt":{"rendered":"<p>Le pr\u00e9-filtre Wood&rsquo;s Airmaster WOZ 100 3-pack est un filtre d&rsquo;origine qui prot\u00e8ge votre g\u00e9n\u00e9rateur d&rsquo;ozone de la poussi\u00e8re et de la salet\u00e9. Garder l&rsquo;unit\u00e9 propre assure une production d&rsquo;ozone constante et efficace et prolonge la dur\u00e9e de vie de l&rsquo;unit\u00e9. Le filtre est facile \u00e0 remplacer et il est recommand\u00e9 de le faire tous les 6 \u00e0 12 mois ou selon les besoins.<\/p>\n","protected":false},"featured_media":46856,"template":"","meta":{"_acf_changed":false},"product_brand":[],"product_cat":[424,430,429],"product_tag":[],"class_list":{"0":"post-48001","1":"product","2":"type-product","3":"status-publish","4":"has-post-thumbnail","6":"product_cat-accessoires","7":"product_cat-generateurs-dozone","8":"product_cat-professionnels","9":"splide__slide","11":"first","12":"instock","13":"taxable","14":"shipping-taxable","15":"product-type-simple"},"acf":[],"_links":{"self":[{"href":"https:\/\/woods.se\/fr\/wp-json\/wp\/v2\/product\/48001","targetHints":{"allow":["GET"]}}],"collection":[{"href":"https:\/\/woods.se\/fr\/wp-json\/wp\/v2\/product"}],"about":[{"href":"https:\/\/woods.se\/fr\/wp-json\/wp\/v2\/types\/product"}],"wp:featuredmedia":[{"embeddable":true,"href":"https:\/\/woods.se\/fr\/wp-json\/wp\/v2\/media\/46856"}],"wp:attachment":[{"href":"https:\/\/woods.se\/fr\/wp-json\/wp\/v2\/media?parent=48001"}],"wp:term":[{"taxonomy":"product_brand","embeddable":true,"href":"https:\/\/woods.se\/fr\/wp-json\/wp\/v2\/product_brand?post=48001"},{"taxonomy":"product_cat","embeddable":true,"href":"https:\/\/woods.se\/fr\/wp-json\/wp\/v2\/product_cat?post=48001"},{"taxonomy":"product_tag","embeddable":true,"href":"https:\/\/woods.se\/fr\/wp-json\/wp\/v2\/product_tag?post=48001"}],"curies":[{"name":"wp","href":"https:\/\/api.w.org\/{rel}","templated":true}]}}