{"id":47996,"date":"2024-12-12T11:48:24","date_gmt":"2024-12-12T10:48:24","guid":{"rendered":"https:\/\/stage.woods.se\/?post_type=product&#038;p=47996"},"modified":"2025-10-15T12:11:15","modified_gmt":"2025-10-15T10:11:15","slug":"universal-filter-for-whu400-and-whu600","status":"publish","type":"product","link":"https:\/\/woods.se\/fr\/produits\/humidificateurs\/universal-filter-for-whu400-and-whu600\/","title":{"rendered":"Universal filter for WHU400 and WHU600"},"content":{"rendered":"<h2>Filtre universel Wood&rsquo;s pour WHU400 et WHU600 (paquet de 4)<\/h2>\n<p>Le filtre universel de Wood est un accessoire original pour les humidificateurs WHU400 et WHU600. Le filtre r\u00e9duit le tartre dans l&rsquo;eau et contribue \u00e0 une humidification plus propre et plus efficace. Il prot\u00e8ge \u00e9galement l&rsquo;humidificateur contre les d\u00e9p\u00f4ts de calcaire et prolonge sa dur\u00e9e de vie. Fourni dans un pack de 4 filtres faciles \u00e0 remplacer.<\/p>\n","protected":false},"excerpt":{"rendered":"<p>Le filtre universel de Wood est un accessoire original pour les humidificateurs WHU400 et WHU600. Le filtre r\u00e9duit le tartre dans l&rsquo;eau et contribue \u00e0 une humidification plus propre et plus efficace. Il prot\u00e8ge \u00e9galement l&rsquo;humidificateur contre les d\u00e9p\u00f4ts de calcaire et prolonge sa dur\u00e9e de vie. Fourni dans un pack de 4 filtres faciles \u00e0 remplacer.<\/p>\n","protected":false},"featured_media":46626,"template":"","meta":{"_acf_changed":false},"product_brand":[],"product_cat":[4826,428,424],"product_tag":[441,3530],"class_list":{"0":"post-47996","1":"product","2":"type-product","3":"status-publish","4":"has-post-thumbnail","6":"product_cat-accessoires-humidificateurs","7":"product_cat-humidificateurs","8":"product_cat-accessoires","9":"product_tag-filtre","10":"product_tag-humidificateur","11":"splide__slide","13":"first","14":"instock","15":"taxable","16":"shipping-taxable","17":"purchasable","18":"product-type-simple"},"acf":[],"_links":{"self":[{"href":"https:\/\/woods.se\/fr\/wp-json\/wp\/v2\/product\/47996","targetHints":{"allow":["GET"]}}],"collection":[{"href":"https:\/\/woods.se\/fr\/wp-json\/wp\/v2\/product"}],"about":[{"href":"https:\/\/woods.se\/fr\/wp-json\/wp\/v2\/types\/product"}],"wp:featuredmedia":[{"embeddable":true,"href":"https:\/\/woods.se\/fr\/wp-json\/wp\/v2\/media\/46626"}],"wp:attachment":[{"href":"https:\/\/woods.se\/fr\/wp-json\/wp\/v2\/media?parent=47996"}],"wp:term":[{"taxonomy":"product_brand","embeddable":true,"href":"https:\/\/woods.se\/fr\/wp-json\/wp\/v2\/product_brand?post=47996"},{"taxonomy":"product_cat","embeddable":true,"href":"https:\/\/woods.se\/fr\/wp-json\/wp\/v2\/product_cat?post=47996"},{"taxonomy":"product_tag","embeddable":true,"href":"https:\/\/woods.se\/fr\/wp-json\/wp\/v2\/product_tag?post=47996"}],"curies":[{"name":"wp","href":"https:\/\/api.w.org\/{rel}","templated":true}]}}