{"id":47995,"date":"2024-12-12T11:42:13","date_gmt":"2024-12-12T10:42:13","guid":{"rendered":"https:\/\/stage.woods.se\/?post_type=product&#038;p=47995"},"modified":"2025-10-15T12:06:44","modified_gmt":"2025-10-15T10:06:44","slug":"woods-pleated-carbon-filter-300-serie","status":"publish","type":"product","link":"https:\/\/woods.se\/fr\/products\/purificateurs\/woods-pleated-carbon-filter-300-serie\/","title":{"rendered":"Wood\u2019s Pleated Carbon Filter 300-serie"},"content":{"rendered":"<h2>Filtre \u00e0 charbon pliss\u00e9 Wood&rsquo;s pour purificateurs d&rsquo;air<\/h2>\n<h3>Purification efficace des odeurs et des gaz gr\u00e2ce \u00e0 une conception intelligente<\/h3>\n<p>Le filtre \u00e0 charbon pliss\u00e9 de Wood est un accessoire pratique pour les purificateurs d&rsquo;air de la s\u00e9rie 300. Avec 130 g de charbon actif, le filtre purifie l&rsquo;air des gaz, des polluants chimiques et des odeurs d\u00e9sagr\u00e9ables, tandis que sa conception pliss\u00e9e r\u00e9duit la perte de charge au minimum. Cela signifie que le purificateur d&rsquo;air peut maintenir son puissant d\u00e9bit d&rsquo;air m\u00eame lorsque le filtre est install\u00e9.<\/p>\n<h3>Efficace contre les odeurs et les gaz<\/h3>\n<p>Le filtre \u00e0 charbon absorbe les gaz et neutralise les odeurs ind\u00e9sirables provenant, par exemple, de la cuisine, de la fum\u00e9e ou des produits chimiques. Le r\u00e9sultat est un environnement int\u00e9rieur nettement plus propre et plus frais.<\/p>\n<h3>Conception pliss\u00e9e intelligente<\/h3>\n<p>Gr\u00e2ce \u00e0 sa forme pliss\u00e9e, le filtre pr\u00e9sente une grande surface active avec une perte de charge minimale. Cela permet au purificateur d&rsquo;air de continuer \u00e0 fonctionner efficacement, tout en purifiant l&rsquo;air en profondeur.<\/p>\n<h3>Compl\u00e8te le filtre HEPA<\/h3>\n<p>Le filtre \u00e0 charbon pliss\u00e9 est utilis\u00e9 en conjonction avec le filtre HEPA Active ION. Le filtre HEPA capture les particules nocives telles que la poussi\u00e8re, le pollen et les spores de moisissure, tandis que le filtre \u00e0 charbon \u00e9limine ce que vous ne pouvez pas voir &#8211; les gaz et les odeurs. Ensemble, ils constituent une solution compl\u00e8te pour un air plus frais.<\/p>\n<h3>Remplacement et entretien faciles<\/h3>\n<p>Le filtre est plac\u00e9 en haut des purificateurs d&rsquo;air de la s\u00e9rie 300 de Wood (AL 310, AL 310FC, ELFI 300). Pour des r\u00e9sultats optimaux, il doit \u00eatre remplac\u00e9 r\u00e9guli\u00e8rement, g\u00e9n\u00e9ralement tous les trois mois ou plus souvent si la capacit\u00e9 diminue en fonction de l&rsquo;environnement int\u00e9rieur.<\/p>\n","protected":false},"excerpt":{"rendered":"<p>Le filtre \u00e0 charbon pliss\u00e9 de Wood pour la s\u00e9rie 300 contient 130 g de charbon actif et pr\u00e9sente une conception pliss\u00e9e intelligente qui assure une perte de charge minimale tout en \u00e9liminant efficacement les gaz, les contaminants chimiques et les odeurs d\u00e9sagr\u00e9ables. Le filtre est utilis\u00e9 en conjonction avec le filtre HEPA Active ION pour une purification maximale de l&rsquo;air. Il s&rsquo;agit d&rsquo;un produit compl\u00e9mentaire qui est plac\u00e9 dans les purificateurs d&rsquo;air de la s\u00e9rie 300 (AL 310, AL 310FC, ELFI 300). Il doit \u00eatre remplac\u00e9 r\u00e9guli\u00e8rement, g\u00e9n\u00e9ralement tous les trois mois.<\/p>\n","protected":false},"featured_media":45307,"template":"","meta":{"_acf_changed":false},"product_brand":[],"product_cat":[424,4800,427],"product_tag":[441,3521],"class_list":{"0":"post-47995","1":"product","2":"type-product","3":"status-publish","4":"has-post-thumbnail","6":"product_cat-accessoires","7":"product_cat-accessoires-purificateurs","8":"product_cat-purificateurs","9":"product_tag-filtre","10":"product_tag-filtre-a-charbon","11":"product_shipping_class-low","12":"splide__slide","14":"first","15":"instock","16":"taxable","17":"shipping-taxable","18":"purchasable","19":"product-type-simple"},"acf":[],"_links":{"self":[{"href":"https:\/\/woods.se\/fr\/wp-json\/wp\/v2\/product\/47995","targetHints":{"allow":["GET"]}}],"collection":[{"href":"https:\/\/woods.se\/fr\/wp-json\/wp\/v2\/product"}],"about":[{"href":"https:\/\/woods.se\/fr\/wp-json\/wp\/v2\/types\/product"}],"wp:featuredmedia":[{"embeddable":true,"href":"https:\/\/woods.se\/fr\/wp-json\/wp\/v2\/media\/45307"}],"wp:attachment":[{"href":"https:\/\/woods.se\/fr\/wp-json\/wp\/v2\/media?parent=47995"}],"wp:term":[{"taxonomy":"product_brand","embeddable":true,"href":"https:\/\/woods.se\/fr\/wp-json\/wp\/v2\/product_brand?post=47995"},{"taxonomy":"product_cat","embeddable":true,"href":"https:\/\/woods.se\/fr\/wp-json\/wp\/v2\/product_cat?post=47995"},{"taxonomy":"product_tag","embeddable":true,"href":"https:\/\/woods.se\/fr\/wp-json\/wp\/v2\/product_tag?post=47995"}],"curies":[{"name":"wp","href":"https:\/\/api.w.org\/{rel}","templated":true}]}}