{"id":47994,"date":"2024-12-12T11:47:28","date_gmt":"2024-12-12T10:47:28","guid":{"rendered":"https:\/\/stage.woods.se\/?post_type=product&#038;p=47994"},"modified":"2025-09-15T10:29:23","modified_gmt":"2025-09-15T08:29:23","slug":"woods-vienna-hsw100-replacement-filter-lot-de-2","status":"publish","type":"product","link":"https:\/\/woods.se\/fr\/produits\/accessoires\/woods-vienna-hsw100-replacement-filter-lot-de-2\/","title":{"rendered":"Wood\u2019s Vienna HSW100 Replacement Filter (lot de 2)"},"content":{"rendered":"<h2>Wood&rsquo;s Vienna Filtre de remplacement HSW100 (lot de 2)<\/h2>\n<p>Les filtres de remplacement Vienna HSW100 de Wood&rsquo;s (paquet de 2) sont des filtres originaux sp\u00e9cialement con\u00e7us pour l&rsquo;humidificateur Vienna HSW100. Ils sont fabriqu\u00e9s en papier de pulpe de bois de haute qualit\u00e9, avec une conception en g\u00e2teau de cire qui permet une absorption d&rsquo;eau et une humidification maximales. Les filtres sont trait\u00e9s antibact\u00e9riens et comportent une couche de carbone qui absorbe les odeurs, ce qui permet d&rsquo;obtenir un air int\u00e9rieur plus frais et plus propre. Remplacez-les au moins une fois par an pour une performance optimale. Si vous avez enregistr\u00e9 votre Vienna sur le site warranty-woods.co.uk, vous pouvez prolonger la garantie jusqu&rsquo;\u00e0 6 ans en rempla\u00e7ant le filtre au moins une fois par an.<\/p>\n","protected":false},"excerpt":{"rendered":"<p>Les filtres de remplacement Vienna HSW100 de Wood&rsquo;s (paquet de 2) sont des filtres originaux sp\u00e9cialement con\u00e7us pour l&rsquo;humidificateur Vienna HSW100. Ils sont fabriqu\u00e9s en papier de pulpe de bois de haute qualit\u00e9, avec une conception en g\u00e2teau de cire qui permet une absorption d&rsquo;eau et une humidification maximales. Les filtres sont trait\u00e9s antibact\u00e9riens et comportent une couche de carbone qui absorbe les odeurs, ce qui permet d&rsquo;obtenir un air int\u00e9rieur plus frais et plus propre. Remplacez-les au moins une fois par an pour une performance optimale. Si vous avez enregistr\u00e9 votre Vienna sur le site warranty-woods.co.uk, vous pouvez prolonger la garantie jusqu&rsquo;\u00e0 6 ans en rempla\u00e7ant le filtre au moins une fois par an.<\/p>\n","protected":false},"featured_media":46668,"template":"","meta":{"_acf_changed":false},"product_brand":[],"product_cat":[424,4826,428],"product_tag":[441,3530],"class_list":{"0":"post-47994","1":"product","2":"type-product","3":"status-publish","4":"has-post-thumbnail","6":"product_cat-accessoires","7":"product_cat-accessoires-humidificateurs","8":"product_cat-humidificateurs","9":"product_tag-filtre","10":"product_tag-humidificateur","11":"product_shipping_class-low","12":"splide__slide","14":"first","15":"instock","16":"taxable","17":"shipping-taxable","18":"purchasable","19":"product-type-simple"},"acf":[],"_links":{"self":[{"href":"https:\/\/woods.se\/fr\/wp-json\/wp\/v2\/product\/47994","targetHints":{"allow":["GET"]}}],"collection":[{"href":"https:\/\/woods.se\/fr\/wp-json\/wp\/v2\/product"}],"about":[{"href":"https:\/\/woods.se\/fr\/wp-json\/wp\/v2\/types\/product"}],"wp:featuredmedia":[{"embeddable":true,"href":"https:\/\/woods.se\/fr\/wp-json\/wp\/v2\/media\/46668"}],"wp:attachment":[{"href":"https:\/\/woods.se\/fr\/wp-json\/wp\/v2\/media?parent=47994"}],"wp:term":[{"taxonomy":"product_brand","embeddable":true,"href":"https:\/\/woods.se\/fr\/wp-json\/wp\/v2\/product_brand?post=47994"},{"taxonomy":"product_cat","embeddable":true,"href":"https:\/\/woods.se\/fr\/wp-json\/wp\/v2\/product_cat?post=47994"},{"taxonomy":"product_tag","embeddable":true,"href":"https:\/\/woods.se\/fr\/wp-json\/wp\/v2\/product_tag?post=47994"}],"curies":[{"name":"wp","href":"https:\/\/api.w.org\/{rel}","templated":true}]}}