{"id":47991,"date":"2024-12-12T11:37:56","date_gmt":"2024-12-12T10:37:56","guid":{"rendered":"https:\/\/stage.woods.se\/?post_type=product&#038;p=47991"},"modified":"2025-10-15T12:02:11","modified_gmt":"2025-10-15T10:02:11","slug":"woods-active-ion-hepa-filter-300-serie","status":"publish","type":"product","link":"https:\/\/woods.se\/fr\/products\/purificateurs\/woods-active-ion-hepa-filter-300-serie\/","title":{"rendered":"Wood\u2019s Active ION HEPA filter 300-serie"},"content":{"rendered":"<h2>Wood&rsquo;s Active ION HEPA filter<\/h2>\n<h3>Purification efficace de l&rsquo;air pour la s\u00e9rie 300<\/h3>\n<p>Le filtre HEPA Active ION de Wood est le secret de la capacit\u00e9 de purification \u00e9lev\u00e9e des purificateurs d&rsquo;air de la s\u00e9rie 300. Le filtre est fabriqu\u00e9 en Su\u00e8de \u00e0 partir d&rsquo;un mat\u00e9riau synth\u00e9tique sp\u00e9cial dont les fibres sont l\u00e9g\u00e8rement charg\u00e9es \u00e9lectriquement, ce qui leur permet de capturer tr\u00e8s efficacement les particules les plus fines.<\/p>\n<h3>Purification efficace de l&rsquo;air<\/h3>\n<p>Le filtre HEPA Active ION \u00e9limine 99,98 % de toutes les particules en suspension dans votre environnement int\u00e9rieur. Il capture le pollen, la poussi\u00e8re, les spores de moisissure, les bact\u00e9ries et m\u00eame les filles radioactives du radon. Le r\u00e9sultat est un air imm\u00e9diatement plus sain et plus propre &#8211; parfait pour les personnes souffrant d&rsquo;allergies et pour tous ceux qui souhaitent am\u00e9liorer leur climat int\u00e9rieur.<\/p>\n<h3>Filtre les particules ultrafines<\/h3>\n<p>Le filtre peut capturer des particules d&rsquo;une taille de 0,0003 mm, soit 50 fois plus petites qu&rsquo;une bact\u00e9rie. Cela en fait l&rsquo;un des filtres les plus avanc\u00e9s pour un usage domestique.<\/p>\n<h3>Air pur et faible consommation d&rsquo;\u00e9nergie<\/h3>\n<p>Associ\u00e9 aux purificateurs d&rsquo;air de la s\u00e9rie 300, le filtre assure non seulement un climat int\u00e9rieur sain, mais le rend \u00e9galement \u00e9conome en \u00e9nergie et silencieux &#8211; une solution qui fonctionne aussi bien dans la chambre \u00e0 coucher que dans le salon.<\/p>\n<h3>Compatibilit\u00e9<\/h3>\n<p>Le filtre HEPA Active ION de Wood est sp\u00e9cialement adapt\u00e9 aux purificateurs d&rsquo;air de la s\u00e9rie 300 de Wood (AL 310, AL 310FC et ELFI 300).<\/p>\n","protected":false},"excerpt":{"rendered":"<p>Le filtre HEPA Active ION de Wood, fabriqu\u00e9 en Su\u00e8de, est un filtre haute performance qui s&rsquo;adapte aux purificateurs d&rsquo;air de la s\u00e9rie 300. Il capture 99,98 % des particules nocives, notamment le pollen, la poussi\u00e8re, les spores de moisissure, les bact\u00e9ries et les filles du radon. Le filtre est fabriqu\u00e9 \u00e0 partir d&rsquo;un m\u00e9dia synth\u00e9tique dont les fibres sont l\u00e9g\u00e8rement charg\u00e9es \u00e9lectriquement, ce qui signifie que m\u00eame les plus petites particules sont pi\u00e9g\u00e9es. Le r\u00e9sultat est un air int\u00e9rieur imm\u00e9diatement plus propre et plus sain &#8211; \u00e9conome en \u00e9nergie et silencieux.<\/p>\n","protected":false},"featured_media":45242,"template":"","meta":{"_acf_changed":false},"product_brand":[],"product_cat":[424,4800,427],"product_tag":[441,3516],"class_list":{"0":"post-47991","1":"product","2":"type-product","3":"status-publish","4":"has-post-thumbnail","6":"product_cat-accessoires","7":"product_cat-accessoires-purificateurs","8":"product_cat-purificateurs","9":"product_tag-filtre","10":"product_tag-filtre-hepa","11":"product_shipping_class-low","12":"splide__slide","14":"first","15":"outofstock","16":"taxable","17":"shipping-taxable","18":"purchasable","19":"product-type-simple"},"acf":[],"_links":{"self":[{"href":"https:\/\/woods.se\/fr\/wp-json\/wp\/v2\/product\/47991","targetHints":{"allow":["GET"]}}],"collection":[{"href":"https:\/\/woods.se\/fr\/wp-json\/wp\/v2\/product"}],"about":[{"href":"https:\/\/woods.se\/fr\/wp-json\/wp\/v2\/types\/product"}],"wp:featuredmedia":[{"embeddable":true,"href":"https:\/\/woods.se\/fr\/wp-json\/wp\/v2\/media\/45242"}],"wp:attachment":[{"href":"https:\/\/woods.se\/fr\/wp-json\/wp\/v2\/media?parent=47991"}],"wp:term":[{"taxonomy":"product_brand","embeddable":true,"href":"https:\/\/woods.se\/fr\/wp-json\/wp\/v2\/product_brand?post=47991"},{"taxonomy":"product_cat","embeddable":true,"href":"https:\/\/woods.se\/fr\/wp-json\/wp\/v2\/product_cat?post=47991"},{"taxonomy":"product_tag","embeddable":true,"href":"https:\/\/woods.se\/fr\/wp-json\/wp\/v2\/product_tag?post=47991"}],"curies":[{"name":"wp","href":"https:\/\/api.w.org\/{rel}","templated":true}]}}