{"id":47990,"date":"2024-12-12T11:41:02","date_gmt":"2024-12-12T10:41:02","guid":{"rendered":"https:\/\/stage.woods.se\/?post_type=product&#038;p=47990"},"modified":"2025-10-15T12:04:23","modified_gmt":"2025-10-15T10:04:23","slug":"woods-carbon-granulate-filter-300-serie","status":"publish","type":"product","link":"https:\/\/woods.se\/fr\/products\/purificateurs\/woods-carbon-granulate-filter-300-serie\/","title":{"rendered":"Wood\u2019s Carbon Granulate Filter 300-serie"},"content":{"rendered":"<h2>Wood&rsquo;s Carbon Granulate Filter<\/h2>\n<h3>Purification efficace des odeurs et des gaz pour les purificateurs d&rsquo;air de la s\u00e9rie 300<\/h3>\n<p>Le filtre \u00e0 granul\u00e9s de carbone de Wood est un accessoire puissant qui compl\u00e8te les purificateurs d&rsquo;air de la s\u00e9rie 300. Avec 600 g de charbon actif de haute qualit\u00e9, le filtre capture les gaz, les polluants chimiques et les odeurs d\u00e9sagr\u00e9ables qui se r\u00e9pandraient autrement dans l&rsquo;air int\u00e9rieur. Associ\u00e9 au filtre HEPA Active ION, qui \u00e9limine les particules telles que la poussi\u00e8re, le pollen et les spores de moisissure, le filtre \u00e0 charbon constitue une solution compl\u00e8te de purification de l&rsquo;air pour un climat int\u00e9rieur plus sain et plus confortable.<\/p>\n<h3>Efficace contre les gaz et les odeurs<\/h3>\n<p>Le charbon actif absorbe les gaz et neutralise les odeurs d\u00e9sagr\u00e9ables provenant, par exemple, de la cuisine, de la fum\u00e9e ou des produits chimiques. Il en r\u00e9sulte un air nettement plus frais et plus sain dans votre maison ou sur votre lieu de travail.<\/p>\n<h3>Conception intelligente pour un flux d&rsquo;air optimal<\/h3>\n<p>Malgr\u00e9 la grande quantit\u00e9 de charbon actif, le filtre est con\u00e7u pour avoir un impact minimal sur le flux d&rsquo;air. Cela permet au purificateur d&rsquo;air de continuer \u00e0 fonctionner efficacement avec une circulation maximale, m\u00eame lorsque le filtre \u00e0 charbon est install\u00e9.<\/p>\n<h3>Compl\u00e8te le filtre HEPA<\/h3>\n<p>Le filtre \u00e0 charbon compl\u00e8te le filtre HEPA Active ION. Alors que le filtre HEPA capture les particules nocives pr\u00e9sentes dans l&rsquo;air, le filtre \u00e0 charbon s&rsquo;occupe de ce qui n&rsquo;est pas visible : les gaz et les odeurs.<\/p>\n<h3>Remplacement et mise en place faciles<\/h3>\n<p>Le filtre est plac\u00e9 en haut des purificateurs d&rsquo;air de la s\u00e9rie 300 de Wood (AL 310, AL 310FC, ELFI 300). Pour des r\u00e9sultats optimaux, le filtre doit \u00eatre remplac\u00e9 r\u00e9guli\u00e8rement &#8211; g\u00e9n\u00e9ralement tous les trois mois ou plus t\u00f4t si la capacit\u00e9 diminue.<\/p>\n","protected":false},"excerpt":{"rendered":"<p>Le filtre \u00e0 granul\u00e9s de carbone de Wood pour la s\u00e9rie 300 contient 600 g de charbon actif et \u00e9limine efficacement les gaz, les contaminants chimiques et les odeurs d\u00e9sagr\u00e9ables. Gr\u00e2ce \u00e0 sa conception intelligente, le flux d&rsquo;air est minimis\u00e9, tandis que le filtre compl\u00e8te le filtre HEPA Active ION qui \u00e9limine les particules. Il est plac\u00e9 en haut du purificateur d&rsquo;air (AL 310, AL 310FC, ELFI 300) et doit \u00eatre remplac\u00e9 r\u00e9guli\u00e8rement, g\u00e9n\u00e9ralement tous les trois mois.<\/p>\n","protected":false},"featured_media":45282,"template":"","meta":{"_acf_changed":false},"product_brand":[],"product_cat":[424,4800,427],"product_tag":[441,3521],"class_list":{"0":"post-47990","1":"product","2":"type-product","3":"status-publish","4":"has-post-thumbnail","6":"product_cat-accessoires","7":"product_cat-accessoires-purificateurs","8":"product_cat-purificateurs","9":"product_tag-filtre","10":"product_tag-filtre-a-charbon","11":"product_shipping_class-low","12":"splide__slide","14":"first","15":"instock","16":"taxable","17":"shipping-taxable","18":"product-type-simple"},"acf":[],"_links":{"self":[{"href":"https:\/\/woods.se\/fr\/wp-json\/wp\/v2\/product\/47990","targetHints":{"allow":["GET"]}}],"collection":[{"href":"https:\/\/woods.se\/fr\/wp-json\/wp\/v2\/product"}],"about":[{"href":"https:\/\/woods.se\/fr\/wp-json\/wp\/v2\/types\/product"}],"wp:featuredmedia":[{"embeddable":true,"href":"https:\/\/woods.se\/fr\/wp-json\/wp\/v2\/media\/45282"}],"wp:attachment":[{"href":"https:\/\/woods.se\/fr\/wp-json\/wp\/v2\/media?parent=47990"}],"wp:term":[{"taxonomy":"product_brand","embeddable":true,"href":"https:\/\/woods.se\/fr\/wp-json\/wp\/v2\/product_brand?post=47990"},{"taxonomy":"product_cat","embeddable":true,"href":"https:\/\/woods.se\/fr\/wp-json\/wp\/v2\/product_cat?post=47990"},{"taxonomy":"product_tag","embeddable":true,"href":"https:\/\/woods.se\/fr\/wp-json\/wp\/v2\/product_tag?post=47990"}],"curies":[{"name":"wp","href":"https:\/\/api.w.org\/{rel}","templated":true}]}}