{"id":47989,"date":"2024-12-12T11:37:31","date_gmt":"2024-12-12T10:37:31","guid":{"rendered":"https:\/\/stage.woods.se\/?post_type=product&#038;p=47989"},"modified":"2026-03-04T12:15:07","modified_gmt":"2026-03-04T11:15:07","slug":"woods-active-ion-hepa-filter-150-serie","status":"publish","type":"product","link":"https:\/\/woods.se\/fr\/produits\/accessoires\/woods-active-ion-hepa-filter-150-serie\/","title":{"rendered":"Wood\u2019s Active ION HEPA filter 150-serie"},"content":{"rendered":"<h2>Wood&rsquo;s Active ION HEPA filter<\/h2>\n<h3>Purification efficace de l&rsquo;air pour la s\u00e9rie 150<\/h3>\n<p>Le filtre HEPA Active ION de Wood est la cl\u00e9 de la capacit\u00e9 de purification \u00e9lev\u00e9e des purificateurs d&rsquo;air de la s\u00e9rie 150. Le filtre est fabriqu\u00e9 en Su\u00e8de \u00e0 partir d&rsquo;un mat\u00e9riau synth\u00e9tique sp\u00e9cial dont les fibres sont l\u00e9g\u00e8rement charg\u00e9es \u00e9lectriquement. Cela permet au filtre de capturer tr\u00e8s efficacement les particules les plus fines.  <\/p>\n<h3>Purification efficace de l&rsquo;air<\/h3>\n<p>Le filtre HEPA Active ION \u00e9limine 99,98 % de toutes les particules en suspension dans votre environnement int\u00e9rieur. Il capture le pollen, la poussi\u00e8re, les spores de moisissure, les bact\u00e9ries et m\u00eame les filles radioactives du radon. Il en r\u00e9sulte un air plus sain et plus propre, id\u00e9al pour les personnes souffrant d&rsquo;allergies et pour tous ceux qui souhaitent am\u00e9liorer leur environnement int\u00e9rieur.  <\/p>\n<h3>Filtre les particules ultrafines<\/h3>\n<p>Le filtre peut capturer des particules d&rsquo;une taille de 0,0003 mm, soit 50 fois plus petites qu&rsquo;une bact\u00e9rie. Cela en fait l&rsquo;un des filtres les plus avanc\u00e9s pour un usage domestique. <\/p>\n<h3>Air pur et faible consommation d&rsquo;\u00e9nergie<\/h3>\n<p>Associ\u00e9 aux purificateurs d&rsquo;air de la s\u00e9rie 150, le filtre cr\u00e9e un climat int\u00e9rieur sain tout en \u00e9tant \u00e0 la fois \u00e9conome en \u00e9nergie et silencieux. Parfait pour les salons, les chambres \u00e0 coucher ou les bureaux. <\/p>\n<h3>Compatibilit\u00e9<\/h3>\n<p>Le filtre HEPA Active ION de Wood&rsquo;s est sp\u00e9cialement con\u00e7u pour les purificateurs d&rsquo;air de la s\u00e9rie 150 de Wood&rsquo;s (TALL 155, ELFI 150).<\/p>\n","protected":false},"excerpt":{"rendered":"<p>Le filtre HEPA Active ION de Wood, fabriqu\u00e9 en Su\u00e8de, est un filtre haute performance qui convient aux purificateurs d&rsquo;air de la s\u00e9rie 150. Il capture 99,98 % des particules nocives, notamment le pollen, la poussi\u00e8re, les spores de moisissure, les bact\u00e9ries et les filles du radon. Le filtre est fabriqu\u00e9 dans un mat\u00e9riau synth\u00e9tique dont les fibres sont l\u00e9g\u00e8rement charg\u00e9es \u00e9lectriquement, ce qui signifie que m\u00eame les plus petites particules sont pi\u00e9g\u00e9es. Le r\u00e9sultat est un air int\u00e9rieur imm\u00e9diatement plus propre et plus sain &#8211; \u00e9conome en \u00e9nergie et silencieux.   <\/p>\n","protected":false},"featured_media":45229,"template":"","meta":{"_acf_changed":false},"product_brand":[],"product_cat":[4800,427,424],"product_tag":[441,3516],"class_list":{"0":"post-47989","1":"product","2":"type-product","3":"status-publish","4":"has-post-thumbnail","6":"product_cat-accessoires-purificateurs","7":"product_cat-purificateurs","8":"product_cat-accessoires","9":"product_tag-filtre","10":"product_tag-filtre-hepa","11":"product_shipping_class-low","12":"splide__slide","14":"first","15":"outofstock","16":"taxable","17":"shipping-taxable","18":"purchasable","19":"product-type-simple"},"acf":[],"_links":{"self":[{"href":"https:\/\/woods.se\/fr\/wp-json\/wp\/v2\/product\/47989","targetHints":{"allow":["GET"]}}],"collection":[{"href":"https:\/\/woods.se\/fr\/wp-json\/wp\/v2\/product"}],"about":[{"href":"https:\/\/woods.se\/fr\/wp-json\/wp\/v2\/types\/product"}],"wp:featuredmedia":[{"embeddable":true,"href":"https:\/\/woods.se\/fr\/wp-json\/wp\/v2\/media\/45229"}],"wp:attachment":[{"href":"https:\/\/woods.se\/fr\/wp-json\/wp\/v2\/media?parent=47989"}],"wp:term":[{"taxonomy":"product_brand","embeddable":true,"href":"https:\/\/woods.se\/fr\/wp-json\/wp\/v2\/product_brand?post=47989"},{"taxonomy":"product_cat","embeddable":true,"href":"https:\/\/woods.se\/fr\/wp-json\/wp\/v2\/product_cat?post=47989"},{"taxonomy":"product_tag","embeddable":true,"href":"https:\/\/woods.se\/fr\/wp-json\/wp\/v2\/product_tag?post=47989"}],"curies":[{"name":"wp","href":"https:\/\/api.w.org\/{rel}","templated":true}]}}