{"id":47987,"date":"2024-12-12T11:36:40","date_gmt":"2024-12-12T10:36:40","guid":{"rendered":"https:\/\/stage.woods.se\/?post_type=product&#038;p=47987"},"modified":"2025-10-15T11:56:13","modified_gmt":"2025-10-15T09:56:13","slug":"woods-pleated-carbon-filter-900-serie","status":"publish","type":"product","link":"https:\/\/woods.se\/fr\/produits\/purificateurs\/woods-pleated-carbon-filter-900-serie\/","title":{"rendered":"Wood\u2019s Pleated Carbon Filter 900-serie"},"content":{"rendered":"<h2>Wood&rsquo;s Pleated Carbon Filter<\/h2>\n<h3>Filtres \u00e0 charbon doubles pour les purificateurs d&rsquo;air de la s\u00e9rie 900<\/h3>\n<p>Le filtre \u00e0 charbon pliss\u00e9 de Wood pour la s\u00e9rie 900 est un compl\u00e9ment puissant qui rend votre purificateur d&rsquo;air encore plus efficace. L&#8217;emballage contient deux filtres, chacun contenant 100 g de charbon actif, sp\u00e9cialement con\u00e7u pour capturer les gaz, les polluants chimiques et les odeurs d\u00e9sagr\u00e9ables. Gr\u00e2ce \u00e0 la conception pliss\u00e9e, la perte de charge est minimis\u00e9e, ce qui permet au purificateur d&rsquo;air de maintenir un d\u00e9bit d&rsquo;air \u00e9lev\u00e9 tout en purifiant l&rsquo;air en profondeur.<\/p>\n<h3>Efficace contre les odeurs et les gaz<\/h3>\n<p>Les deux filtres \u00e0 charbon absorbent les gaz et neutralisent les odeurs ind\u00e9sirables provenant, par exemple, de la cuisine, de la fum\u00e9e, des canalisations ou des produits chimiques. Le r\u00e9sultat est un air imm\u00e9diatement plus frais et plus propre dans les grands espaces.<\/p>\n<h3>Conception pliss\u00e9e intelligente<\/h3>\n<p>La construction pliss\u00e9e donne aux filtres une grande surface active, assurant une filtration efficace avec une perte de charge minimale. Cela signifie que le purificateur d&rsquo;air fonctionne de mani\u00e8re optimale m\u00eame lorsque le filtre \u00e0 charbon est install\u00e9.<\/p>\n<h3>Plac\u00e9 devant le filtre HEPA<\/h3>\n<p>Le filtre \u00e0 charbon est un produit suppl\u00e9mentaire plac\u00e9 devant le filtre HEPA Active ION dans le purificateur d&rsquo;air. Ensemble, les filtres capturent \u00e0 la fois les particules (poussi\u00e8re, pollen, spores de moisissure) et ce qui n&rsquo;est pas visible &#8211; les gaz et les odeurs.<\/p>\n<h3>Remplacement et entretien faciles<\/h3>\n<p>Pour de meilleurs r\u00e9sultats, nous recommandons de remplacer le filtre \u00e0 charbon tous les trois mois, ou plus souvent si la capacit\u00e9 diminue en fonction de l&rsquo;environnement int\u00e9rieur.<\/p>\n<h3>Compatibilit\u00e9<\/h3>\n<p>Le filtre \u00e0 charbon pliss\u00e9 de Wood est con\u00e7u pour les purificateurs d&rsquo;air de la s\u00e9rie 900 (GRAN 900).<\/p>\n","protected":false},"excerpt":{"rendered":"<p>Le filtre \u00e0 charbon pliss\u00e9 de Wood pour la s\u00e9rie 900 se compose de deux filtres contenant chacun 100 g de charbon actif. Gr\u00e2ce \u00e0 leur conception pliss\u00e9e, ils provoquent une perte de charge minimale tout en \u00e9liminant efficacement les gaz, les polluants chimiques et les odeurs d\u00e9sagr\u00e9ables. Les filtres sont plac\u00e9s devant le filtre HEPA Active ION dans les purificateurs d&rsquo;air tels que le GRAN 900 et doivent \u00eatre remplac\u00e9s r\u00e9guli\u00e8rement, g\u00e9n\u00e9ralement tous les trois mois. Un compl\u00e9ment parfait pour un climat int\u00e9rieur plus sain.<\/p>\n","protected":false},"featured_media":45342,"template":"","meta":{"_acf_changed":false},"product_brand":[],"product_cat":[4800,427,424],"product_tag":[441,3521],"class_list":{"0":"post-47987","1":"product","2":"type-product","3":"status-publish","4":"has-post-thumbnail","6":"product_cat-accessoires-purificateurs","7":"product_cat-purificateurs","8":"product_cat-accessoires","9":"product_tag-filtre","10":"product_tag-filtre-a-charbon","11":"product_shipping_class-low","12":"splide__slide","14":"first","15":"instock","16":"taxable","17":"shipping-taxable","18":"purchasable","19":"product-type-simple"},"acf":[],"_links":{"self":[{"href":"https:\/\/woods.se\/fr\/wp-json\/wp\/v2\/product\/47987","targetHints":{"allow":["GET"]}}],"collection":[{"href":"https:\/\/woods.se\/fr\/wp-json\/wp\/v2\/product"}],"about":[{"href":"https:\/\/woods.se\/fr\/wp-json\/wp\/v2\/types\/product"}],"wp:featuredmedia":[{"embeddable":true,"href":"https:\/\/woods.se\/fr\/wp-json\/wp\/v2\/media\/45342"}],"wp:attachment":[{"href":"https:\/\/woods.se\/fr\/wp-json\/wp\/v2\/media?parent=47987"}],"wp:term":[{"taxonomy":"product_brand","embeddable":true,"href":"https:\/\/woods.se\/fr\/wp-json\/wp\/v2\/product_brand?post=47987"},{"taxonomy":"product_cat","embeddable":true,"href":"https:\/\/woods.se\/fr\/wp-json\/wp\/v2\/product_cat?post=47987"},{"taxonomy":"product_tag","embeddable":true,"href":"https:\/\/woods.se\/fr\/wp-json\/wp\/v2\/product_tag?post=47987"}],"curies":[{"name":"wp","href":"https:\/\/api.w.org\/{rel}","templated":true}]}}