{"id":47982,"date":"2024-12-12T11:33:31","date_gmt":"2024-12-12T10:33:31","guid":{"rendered":"https:\/\/stage.woods.se\/?post_type=product&#038;p=47982"},"modified":"2026-03-05T11:54:10","modified_gmt":"2026-03-05T10:54:10","slug":"woods-active-ion-hepa-filter-for-ad20-ad30","status":"publish","type":"product","link":"https:\/\/woods.se\/fr\/produits\/deshumidificateurs\/woods-active-ion-hepa-filter-for-ad20-ad30\/","title":{"rendered":"Wood&rsquo;s Active ION HEPA filter for AD20\/AD30"},"content":{"rendered":"<h2>Wood&rsquo;s Active ION HEPA filter<\/h2>\n<h3>Nettoyer et ass\u00e9cher l&rsquo;air en une seule \u00e9tape<\/h3>\n<p>Le filtre HEPA Active ION de Wood, fabriqu\u00e9 en Su\u00e8de, est la cl\u00e9 de la capacit\u00e9 de purification \u00e9lev\u00e9e des d\u00e9shumidificateurs et purificateurs d&rsquo;air hybrides AD20 et AD30 de Wood. Le filtre est fabriqu\u00e9 dans un mat\u00e9riau synth\u00e9tique sp\u00e9cial dont les fibres sont l\u00e9g\u00e8rement charg\u00e9es \u00e9lectriquement, ce qui signifie qu&rsquo;elles capturent les plus petites particules de mani\u00e8re extr\u00eamement efficace. <\/p>\n<h3>Purification efficace de l&rsquo;air<\/h3>\n<p>Le filtre HEPA Active ION \u00e9limine 99,98 % de toutes les particules en suspension dans votre environnement int\u00e9rieur. Il capture le pollen, la poussi\u00e8re, les spores de moisissure, les bact\u00e9ries et m\u00eame les filles radioactives du radon. Le r\u00e9sultat est une am\u00e9lioration imm\u00e9diate de la qualit\u00e9 de l&rsquo;air &#8211; propre et sec \u00e0 la fois.  <\/p>\n<h3>Filtre les particules ultrafines<\/h3>\n<p>Le filtre peut capturer des particules d&rsquo;une taille inf\u00e9rieure \u00e0 0,0003 mm, ce qui est 50 fois plus petit qu&rsquo;une bact\u00e9rie. Cela en fait l&rsquo;un des filtres les plus efficaces pour un usage domestique. <\/p>\n<h3>Air propre et sec avec une faible consommation d&rsquo;\u00e9nergie<\/h3>\n<p>En combinaison avec l&rsquo;AD20 et l&rsquo;AD30, le filtre n&rsquo;assure pas seulement un environnement int\u00e9rieur sain, mais le rend \u00e9galement \u00e9conome en \u00e9nergie et silencieux, ce qui est parfait pour une utilisation quotidienne.<\/p>\n<h3>Compatibilit\u00e9<\/h3>\n<p>Le filtre HEPA Active ION de Wood est con\u00e7u pour les purificateurs d&rsquo;air\/d\u00e9shumidificateurs hybrides AD20 et AD30.<\/p>\n","protected":false},"excerpt":{"rendered":"<p>Le filtre HEPA Active ION de Wood est un filtre haute performance qui convient aux d\u00e9shumidificateurs et purificateurs d&rsquo;air AD20 et AD30. Il \u00e9limine 99,98 % de toutes les particules nocives pr\u00e9sentes dans l&rsquo;air int\u00e9rieur, y compris le pollen, la poussi\u00e8re, les spores de moisissure, les bact\u00e9ries et les filles du radon. Le filtre purifie l&rsquo;air tout en le d\u00e9shumidifiant, offrant ainsi un environnement int\u00e9rieur plus frais et plus sain avec une faible consommation d&rsquo;\u00e9nergie et un fonctionnement silencieux.  <\/p>\n","protected":false},"featured_media":45086,"template":"","meta":{"_acf_changed":false},"product_brand":[],"product_cat":[425,4764,424],"product_tag":[441,3516],"class_list":{"0":"post-47982","1":"product","2":"type-product","3":"status-publish","4":"has-post-thumbnail","6":"product_cat-deshumidificateurs","7":"product_cat-accessoires-deshumidificateurs","8":"product_cat-accessoires","9":"product_tag-filtre","10":"product_tag-filtre-hepa","11":"product_shipping_class-low","12":"splide__slide","14":"first","15":"instock","16":"taxable","17":"shipping-taxable","18":"purchasable","19":"product-type-simple"},"acf":[],"_links":{"self":[{"href":"https:\/\/woods.se\/fr\/wp-json\/wp\/v2\/product\/47982","targetHints":{"allow":["GET"]}}],"collection":[{"href":"https:\/\/woods.se\/fr\/wp-json\/wp\/v2\/product"}],"about":[{"href":"https:\/\/woods.se\/fr\/wp-json\/wp\/v2\/types\/product"}],"wp:featuredmedia":[{"embeddable":true,"href":"https:\/\/woods.se\/fr\/wp-json\/wp\/v2\/media\/45086"}],"wp:attachment":[{"href":"https:\/\/woods.se\/fr\/wp-json\/wp\/v2\/media?parent=47982"}],"wp:term":[{"taxonomy":"product_brand","embeddable":true,"href":"https:\/\/woods.se\/fr\/wp-json\/wp\/v2\/product_brand?post=47982"},{"taxonomy":"product_cat","embeddable":true,"href":"https:\/\/woods.se\/fr\/wp-json\/wp\/v2\/product_cat?post=47982"},{"taxonomy":"product_tag","embeddable":true,"href":"https:\/\/woods.se\/fr\/wp-json\/wp\/v2\/product_tag?post=47982"}],"curies":[{"name":"wp","href":"https:\/\/api.w.org\/{rel}","templated":true}]}}