{"id":47973,"date":"2024-12-12T11:32:26","date_gmt":"2024-12-12T10:32:26","guid":{"rendered":"https:\/\/stage.woods.se\/?post_type=product&#038;p=47973"},"modified":"2026-03-05T13:05:51","modified_gmt":"2026-03-05T12:05:51","slug":"woods-smf-filter-ds40fs-5-pack","status":"publish","type":"product","link":"https:\/\/woods.se\/fr\/produits\/deshumidificateurs\/woods-smf-filter-ds40fs-5-pack\/","title":{"rendered":"Wood&rsquo;s SMF-Filter DS40FS 5-pack"},"content":{"rendered":"<h2>Wood&rsquo;s SMF filter 5 pack for DS40FS<\/h2>\n<h3>Obtenez 5 filtres SMF pour le DS40FS &#8211; payez pour 4.<\/h3>\n<p>Le pack de 5 filtres SMF pour DS40FS de Wood est un choix judicieux pour ceux qui veulent garantir \u00e0 la fois leur climat int\u00e9rieur et leur garantie. Vous obtenez 5 filtres mais en payez 4, ce qui rend le remplacement des filtres annuel \u00e0 la fois abordable et facile \u00e0 planifier. <\/p>\n<h3>Protection efficace contre l&rsquo;humidit\u00e9, les moisissures et la poussi\u00e8re<\/h3>\n<p>Lorsque les espaces humides sont ass\u00e9ch\u00e9s, de la poussi\u00e8re, des spores de moisissure et d&rsquo;autres particules nocives sont souvent lib\u00e9r\u00e9es dans l&rsquo;air. Le filtre SMF de Wood, fabriqu\u00e9 en Su\u00e8de, est un filtre anti-moisissure unique qui purifie l&rsquo;air et rend votre climat int\u00e9rieur encore plus sain. En m\u00eame temps, le filtre prot\u00e8ge votre d\u00e9shumidificateur de la poussi\u00e8re et de la salet\u00e9 &#8211; pour que votre d\u00e9shumidificateur fonctionne au mieux jour apr\u00e8s jour, ann\u00e9e apr\u00e8s ann\u00e9e.  <\/p>\n<h3>Un air plus pur dans votre maison<\/h3>\n<p>Le filtre capture efficacement le pollen, les spores de moisissure, la poussi\u00e8re et d&rsquo;autres particules qui se r\u00e9pandraient autrement dans l&rsquo;air lorsque l&rsquo;humidit\u00e9 est s\u00e9ch\u00e9e. Le r\u00e9sultat est un climat int\u00e9rieur meilleur et plus sain. <\/p>\n<h3>Prot\u00e8ge votre d\u00e9shumidificateur<\/h3>\n<p>En arr\u00eatant la poussi\u00e8re et la salet\u00e9, le filtre SMF prolonge la dur\u00e9e de vie de votre d\u00e9shumidificateur et assure un fonctionnement fiable ann\u00e9e apr\u00e8s ann\u00e9e.<\/p>\n<h3>Ne pas aspirer le filtre<\/h3>\n<p>Pour que le filtre conserve toute sa fonctionnalit\u00e9, il ne faut ni l&rsquo;aspirer ni le secouer. L&rsquo;aspiration ou le nettoyage lib\u00e8re des particules s\u00e8ches nocives dans l&rsquo;air, ce qui facilite leur inhalation et peut nuire \u00e0 votre sant\u00e9. <\/p>\n<h3>Compatibilit\u00e9<\/h3>\n<p>Ces filtres ne conviennent qu&rsquo;au DS40FS de Wood.<br \/>\n<strong>Attention ! Ne convient pas aux autres d\u00e9shumidificateurs des s\u00e9ries SW, LD, DS, DK, ED et TDR de Wood&rsquo;s, ni au DSC50FM. <\/strong><\/p>\n<h3>Remplacement facile du filtre<\/h3>\n<p>Le filtre SMF est facile \u00e0 installer et \u00e0 remplacer. Pour de meilleurs r\u00e9sultats, nous vous recommandons de remplacer le filtre au moins une fois par an. <\/p>\n","protected":false},"excerpt":{"rendered":"<p>Le filtre SMF de Wood, fabriqu\u00e9 en Su\u00e8de, dans un pack intelligent de 5 pi\u00e8ces (o\u00f9 vous payez pour 4 pi\u00e8ces). Le filtre SMF est un filtre anti-moisissure unique qui purifie l&rsquo;air des particules nocives. Le filtre capture le pollen, les spores de moisissure, la poussi\u00e8re et d&rsquo;autres polluants en suspension dans l&rsquo;air, tout en prot\u00e9geant votre d\u00e9shumidificateur de la salet\u00e9 et de l&rsquo;usure. En rempla\u00e7ant le filtre au moins une fois par an, vous prolongez la dur\u00e9e de vie de votre d\u00e9shumidificateur.<\/p>\n","protected":false},"featured_media":45043,"template":"","meta":{"_acf_changed":false},"product_brand":[],"product_cat":[425,4764,424],"product_tag":[441,3506],"class_list":{"0":"post-47973","1":"product","2":"type-product","3":"status-publish","4":"has-post-thumbnail","6":"product_cat-deshumidificateurs","7":"product_cat-accessoires-deshumidificateurs","8":"product_cat-accessoires","9":"product_tag-filtre","10":"product_tag-paquet-de-5","11":"splide__slide","13":"first","14":"instock","15":"taxable","16":"shipping-taxable","17":"purchasable","18":"product-type-simple"},"acf":[],"_links":{"self":[{"href":"https:\/\/woods.se\/fr\/wp-json\/wp\/v2\/product\/47973","targetHints":{"allow":["GET"]}}],"collection":[{"href":"https:\/\/woods.se\/fr\/wp-json\/wp\/v2\/product"}],"about":[{"href":"https:\/\/woods.se\/fr\/wp-json\/wp\/v2\/types\/product"}],"wp:featuredmedia":[{"embeddable":true,"href":"https:\/\/woods.se\/fr\/wp-json\/wp\/v2\/media\/45043"}],"wp:attachment":[{"href":"https:\/\/woods.se\/fr\/wp-json\/wp\/v2\/media?parent=47973"}],"wp:term":[{"taxonomy":"product_brand","embeddable":true,"href":"https:\/\/woods.se\/fr\/wp-json\/wp\/v2\/product_brand?post=47973"},{"taxonomy":"product_cat","embeddable":true,"href":"https:\/\/woods.se\/fr\/wp-json\/wp\/v2\/product_cat?post=47973"},{"taxonomy":"product_tag","embeddable":true,"href":"https:\/\/woods.se\/fr\/wp-json\/wp\/v2\/product_tag?post=47973"}],"curies":[{"name":"wp","href":"https:\/\/api.w.org\/{rel}","templated":true}]}}