{"id":47965,"date":"2024-12-12T11:26:23","date_gmt":"2024-12-12T10:26:23","guid":{"rendered":"https:\/\/stage.woods.se\/?post_type=product&#038;p=47965"},"modified":"2025-10-14T14:53:50","modified_gmt":"2025-10-14T12:53:50","slug":"woods-smf-filter-sw-ld-dsc-ds-dk-ed-tdr","status":"publish","type":"product","link":"https:\/\/woods.se\/fr\/produits\/deshumidificateurs\/woods-smf-filter-sw-ld-dsc-ds-dk-ed-tdr\/","title":{"rendered":"Wood&rsquo;s SMF-Filter SW\/LD\/DSC\/DS\/DK\/ED\/TDR"},"content":{"rendered":"<h2>Filtre Wood&rsquo;s SMF-Filter<\/h2>\n<h3>Protection efficace contre l&rsquo;humidit\u00e9, les moisissures et la poussi\u00e8re<\/h3>\n<p>Lorsque les espaces humides sont ass\u00e9ch\u00e9s, de la poussi\u00e8re, des spores de moisissure et d&rsquo;autres particules nocives sont souvent lib\u00e9r\u00e9es dans l&rsquo;air. Le filtre SMF de Wood, fabriqu\u00e9 en Su\u00e8de, est un filtre anti-moisissure unique qui purifie l&rsquo;air et rend votre climat int\u00e9rieur encore plus sain. En m\u00eame temps, le filtre prot\u00e8ge votre d\u00e9shumidificateur de la poussi\u00e8re et de la salet\u00e9 &#8211; pour que votre d\u00e9shumidificateur fonctionne au mieux jour apr\u00e8s jour, ann\u00e9e apr\u00e8s ann\u00e9e.<\/p>\n<h3>Un air plus pur dans votre maison<\/h3>\n<p>Le filtre capture efficacement le pollen, les spores de moisissure, la poussi\u00e8re et d&rsquo;autres particules qui se r\u00e9pandraient autrement dans l&rsquo;air lorsque l&rsquo;humidit\u00e9 est s\u00e9ch\u00e9e. Le r\u00e9sultat est un climat int\u00e9rieur meilleur et plus sain.<\/p>\n<h3>Prot\u00e8ge votre d\u00e9shumidificateur<\/h3>\n<p>En arr\u00eatant la poussi\u00e8re et la salet\u00e9, le filtre SMF prolonge la dur\u00e9e de vie de votre d\u00e9shumidificateur et assure un fonctionnement fiable ann\u00e9e apr\u00e8s ann\u00e9e.<\/p>\n<h3>Ne pas aspirer le filtre<\/h3>\n<p>Pour que le filtre conserve toute sa fonctionnalit\u00e9, il ne faut ni l&rsquo;aspirer ni le secouer. L&rsquo;aspiration ou le nettoyage lib\u00e8re des particules s\u00e8ches nocives dans l&rsquo;air, ce qui facilite leur inhalation et peut nuire \u00e0 votre sant\u00e9.<\/p>\n<h3>Compatibilit\u00e9<\/h3>\n<p>Convient aux d\u00e9shumidificateurs Wood&rsquo;s SW, LD, DS, DK, ED et TDR, ainsi qu&rsquo;au DSC50FM.<br \/>\n<strong>NOTE : Ce filtre n&rsquo;est pas compatible avec le DS40FS de Wood.<\/strong><\/p>\n<h3>Extension de la garantie de votre d\u00e9shumidificateur<\/h3>\n<p>Si vous enregistrez votre d\u00e9shumidificateur de la s\u00e9rie SW, LD, DK, ED, TDR, DS ou DSC sur le site warranty-woods.com dans les 90 jours suivant l&rsquo;achat, vous b\u00e9n\u00e9ficierez d&rsquo;une extension de garantie si vous remplacez le filtre SMF chaque ann\u00e9e. Jusqu&rsquo;\u00e0 10 ans pour la s\u00e9rie LD et 6 ans pour les autres s\u00e9ries. Conservez vos re\u00e7us !<\/p>\n<h3>Remplacement facile du filtre<\/h3>\n<p>Le filtre SMF est facile \u00e0 installer et \u00e0 remplacer. Pour de meilleurs r\u00e9sultats, nous vous recommandons de remplacer le filtre au moins une fois par an.<\/p>\n","protected":false},"excerpt":{"rendered":"<p>Le filtre SMF de Wood, fabriqu\u00e9 en Su\u00e8de, est un filtre anti-moisissure unique qui non seulement r\u00e9duit l&rsquo;humidit\u00e9 avec votre d\u00e9shumidificateur, mais purifie \u00e9galement l&rsquo;air des particules nocives. Le filtre retient le pollen, les spores de moisissure, la poussi\u00e8re et d&rsquo;autres contaminants en suspension dans l&rsquo;air, tout en prot\u00e9geant votre d\u00e9shumidificateur de la salet\u00e9 et de l&rsquo;usure. En rempla\u00e7ant le filtre au moins une fois par an, vous pouvez prolonger la dur\u00e9e de vie de votre d\u00e9shumidificateur et profiter du programme de garantie de Wood, qui offre jusqu&rsquo;\u00e0 10 ans de garantie.<\/p>\n","protected":false},"featured_media":44942,"template":"","meta":{"_acf_changed":false},"product_brand":[],"product_cat":[425,4764,424],"product_tag":[441],"class_list":{"0":"post-47965","1":"product","2":"type-product","3":"status-publish","4":"has-post-thumbnail","6":"product_cat-deshumidificateurs","7":"product_cat-accessoires-deshumidificateurs","8":"product_cat-accessoires","9":"product_tag-filtre","10":"splide__slide","12":"first","13":"instock","14":"taxable","15":"shipping-taxable","16":"purchasable","17":"product-type-simple"},"acf":[],"_links":{"self":[{"href":"https:\/\/woods.se\/fr\/wp-json\/wp\/v2\/product\/47965","targetHints":{"allow":["GET"]}}],"collection":[{"href":"https:\/\/woods.se\/fr\/wp-json\/wp\/v2\/product"}],"about":[{"href":"https:\/\/woods.se\/fr\/wp-json\/wp\/v2\/types\/product"}],"wp:featuredmedia":[{"embeddable":true,"href":"https:\/\/woods.se\/fr\/wp-json\/wp\/v2\/media\/44942"}],"wp:attachment":[{"href":"https:\/\/woods.se\/fr\/wp-json\/wp\/v2\/media?parent=47965"}],"wp:term":[{"taxonomy":"product_brand","embeddable":true,"href":"https:\/\/woods.se\/fr\/wp-json\/wp\/v2\/product_brand?post=47965"},{"taxonomy":"product_cat","embeddable":true,"href":"https:\/\/woods.se\/fr\/wp-json\/wp\/v2\/product_cat?post=47965"},{"taxonomy":"product_tag","embeddable":true,"href":"https:\/\/woods.se\/fr\/wp-json\/wp\/v2\/product_tag?post=47965"}],"curies":[{"name":"wp","href":"https:\/\/api.w.org\/{rel}","templated":true}]}}