{"id":47964,"date":"2024-12-12T11:25:45","date_gmt":"2024-12-12T10:25:45","guid":{"rendered":"https:\/\/stage.woods.se\/?post_type=product&#038;p=47964"},"modified":"2026-03-06T15:37:28","modified_gmt":"2026-03-06T14:37:28","slug":"woods-wdp-01-pump-kit","status":"publish","type":"product","link":"https:\/\/woods.se\/fr\/products\/deshumidificateurs\/woods-wdp-01-pump-kit\/","title":{"rendered":"WDP-01 Pump kit Wood&rsquo;s"},"content":{"rendered":"<h2>WDP-01 Wood&rsquo;s<\/h2>\n<h3>Kit de pompe intelligente pour d\u00e9shumidificateurs<\/h3>\n<p>Vous voulez \u00e9viter de vider manuellement le r\u00e9servoir d&rsquo;eau de votre d\u00e9shumidificateur ? Avec la pompe \u00e0 condensats WDP-01 de Wood&rsquo;s, vous disposez d&rsquo;une solution efficace et sans entretien qui \u00e9limine automatiquement l&rsquo;eau de condensation de votre d\u00e9shumidificateur. La pompe est install\u00e9e directement dans l&rsquo;espace o\u00f9 se trouverait autrement le r\u00e9servoir d&rsquo;eau, et un tuyau dirige l&rsquo;eau vers l&rsquo;\u00e9gout ou un autre point d&rsquo;\u00e9vacuation.  <\/p>\n<h3>Evacuation automatique de l&rsquo;eau<\/h3>\n<p>Lorsque le r\u00e9servoir de la pompe se remplit, celle-ci d\u00e9marre automatiquement et \u00e9vacue l&rsquo;eau. Lorsque le niveau baisse, la pompe s&rsquo;arr\u00eate &#8211; en gardant les mains libres. <\/p>\n<h3>Installation flexible<\/h3>\n<p>Le WDP-01 peut pomper l&rsquo;eau de condensation jusqu&rsquo;\u00e0 10 m\u00e8tres \u00e0 la fois horizontalement et verticalement, ce qui le rend id\u00e9al pour une installation dans des espaces difficiles d&rsquo;acc\u00e8s.<\/p>\n<h3>Parfait pour les vides sanitaires et les sous-sols<\/h3>\n<p>Dans les espaces confin\u00e9s tels que les vides sanitaires, les sous-sols ou d&rsquo;autres endroits o\u00f9 il est difficile d&rsquo;acc\u00e9der au d\u00e9shumidificateur, le WDP-01 est une solution pratique et durable.<\/p>\n<h3>Compatibilit\u00e9<\/h3>\n<p>Convient aux d\u00e9shumidificateurs Wood&rsquo;s :<\/p>\n<ul>\n<li>Tous les d\u00e9shumidificateurs de la s\u00e9rie SW (\u00e0 partir de SW)<\/li>\n<li>Tous les d\u00e9shumidificateurs de la s\u00e9rie LD (\u00e0 partir de LD)<\/li>\n<li>WCD4HG, WCD4, WCD3, WCD2<\/li>\n<li>DSC50FM<\/li>\n<\/ul>\n<h3>Fiable et simple<\/h3>\n<p>La pompe doit \u00eatre plac\u00e9e horizontalement et raccord\u00e9e \u00e0 une prise de courant. Elle d\u00e9marre et s&rsquo;arr\u00eate automatiquement en fonction des besoins, ce qui rend son fonctionnement fiable et sans souci. <\/p>\n<p>Conseils d&rsquo;installation pour le WDP-01 de Wood&rsquo;s :<\/p>\n<ol>\n<li>Placez la pompe dans le compartiment du r\u00e9servoir d&rsquo;eau du d\u00e9shumidificateur.<\/li>\n<li>Raccordez le tuyau de la pompe \u00e0 un drain ou \u00e0 une autre sortie.<\/li>\n<li>Assurez-vous que la pompe est horizontale avant de la brancher sur la prise \u00e9lectrique.<\/li>\n<li>D\u00e9marrez le d\u00e9shumidificateur &#8211; la pompe s&rsquo;active automatiquement lorsque le niveau d&rsquo;eau augmente.<\/li>\n<\/ol>\n","protected":false},"excerpt":{"rendered":"<p>Augmentez la capacit\u00e9 de votre d\u00e9shumidificateur avec la pompe \u00e0 condensat WDP-01 de Wood&rsquo;s. Elle est id\u00e9ale lorsque le d\u00e9shumidificateur se trouve dans des endroits difficiles d&rsquo;acc\u00e8s, comme les fondations d&rsquo;une maison. La pompe \u00e9vacue automatiquement l&rsquo;eau de condensation par un tuyau directement vers l&rsquo;\u00e9gout &#8211; jusqu&rsquo;\u00e0 10 m\u00e8tres horizontalement ou verticalement. Vous n&rsquo;avez pas besoin de vider manuellement le r\u00e9servoir d&rsquo;eau et vous b\u00e9n\u00e9ficiez d&rsquo;une solution efficace, durable et sans entretien.   <\/p>\n","protected":false},"featured_media":44854,"template":"","meta":{"_acf_changed":false},"product_brand":[],"product_cat":[424,4764,425],"product_tag":[3499],"class_list":{"0":"post-47964","1":"product","2":"type-product","3":"status-publish","4":"has-post-thumbnail","6":"product_cat-accessoires","7":"product_cat-accessoires-deshumidificateurs","8":"product_cat-deshumidificateurs","9":"product_tag-pompe","10":"product_shipping_class-low","11":"splide__slide","13":"first","14":"instock","15":"taxable","16":"shipping-taxable","17":"purchasable","18":"product-type-simple"},"acf":[],"_links":{"self":[{"href":"https:\/\/woods.se\/fr\/wp-json\/wp\/v2\/product\/47964","targetHints":{"allow":["GET"]}}],"collection":[{"href":"https:\/\/woods.se\/fr\/wp-json\/wp\/v2\/product"}],"about":[{"href":"https:\/\/woods.se\/fr\/wp-json\/wp\/v2\/types\/product"}],"wp:featuredmedia":[{"embeddable":true,"href":"https:\/\/woods.se\/fr\/wp-json\/wp\/v2\/media\/44854"}],"wp:attachment":[{"href":"https:\/\/woods.se\/fr\/wp-json\/wp\/v2\/media?parent=47964"}],"wp:term":[{"taxonomy":"product_brand","embeddable":true,"href":"https:\/\/woods.se\/fr\/wp-json\/wp\/v2\/product_brand?post=47964"},{"taxonomy":"product_cat","embeddable":true,"href":"https:\/\/woods.se\/fr\/wp-json\/wp\/v2\/product_cat?post=47964"},{"taxonomy":"product_tag","embeddable":true,"href":"https:\/\/woods.se\/fr\/wp-json\/wp\/v2\/product_tag?post=47964"}],"curies":[{"name":"wp","href":"https:\/\/api.w.org\/{rel}","templated":true}]}}