{"id":47961,"date":"2024-12-12T11:20:40","date_gmt":"2024-12-12T10:20:40","guid":{"rendered":"https:\/\/stage.woods.se\/?post_type=product&#038;p=47961"},"modified":"2025-10-14T14:47:04","modified_gmt":"2025-10-14T12:47:04","slug":"woods-skylight-roof-sealing-kit","status":"publish","type":"product","link":"https:\/\/woods.se\/fr\/produits\/climatiseurs-mobiles\/woods-skylight-roof-sealing-kit\/","title":{"rendered":"Wood&rsquo;s Skylight (Roof) Sealing Kit"},"content":{"rendered":"<h2>Wood&rsquo;s Skylight Sealing Kit &#8211; kit d&rsquo;\u00e9tanch\u00e9it\u00e9 pour puits de lumi\u00e8re<\/h2>\n<p>Avec le kit d&rsquo;\u00e9tanch\u00e9it\u00e9 pour puits de lumi\u00e8re de Wood, vous pouvez optimiser les performances de votre climatiseur portable, m\u00eame si vous disposez d&rsquo;un puits de lumi\u00e8re avec fonction d&rsquo;inclinaison. L&rsquo;\u00e9tanch\u00e9it\u00e9 autour du tuyau d&rsquo;\u00e9vacuation emp\u00eache l&rsquo;air chaud de retourner dans la pi\u00e8ce, ce qui r\u00e9duit la capacit\u00e9 de refroidissement et augmente la consommation d&rsquo;\u00e9nergie.<\/p>\n<h3>Une conception intelligente des puits de lumi\u00e8re<\/h3>\n<p>Le kit se compose de deux pi\u00e8ces de 2 m\u00e8tres (39 cm de large). L&rsquo;une est mont\u00e9e sur la partie sup\u00e9rieure de la fen\u00eatre, tandis que l&rsquo;autre, \u00e9quip\u00e9e d&rsquo;une fermeture \u00e9clair pratique, est fix\u00e9e sur la partie inf\u00e9rieure. La conception permet d&rsquo;adapter facilement le kit d&rsquo;\u00e9tanch\u00e9it\u00e9 \u00e0 la forme de la fen\u00eatre et au diam\u00e8tre du tuyau d&rsquo;alimentation en courant alternatif.<\/p>\n<h3>Avantages du kit d&rsquo;\u00e9tanch\u00e9it\u00e9 pour puits de lumi\u00e8re Wood&rsquo;s<\/h3>\n<ul>\n<li>Am\u00e9lioration de la capacit\u00e9 de refroidissement &#8211; emp\u00eache l&rsquo;air chaud de p\u00e9n\u00e9trer.<\/li>\n<li>\u00c9conomies d&rsquo;\u00e9nergie &#8211; r\u00e9duction de la consommation d&rsquo;\u00e9nergie gr\u00e2ce \u00e0 une meilleure \u00e9tanch\u00e9it\u00e9.<\/li>\n<li>Meilleur environnement int\u00e9rieur &#8211; arr\u00eate la poussi\u00e8re, la salet\u00e9 et les insectes.<\/li>\n<li>Adaptation universelle &#8211; fonctionne avec tous les climatiseurs portables dot\u00e9s d&rsquo;un tuyau d&rsquo;\u00e9vacuation.<\/li>\n<\/ul>\n<h3>Parfait pour les maisons et les bureaux<\/h3>\n<p>Que vous utilisiez votre climatiseur portable dans la chambre, le salon ou le bureau, le kit d&rsquo;\u00e9tanch\u00e9it\u00e9 Wood&rsquo;s Skylight vous permet d&rsquo;obtenir un effet maximal et un environnement int\u00e9rieur plus frais et plus confortable, m\u00eame dans les pi\u00e8ces dot\u00e9es d&rsquo;un puits de lumi\u00e8re.<\/p>\n<p>Choisissez le kit d&rsquo;\u00e9tanch\u00e9it\u00e9 pour puits de lumi\u00e8re Wood&rsquo;s &#8211; l&rsquo;accessoire intelligent et \u00e9conome en \u00e9nergie pour les climatiseurs portables dot\u00e9s de puits de lumi\u00e8re.<\/p>\n","protected":false},"excerpt":{"rendered":"<p>Le kit d&rsquo;\u00e9tanch\u00e9it\u00e9 pour fen\u00eatre de Wood est l&rsquo;accessoire id\u00e9al pour les climatiseurs portables dot\u00e9s d&rsquo;une fen\u00eatre de toit. Le kit se compose de deux pi\u00e8ces de 2 m\u00e8tres, dont l&rsquo;une est mont\u00e9e dans la partie sup\u00e9rieure de la fen\u00eatre et l&rsquo;autre, avec une fermeture \u00e9clair, dans la partie inf\u00e9rieure. Ensemble, ils scellent efficacement le tuyau d&rsquo;\u00e9vacuation, emp\u00eachant l&rsquo;air chaud, la poussi\u00e8re et les insectes de p\u00e9n\u00e9trer. Convient \u00e0 tous les mod\u00e8les de climatiseurs portables dot\u00e9s d&rsquo;un tuyau d&rsquo;\u00e9vacuation et est facile \u00e0 installer.<\/p>\n","protected":false},"featured_media":46442,"template":"","meta":{"_acf_changed":false},"product_brand":[],"product_cat":[424,4905,426],"product_tag":[3496],"class_list":{"0":"post-47961","1":"product","2":"type-product","3":"status-publish","4":"has-post-thumbnail","6":"product_cat-accessoires","7":"product_cat-accessoires-climatisation","8":"product_cat-climatiseurs-mobiles","9":"product_tag-kit-detancheite","10":"product_shipping_class-low","11":"splide__slide","13":"first","14":"instock","15":"taxable","16":"shipping-taxable","17":"purchasable","18":"product-type-simple"},"acf":[],"_links":{"self":[{"href":"https:\/\/woods.se\/fr\/wp-json\/wp\/v2\/product\/47961","targetHints":{"allow":["GET"]}}],"collection":[{"href":"https:\/\/woods.se\/fr\/wp-json\/wp\/v2\/product"}],"about":[{"href":"https:\/\/woods.se\/fr\/wp-json\/wp\/v2\/types\/product"}],"wp:featuredmedia":[{"embeddable":true,"href":"https:\/\/woods.se\/fr\/wp-json\/wp\/v2\/media\/46442"}],"wp:attachment":[{"href":"https:\/\/woods.se\/fr\/wp-json\/wp\/v2\/media?parent=47961"}],"wp:term":[{"taxonomy":"product_brand","embeddable":true,"href":"https:\/\/woods.se\/fr\/wp-json\/wp\/v2\/product_brand?post=47961"},{"taxonomy":"product_cat","embeddable":true,"href":"https:\/\/woods.se\/fr\/wp-json\/wp\/v2\/product_cat?post=47961"},{"taxonomy":"product_tag","embeddable":true,"href":"https:\/\/woods.se\/fr\/wp-json\/wp\/v2\/product_tag?post=47961"}],"curies":[{"name":"wp","href":"https:\/\/api.w.org\/{rel}","templated":true}]}}