{"id":47956,"date":"2024-12-12T11:20:16","date_gmt":"2024-12-12T10:20:16","guid":{"rendered":"https:\/\/stage.woods.se\/?post_type=product&#038;p=47956"},"modified":"2025-10-14T14:41:58","modified_gmt":"2025-10-14T12:41:58","slug":"woods-door-sealing-kit","status":"publish","type":"product","link":"https:\/\/woods.se\/fr\/produits\/climatiseurs-mobiles\/woods-door-sealing-kit\/","title":{"rendered":"Wood&rsquo;s Door Sealing Kit"},"content":{"rendered":"<h2>Wood&rsquo;s Door Sealing Kit- kit d&rsquo;\u00e9tanch\u00e9it\u00e9 pour portes et grandes fen\u00eatres<\/h2>\n<p>Avec le kit d&rsquo;\u00e9tanch\u00e9it\u00e9 de porte de Wood, vous pouvez maximiser l&rsquo;effet de votre climatiseur portable, m\u00eame dans les pi\u00e8ces dot\u00e9es de grandes ouvertures. L&rsquo;\u00e9tanch\u00e9it\u00e9 autour du tuyau d&rsquo;\u00e9vacuation emp\u00eache l&rsquo;air chaud de revenir, ce qui r\u00e9duit la capacit\u00e9 de refroidissement et augmente la consommation d&rsquo;\u00e9nergie.<\/p>\n<h3>Conception intelligente et installation facile<\/h3>\n<p>Le kit mesure 560 cm de long et est con\u00e7u pour \u00eatre mont\u00e9 sur les portes ou les grandes fen\u00eatres \u00e0 l&rsquo;aide d&rsquo;une bande Velcro. Gr\u00e2ce \u00e0 l&rsquo;ouverture flexible et r\u00e9glable de la fermeture \u00e9clair, il peut \u00eatre facilement adapt\u00e9 au diam\u00e8tre du tuyau et de la buse. Lorsque la porte ou la fen\u00eatre doit \u00eatre ferm\u00e9e, le kit peut \u00eatre retir\u00e9 rapidement et sans probl\u00e8me.<\/p>\n<h3>Avantages du kit d&rsquo;\u00e9tanch\u00e9it\u00e9 de porte Wood&rsquo;s<\/h3>\n<ul>\n<li>Am\u00e9lioration de la capacit\u00e9 de refroidissement &#8211; emp\u00eache l&rsquo;air chaud de p\u00e9n\u00e9trer.<\/li>\n<li>\u00c9conomies d&rsquo;\u00e9nergie &#8211; r\u00e9duction de la consommation d&rsquo;\u00e9nergie gr\u00e2ce \u00e0 une meilleure \u00e9tanch\u00e9it\u00e9.<\/li>\n<li>Meilleur environnement int\u00e9rieur &#8211; arr\u00eate la poussi\u00e8re, la salet\u00e9 et les insectes.<\/li>\n<li>Adaptation universelle &#8211; fonctionne avec tous les climatiseurs portables dot\u00e9s d&rsquo;un tuyau d&rsquo;\u00e9vacuation.<\/li>\n<\/ul>\n<h3>Parfait pour les maisons et les bureaux<\/h3>\n<p>Que vous utilisiez votre climatiseur portable dans le salon, la chambre, le bureau ou dans des espaces plus vastes avec des portes ou de grandes fen\u00eatres, le kit d&rsquo;\u00e9tanch\u00e9it\u00e9 de porte Wood&rsquo;s vous aide \u00e0 obtenir un effet maximal et un environnement int\u00e9rieur confortable.<\/p>\n<p>Choisissez le kit d&rsquo;\u00e9tanch\u00e9it\u00e9 de porte Wood&rsquo;s &#8211; un accessoire intelligent et \u00e9conome en \u00e9nergie pour votre climatiseur portable.<\/p>\n","protected":false},"excerpt":{"rendered":"<p>Le kit d&rsquo;\u00e9tanch\u00e9it\u00e9 de porte de Wood est l&rsquo;accessoire id\u00e9al pour les climatiseurs portables install\u00e9s dans des pi\u00e8ces dot\u00e9es de portes ou de grandes fen\u00eatres. D&rsquo;une longueur de 560 cm, le kit scelle efficacement le tuyau d&rsquo;\u00e9vacuation et emp\u00eache l&rsquo;air chaud, la poussi\u00e8re et les insectes de p\u00e9n\u00e9trer. L&rsquo;ouverture r\u00e9glable de la fermeture \u00e9clair permet de s&rsquo;adapter facilement \u00e0 diff\u00e9rentes tailles de tuyaux. Il convient \u00e0 tous les mod\u00e8les de climatiseurs portables dot\u00e9s d&rsquo;un tuyau d&rsquo;\u00e9vacuation et peut \u00eatre install\u00e9 rapidement sans proc\u00e9dures compliqu\u00e9es.<\/p>\n","protected":false},"featured_media":46421,"template":"","meta":{"_acf_changed":false},"product_brand":[],"product_cat":[424,4905,426],"product_tag":[3496],"class_list":{"0":"post-47956","1":"product","2":"type-product","3":"status-publish","4":"has-post-thumbnail","6":"product_cat-accessoires","7":"product_cat-accessoires-climatisation","8":"product_cat-climatiseurs-mobiles","9":"product_tag-kit-detancheite","10":"product_shipping_class-low","11":"splide__slide","13":"first","14":"instock","15":"taxable","16":"shipping-taxable","17":"purchasable","18":"product-type-simple"},"acf":[],"_links":{"self":[{"href":"https:\/\/woods.se\/fr\/wp-json\/wp\/v2\/product\/47956","targetHints":{"allow":["GET"]}}],"collection":[{"href":"https:\/\/woods.se\/fr\/wp-json\/wp\/v2\/product"}],"about":[{"href":"https:\/\/woods.se\/fr\/wp-json\/wp\/v2\/types\/product"}],"wp:featuredmedia":[{"embeddable":true,"href":"https:\/\/woods.se\/fr\/wp-json\/wp\/v2\/media\/46421"}],"wp:attachment":[{"href":"https:\/\/woods.se\/fr\/wp-json\/wp\/v2\/media?parent=47956"}],"wp:term":[{"taxonomy":"product_brand","embeddable":true,"href":"https:\/\/woods.se\/fr\/wp-json\/wp\/v2\/product_brand?post=47956"},{"taxonomy":"product_cat","embeddable":true,"href":"https:\/\/woods.se\/fr\/wp-json\/wp\/v2\/product_cat?post=47956"},{"taxonomy":"product_tag","embeddable":true,"href":"https:\/\/woods.se\/fr\/wp-json\/wp\/v2\/product_tag?post=47956"}],"curies":[{"name":"wp","href":"https:\/\/api.w.org\/{rel}","templated":true}]}}