{"id":47955,"date":"2024-12-12T11:18:31","date_gmt":"2024-12-12T10:18:31","guid":{"rendered":"https:\/\/stage.woods.se\/?post_type=product&#038;p=47955"},"modified":"2025-10-14T14:40:01","modified_gmt":"2025-10-14T12:40:01","slug":"woods-window-sealing-kit","status":"publish","type":"product","link":"https:\/\/woods.se\/fr\/produits\/climatiseurs-mobiles\/woods-window-sealing-kit\/","title":{"rendered":"Wood&rsquo;s Window sealing kit"},"content":{"rendered":"<h2>Wood&rsquo;s Window sealing kit<\/h2>\n<h3>Kit d&rsquo;\u00e9tanch\u00e9it\u00e9 des fen\u00eatres pour tirer le meilleur parti de votre climatiseur portable<\/h3>\n<p>Avec le kit d&rsquo;\u00e9tanch\u00e9it\u00e9 pour fen\u00eatre de Wood, vous pouvez optimiser les performances de votre climatiseur portable. En scellant l&rsquo;ouverture autour du tuyau d&rsquo;\u00e9vacuation, vous emp\u00eachez l&rsquo;air chaud de retourner dans la pi\u00e8ce, ce qui r\u00e9duit consid\u00e9rablement la capacit\u00e9 de refroidissement et augmente la consommation d&rsquo;\u00e9nergie.<\/p>\n<h3>Conception intelligente et installation facile<\/h3>\n<p>Le kit mesure 4 m\u00e8tres de long et 39 cm de large et s&rsquo;installe facilement \u00e0 l&rsquo;aide d&rsquo;une bande velcro entre la fen\u00eatre et le cadre, sans qu&rsquo;il soit n\u00e9cessaire de proc\u00e9der \u00e0 des ouvertures compliqu\u00e9es dans le mur. Gr\u00e2ce \u00e0 l&rsquo;ouverture flexible et r\u00e9glable de la fermeture \u00e9clair, il peut \u00eatre adapt\u00e9 \u00e0 tous les types de fen\u00eatres, de diam\u00e8tres de tuyaux et de buses. Lorsque vous souhaitez fermer la fen\u00eatre, il vous suffit de retirer le kit &#8211; rapidement et facilement.<\/p>\n<h3>Avantages du kit d&rsquo;\u00e9tanch\u00e9it\u00e9 pour fen\u00eatres Wood&rsquo;s<\/h3>\n<ul>\n<li>Am\u00e9lioration de la capacit\u00e9 de refroidissement &#8211; emp\u00eache l&rsquo;air chaud d&rsquo;entrer<\/li>\n<li>\u00c9conomies d&rsquo;\u00e9nergie &#8211; r\u00e9duction de la consommation d&rsquo;\u00e9nergie gr\u00e2ce \u00e0 une meilleure \u00e9tanch\u00e9it\u00e9.<\/li>\n<li>Meilleur environnement int\u00e9rieur &#8211; emp\u00eache la poussi\u00e8re, la salet\u00e9 et les insectes de p\u00e9n\u00e9trer.<\/li>\n<li>Adaptation universelle &#8211; fonctionne avec tous les climatiseurs portables dot\u00e9s de tuyaux d&rsquo;\u00e9chappement.<\/li>\n<\/ul>\n<h3>Parfait pour les maisons et les bureaux<\/h3>\n<p>Que vous utilisiez votre climatiseur portable dans le salon, la chambre ou le bureau, le kit d&rsquo;\u00e9tanch\u00e9it\u00e9 des fen\u00eatres de Wood&rsquo;s vous aide \u00e0 obtenir un effet maximal et un environnement int\u00e9rieur plus frais et plus confortable.<\/p>\n<p>Choisissez le kit d&rsquo;\u00e9tanch\u00e9it\u00e9 pour fen\u00eatres Wood&rsquo;s &#8211; un accessoire simple, intelligent et \u00e9conome en \u00e9nergie pour votre climatiseur portable.<\/p>\n","protected":false},"excerpt":{"rendered":"<p>Le kit d&rsquo;\u00e9tanch\u00e9it\u00e9 de fen\u00eatre de Wood est l&rsquo;accessoire intelligent qui maximise la capacit\u00e9 de refroidissement de votre climatiseur portable. D&rsquo;une longueur de 4 m et d&rsquo;une largeur de 39 cm, il s&rsquo;adapte \u00e0 la plupart des fen\u00eatres et fonctionne avec tous les mod\u00e8les de climatiseurs portables. Le kit est tr\u00e8s facile \u00e0 installer et l&rsquo;ouverture r\u00e9glable de la fermeture \u00e9clair permet d&rsquo;adapter facilement le kit \u00e0 la taille du tuyau et d&#8217;emp\u00eacher l&rsquo;air chaud, la salet\u00e9 et les insectes de p\u00e9n\u00e9trer.<\/p>\n","protected":false},"featured_media":46456,"template":"","meta":{"_acf_changed":false},"product_brand":[],"product_cat":[424,4905,426],"product_tag":[3496],"class_list":{"0":"post-47955","1":"product","2":"type-product","3":"status-publish","4":"has-post-thumbnail","6":"product_cat-accessoires","7":"product_cat-accessoires-climatisation","8":"product_cat-climatiseurs-mobiles","9":"product_tag-kit-detancheite","10":"product_shipping_class-low","11":"splide__slide","13":"first","14":"outofstock","15":"taxable","16":"shipping-taxable","17":"purchasable","18":"product-type-simple"},"acf":[],"_links":{"self":[{"href":"https:\/\/woods.se\/fr\/wp-json\/wp\/v2\/product\/47955","targetHints":{"allow":["GET"]}}],"collection":[{"href":"https:\/\/woods.se\/fr\/wp-json\/wp\/v2\/product"}],"about":[{"href":"https:\/\/woods.se\/fr\/wp-json\/wp\/v2\/types\/product"}],"wp:featuredmedia":[{"embeddable":true,"href":"https:\/\/woods.se\/fr\/wp-json\/wp\/v2\/media\/46456"}],"wp:attachment":[{"href":"https:\/\/woods.se\/fr\/wp-json\/wp\/v2\/media?parent=47955"}],"wp:term":[{"taxonomy":"product_brand","embeddable":true,"href":"https:\/\/woods.se\/fr\/wp-json\/wp\/v2\/product_brand?post=47955"},{"taxonomy":"product_cat","embeddable":true,"href":"https:\/\/woods.se\/fr\/wp-json\/wp\/v2\/product_cat?post=47955"},{"taxonomy":"product_tag","embeddable":true,"href":"https:\/\/woods.se\/fr\/wp-json\/wp\/v2\/product_tag?post=47955"}],"curies":[{"name":"wp","href":"https:\/\/api.w.org\/{rel}","templated":true}]}}