{"id":47953,"date":"2025-09-10T10:37:34","date_gmt":"2025-09-10T08:37:34","guid":{"rendered":"https:\/\/stage.woods.se\/?post_type=product&#038;p=47953"},"modified":"2025-09-15T10:22:19","modified_gmt":"2025-09-15T08:22:19","slug":"woods-ac-palermo-18k","status":"publish","type":"product","link":"https:\/\/woods.se\/fr\/produits\/climatiseurs-mobiles\/pour-le-bureau\/woods-ac-palermo-18k\/","title":{"rendered":"Wood&rsquo;s AC Palermo 18K"},"content":{"rendered":"<h2>Wood&rsquo;s AC Palermo 18K<\/h2>\n<h3>Refroidissement tr\u00e8s puissant pour les grands espaces<\/h3>\n<p>L&rsquo;AC Palermo 18K de Wood est un climatiseur portable tr\u00e8s puissant qui abaisse rapidement la temp\u00e9rature dans des pi\u00e8ces allant jusqu&rsquo;\u00e0 53 m\u00b2. Avec une capacit\u00e9 de refroidissement de 18 000 BTU (5,3 kW) et un d\u00e9bit d&rsquo;air \u00e9lev\u00e9, il est id\u00e9al pour les maisons et les environnements de travail o\u00f9 la fiabilit\u00e9 des performances est cruciale.<\/p>\n<h3>Caract\u00e9ristiques principales<\/h3>\n\n<h3>Refroidissement rapide et efficace<\/h3>\n<p>L&rsquo;AC Palermo 18K est con\u00e7u pour offrir des performances \u00e9lev\u00e9es, m\u00eame lors des journ\u00e9es les plus chaudes. Avec trois vitesses de ventilation et une large plage de temp\u00e9rature, vous pouvez r\u00e9gler le refroidissement en fonction de vos besoins. Que vous souhaitiez rafra\u00eechir une grande salle de s\u00e9jour, un magasin ou maintenir une temp\u00e9rature constante au bureau, le Palermo 18K offre des r\u00e9sultats fiables.<\/p>\n<h3>Refroidissement efficace pour diff\u00e9rents environnements<\/h3>\n<p><strong>Bureaux et lieux de travail :<\/strong> Cr\u00e9e un climat confortable et productif m\u00eame dans les espaces ouverts.<br \/>\n<strong>Salles de serveurs : <\/strong>Pr\u00e9vient la surchauffe des \u00e9quipements sensibles.<br \/>\n<strong>Magasins :<\/strong> Contribue \u00e0 cr\u00e9er un environnement frais et confortable qui rend les clients plus heureux et plus enclins \u00e0 acheter.<br \/>\n<strong>Salles de conf\u00e9rence :<\/strong> Assure une temp\u00e9rature stable et confortable pendant les r\u00e9unions et les \u00e9v\u00e9nements.<\/p>\n<h3>Facile \u00e0 utiliser et \u00e0 d\u00e9placer<\/h3>\n<p>L&rsquo;AC Palermo 18K est dot\u00e9 d&rsquo;un panneau tactile num\u00e9rique intuitif qui en facilite le contr\u00f4le. Gr\u00e2ce \u00e0 ses roulettes, il peut \u00eatre facilement d\u00e9plac\u00e9 l\u00e0 o\u00f9 vous en avez le plus besoin. Le kit de fen\u00eatre inclus rend l&rsquo;installation rapide et facile, sans aucune modification permanente &#8211; l&rsquo;air chaud est efficacement \u00e9vacu\u00e9 par une fen\u00eatre.<\/p>\n","protected":false},"excerpt":{"rendered":"<p>L&rsquo;AC Palermo 18K de Wood&rsquo;s est un climatiseur portable tr\u00e8s puissant qui allie haute capacit\u00e9 et facilit\u00e9 d&rsquo;utilisation. Avec une capacit\u00e9 de refroidissement de 18 000 BTU (5,3 kW) et un d\u00e9bit d&rsquo;air de 950 m\u00b3\/h, il refroidit rapidement et efficacement des pi\u00e8ces allant jusqu&rsquo;\u00e0 53 m\u00b2. Il est parfait pour les bureaux, les magasins, les salles de serveurs ou les grandes maisons. Il est facile \u00e0 utiliser gr\u00e2ce \u00e0 son panneau tactile num\u00e9rique, son kit de fen\u00eatres inclus et ses roulettes qui permettent de le d\u00e9placer facilement entre diff\u00e9rents espaces.<\/p>\n","protected":false},"featured_media":46290,"template":"","meta":{"_acf_changed":false},"product_brand":[],"product_cat":[426,4901],"product_tag":[2986,3062],"class_list":{"0":"post-47953","1":"product","2":"type-product","3":"status-publish","4":"has-post-thumbnail","6":"product_cat-climatiseurs-mobiles","7":"product_cat-pour-le-bureau","8":"product_tag-53-m-fr","9":"product_tag-climatiseurs-mobiles-pour-bureaux","10":"product_shipping_class-high","11":"splide__slide","13":"first","14":"instock","15":"taxable","16":"shipping-taxable","17":"product-type-simple"},"acf":[],"_links":{"self":[{"href":"https:\/\/woods.se\/fr\/wp-json\/wp\/v2\/product\/47953","targetHints":{"allow":["GET"]}}],"collection":[{"href":"https:\/\/woods.se\/fr\/wp-json\/wp\/v2\/product"}],"about":[{"href":"https:\/\/woods.se\/fr\/wp-json\/wp\/v2\/types\/product"}],"wp:featuredmedia":[{"embeddable":true,"href":"https:\/\/woods.se\/fr\/wp-json\/wp\/v2\/media\/46290"}],"wp:attachment":[{"href":"https:\/\/woods.se\/fr\/wp-json\/wp\/v2\/media?parent=47953"}],"wp:term":[{"taxonomy":"product_brand","embeddable":true,"href":"https:\/\/woods.se\/fr\/wp-json\/wp\/v2\/product_brand?post=47953"},{"taxonomy":"product_cat","embeddable":true,"href":"https:\/\/woods.se\/fr\/wp-json\/wp\/v2\/product_cat?post=47953"},{"taxonomy":"product_tag","embeddable":true,"href":"https:\/\/woods.se\/fr\/wp-json\/wp\/v2\/product_tag?post=47953"}],"curies":[{"name":"wp","href":"https:\/\/api.w.org\/{rel}","templated":true}]}}