{"id":47949,"date":"2025-01-03T11:39:05","date_gmt":"2025-01-03T10:39:05","guid":{"rendered":"https:\/\/stage.woods.se\/?post_type=product&#038;p=47949"},"modified":"2026-02-23T15:55:25","modified_gmt":"2026-02-23T14:55:25","slug":"woods-ac-cortina-12k-airswitch-smart-home-duo-a","status":"publish","type":"product","link":"https:\/\/woods.se\/fr\/produits\/climatiseurs-mobiles\/pour-les-salons-et-les-appartements\/woods-ac-cortina-12k-airswitch-smart-home-duo-a\/","title":{"rendered":"Wood&rsquo;s AC Cortina 12K AirSwitch Smart Home Duo A+"},"content":{"rendered":"<h2>Wood&rsquo;s AC Cortina 12K AirSwitch\u2122<\/h2>\n<h3>Refroidissement extr\u00eamement silencieux et \u00e9conome en \u00e9nergie avec purification HEPA<\/h3>\n<p>L&rsquo;AC Cortina 12K AirSwitch Smart Home Duo A+ de Wood constitue une solution r\u00e9volutionnaire en mati\u00e8re de climatisation portable. Il peut \u00eatre contr\u00f4l\u00e9 par Wifi, chauffer et refroidir, mais il est \u00e9galement \u00e9quip\u00e9 de la technologie AirSwitch\u2122, en instance de brevet et prim\u00e9e, qui permet de refroidir la pi\u00e8ce avec de l&rsquo;air frais ext\u00e9rieur lorsque la temp\u00e9rature ext\u00e9rieure est inf\u00e9rieure \u00e0 celle de l&rsquo;int\u00e9rieur. Pour un fonctionnement silencieux et une faible consommation d&rsquo;\u00e9nergie in\u00e9gal\u00e9e. L&rsquo;air est toujours purifi\u00e9 gr\u00e2ce \u00e0 un filtre HEPA et, en fournissant constamment de l&rsquo;oxyg\u00e8ne frais, il r\u00e9duit \u00e9galement les niveaux de CO2. Tout pour un climat int\u00e9rieur optimal et parfait pour les nuits o\u00f9 vous voulez dormir au frais, propre et bien, sans bruits d\u00e9rangeants.    <\/p>\n<h3>Caract\u00e9ristiques principales<\/h3>\n\n<h3>Comment fonctionne AirSwitch :<\/h3>\n<p><strong>IMAGES\/ILLUSTRATIONS<\/strong><\/p>\n<ol>\n<li>Lorsque la temp\u00e9rature ext\u00e9rieure est sup\u00e9rieure \u00e0 la temp\u00e9rature souhait\u00e9e, le compresseur refroidit efficacement la pi\u00e8ce et purifie l&rsquo;air gr\u00e2ce \u00e0 un filtre HEPA.<\/li>\n<li><span style=\"color: #343433; font-family: Inter, sans-serif;\">Lorsque la temp\u00e9rature ext\u00e9rieure est inf\u00e9rieure \u00e0 la temp\u00e9rature programm\u00e9e, l&rsquo;AirSwitch se met automatiquement en marche pour faire entrer l&rsquo;air plus frais de l&rsquo;ext\u00e9rieur \u00e0 travers le filtre HEPA sans faire fonctionner le compresseur &#8211; plus silencieux et plus \u00e9conome en \u00e9nergie.<\/span><\/li>\n<\/ol>\n<h3>Faites l&rsquo;exp\u00e9rience de la diff\u00e9rence :<\/h3>\n<p><strong>Niveau sonore : <\/strong>Mode compresseur : 49-52 dB par rapport au mode AirSwitch : 34-38 dB<br \/>\n<strong>Consommation d&rsquo;\u00e9nergie : <\/strong>Mode compresseur : 1120 W par rapport au mode AirSwitch : 32 W<\/p>\n<h3>Deux modes AirSwitch\u2122 intelligents pour un refroidissement optimal.<\/h3>\n<ul>\n<li><strong>AirSwitch Auto &#8211;<\/strong> Bascule automatiquement entre le refroidissement traditionnel par compresseur et l&rsquo;apport d&rsquo;air frais ext\u00e9rieur. Parfait pour les nuits o\u00f9 la temp\u00e9rature ext\u00e9rieure baisse. <\/li>\n<li><strong>AirSwitch &#8211;<\/strong> Lorsque la temp\u00e9rature ext\u00e9rieure est plus basse que la temp\u00e9rature int\u00e9rieure, la climatisation fait constamment entrer l&rsquo;air frais et refroidit efficacement la pi\u00e8ce.<\/li>\n<\/ul>\n<h3>Un air plus propre et plus sain gr\u00e2ce au filtre HEPA<\/h3>\n<p>En plus d&rsquo;un refroidissement efficace, le climatiseur Cortina 12K AirSwitch\u2122 offre \u00e9galement une purification de l&rsquo;air avanc\u00e9e. La technologie HEPA int\u00e9gr\u00e9e capture la poussi\u00e8re, le pollen, les spores de moisissure, les bact\u00e9ries et m\u00eame les petites particules de fum\u00e9e, quel que soit votre mode de refroidissement. Il en r\u00e9sulte non seulement une temp\u00e9rature confortable, mais aussi un environnement int\u00e9rieur plus propre et plus sain.  <\/p>\n<h3>Un confort efficace \u00e0 la maison et au bureau<\/h3>\n<p><strong>Chambre \u00e0 coucher : <\/strong>Dormez au frais et sans \u00eatre d\u00e9rang\u00e9 gr\u00e2ce \u00e0 la technologie AirSwitch\u2122, qui fournit de l&rsquo;air frais et un fonctionnement extr\u00eamement silencieux.<br \/>\n<strong>Chambre d&rsquo;enfant : <\/strong>Une temp\u00e9rature stable et saine associ\u00e9e \u00e0 un air purifi\u00e9 par le filtre HEPA.<br \/>\n<strong>Salon :<\/strong> Il apporte de la fra\u00eecheur \u00e0 toute la famille pendant l&rsquo;\u00e9t\u00e9 et de l&rsquo;air plus frais tout au long de l&rsquo;ann\u00e9e.<br \/>\n<strong>Bureau :<\/strong> Am\u00e9liore l&rsquo;environnement de travail et r\u00e9duit la chaleur et la pollution de l&rsquo;air.<\/p>\n<h3>Fonction Duo &#8211; refroidir et chauffer tout au long de l&rsquo;ann\u00e9e<\/h3>\n<p>L&rsquo;AC Cortina 12K AirSwitch Smart Home Duo A+ de Wood&rsquo;s refroidit aussi bien qu&rsquo;il chauffe. Vous r\u00e9glez la temp\u00e9rature souhait\u00e9e et l&rsquo;appareil ajuste automatiquement le climat, ce qui vous permet de l&rsquo;utiliser tout au long de l&rsquo;ann\u00e9e, qu&rsquo;il s&rsquo;agisse d&rsquo;une vague de chaleur ou d&rsquo;un froid hivernal. <\/p>\n<h3>Douceur, intelligence et convivialit\u00e9<\/h3>\n<p>Avec le support WiFi\/Smart Home, vous pouvez contr\u00f4ler votre unit\u00e9 \u00e0 distance et rentrer chez vous avec un climat int\u00e9rieur confortable. \u00c9cran tactile num\u00e9rique, t\u00e9l\u00e9commande, filtre HEPA lavable et kit de fen\u00eatres complet inclus. L&rsquo;appareil est \u00e9galement \u00e9quip\u00e9 de roulettes pour faciliter son d\u00e9placement.  <\/p>\n<h3>Jusqu&rsquo;\u00e0 6 ans de garantie<\/h3>\n<p>En enregistrant votre AC Cortina 12K AirSwitch Smart Home Duo A+ sur warranty-woods.com et en rempla\u00e7ant le filtre HEPA au moins une fois par an, vous pouvez prolonger la garantie jusqu&rsquo;\u00e0 6 ans.<\/p>\n<p>Choisissez le Wood&rsquo;s AC Cortina 12K AirSwitch Smart Home Duo A+ pour un confort plus silencieux, plus intelligent et plus \u00e9conome en \u00e9nergie &#8211; tout au long de l&rsquo;ann\u00e9e.<\/p>\n","protected":false},"excerpt":{"rendered":"<p>L&rsquo;AC Cortina 12K AirSwitch Smart Home Duo A+ de Wood constitue la solution ultime en mati\u00e8re de climatisation portable. Dot\u00e9 de la technologie AirSwitch\u2122 prim\u00e9e, il rafra\u00eechit en silence et de mani\u00e8re \u00e9conome en \u00e9nergie en utilisant l&rsquo;air frais ext\u00e9rieur, tandis que le filtre HEPA purifie simultan\u00e9ment l&rsquo;air de la poussi\u00e8re, du pollen et des bact\u00e9ries. \u00c9quip\u00e9 d&rsquo;une commande WiFi\/Smart Home, il refroidit et chauffe des pi\u00e8ces jusqu&rsquo;\u00e0 35 m\u00b2, classe \u00e9nerg\u00e9tique A+ et garantie de 6 ans sur enregistrement.  <\/p>\n","protected":false},"featured_media":45674,"template":"","meta":{"_acf_changed":false},"product_brand":[],"product_cat":[426,4892,4901,4886],"product_tag":[2971,2996,3062,3055,3061,437,3308,436],"class_list":{"0":"post-47949","1":"product","2":"type-product","3":"status-publish","4":"has-post-thumbnail","6":"product_cat-climatiseurs-mobiles","7":"product_cat-pour-la-chambre-a-coucher","8":"product_cat-pour-le-bureau","9":"product_cat-pour-les-salons-et-les-appartements","10":"product_tag-35-m-fr","11":"product_tag-a-fr","12":"product_tag-climatiseurs-mobiles-pour-bureaux","13":"product_tag-climatiseurs-mobiles-pour-chambres","14":"product_tag-climatiseurs-mobiles-pour-salons","15":"product_tag-duo-fr","16":"product_tag-maison-intelligente","17":"product_tag-wifi-fr","18":"splide__slide","20":"first","21":"instock","22":"taxable","23":"shipping-taxable","24":"product-type-simple"},"acf":[],"_links":{"self":[{"href":"https:\/\/woods.se\/fr\/wp-json\/wp\/v2\/product\/47949","targetHints":{"allow":["GET"]}}],"collection":[{"href":"https:\/\/woods.se\/fr\/wp-json\/wp\/v2\/product"}],"about":[{"href":"https:\/\/woods.se\/fr\/wp-json\/wp\/v2\/types\/product"}],"wp:featuredmedia":[{"embeddable":true,"href":"https:\/\/woods.se\/fr\/wp-json\/wp\/v2\/media\/45674"}],"wp:attachment":[{"href":"https:\/\/woods.se\/fr\/wp-json\/wp\/v2\/media?parent=47949"}],"wp:term":[{"taxonomy":"product_brand","embeddable":true,"href":"https:\/\/woods.se\/fr\/wp-json\/wp\/v2\/product_brand?post=47949"},{"taxonomy":"product_cat","embeddable":true,"href":"https:\/\/woods.se\/fr\/wp-json\/wp\/v2\/product_cat?post=47949"},{"taxonomy":"product_tag","embeddable":true,"href":"https:\/\/woods.se\/fr\/wp-json\/wp\/v2\/product_tag?post=47949"}],"curies":[{"name":"wp","href":"https:\/\/api.w.org\/{rel}","templated":true}]}}