{"id":47947,"date":"2025-01-03T11:38:41","date_gmt":"2025-01-03T10:38:41","guid":{"rendered":"https:\/\/stage.woods.se\/?post_type=product&#038;p=47947"},"modified":"2026-02-23T15:49:43","modified_gmt":"2026-02-23T14:49:43","slug":"woods-ac-cortina-12k-airswitch","status":"publish","type":"product","link":"https:\/\/woods.se\/fr\/produits\/climatiseurs-mobiles\/pour-les-salons-et-les-appartements\/woods-ac-cortina-12k-airswitch\/","title":{"rendered":"Wood&rsquo;s AC Cortina 12K AirSwitch"},"content":{"rendered":"<h2>Wood&rsquo;s AC Cortina 12K AirSwitch\u2122<\/h2>\n<h3>Refroidit de mani\u00e8re extr\u00eamement silencieuse et \u00e9conome en \u00e9nergie gr\u00e2ce \u00e0 la purification HEPA<\/h3>\n<p>L&rsquo;AC Cortina 12K AirSwitch de Wood&rsquo;s a \u00e9t\u00e9 nomm\u00e9 \u00a0\u00bb Best in Test \u00a0\u00bb par LB Home 2025. Il s&rsquo;agit d&rsquo;une r\u00e9volution dans le domaine de la climatisation portable et il est bas\u00e9 sur le Cortina 12K, plusieurs fois prim\u00e9 lors de tests, mais il est \u00e9galement \u00e9quip\u00e9 de la technologie AirSwitch\u2122 en instance de brevet qui utilise l&rsquo;air frais ext\u00e9rieur lorsque la temp\u00e9rature ext\u00e9rieure est plus basse qu&rsquo;\u00e0 l&rsquo;int\u00e9rieur. Cela permet un fonctionnement silencieux et une consommation d&rsquo;\u00e9nergie extr\u00eamement faible. Parall\u00e8lement, l&rsquo;air est toujours purifi\u00e9 gr\u00e2ce \u00e0 un filtre HEPA qui \u00e9limine les particules et fournit de l&rsquo;air frais qui r\u00e9duit les niveaux de CO\u2082. Tout pour un climat int\u00e9rieur optimal et parfait pour les nuits o\u00f9 vous voulez dormir au frais, propre et bien, sans bruit d\u00e9rangeant.    <\/p>\n<h3>Caract\u00e9ristiques principales<\/h3>\n\n<h3>Comment fonctionne AirSwitch :<\/h3>\n<p><strong>IMAGES\/ILLUSTRATIONS<\/strong><\/p>\n<ol>\n<li>Lorsque la temp\u00e9rature ext\u00e9rieure est sup\u00e9rieure \u00e0 la temp\u00e9rature souhait\u00e9e, le compresseur refroidit efficacement la pi\u00e8ce et purifie l&rsquo;air gr\u00e2ce \u00e0 un filtre HEPA.<\/li>\n<li><span style=\"color: #343433; font-family: Inter, sans-serif;\">Lorsque la temp\u00e9rature ext\u00e9rieure est inf\u00e9rieure \u00e0 la temp\u00e9rature programm\u00e9e, l&rsquo;AirSwitch se met automatiquement en marche pour faire entrer l&rsquo;air plus frais de l&rsquo;ext\u00e9rieur \u00e0 travers le filtre HEPA sans faire fonctionner le compresseur &#8211; plus silencieux et plus \u00e9conome en \u00e9nergie.<\/span><\/li>\n<\/ol>\n<h3>Faites l&rsquo;exp\u00e9rience de la diff\u00e9rence :<\/h3>\n<p><strong>Niveau sonore : <\/strong>Mode compresseur : 49-53,5 dB par rapport au mode AirSwitch : 34-38 dB<br \/>\n<strong>Consommation d&rsquo;\u00e9nergie :<\/strong> Mode compresseur : 1350 W par rapport au mode AirSwitch : 56 W<\/p>\n<h3>Deux modes AirSwitch\u2122 intelligents pour un refroidissement optimal.<\/h3>\n<p><strong>AirSwitch Auto &#8211;<\/strong> Bascule automatiquement entre le refroidissement traditionnel par compresseur et l&rsquo;apport d&rsquo;air frais ext\u00e9rieur. Parfait pour les nuits o\u00f9 la temp\u00e9rature ext\u00e9rieure baisse.<br \/>\n<strong>AirSwitch &#8211;<\/strong> Lorsque la temp\u00e9rature ext\u00e9rieure est plus basse que la temp\u00e9rature int\u00e9rieure, la climatisation fait constamment entrer l&rsquo;air frais et refroidit efficacement la pi\u00e8ce.<\/p>\n<h3>Un air plus propre et plus sain gr\u00e2ce au filtre HEPA<\/h3>\n<p>En plus d&rsquo;un refroidissement efficace, le climatiseur Cortina 12K AirSwitch\u2122 offre \u00e9galement une purification de l&rsquo;air avanc\u00e9e. La technologie HEPA int\u00e9gr\u00e9e capture la poussi\u00e8re, le pollen, les spores de moisissure, les bact\u00e9ries et m\u00eame les petites particules de fum\u00e9e, quel que soit votre mode de refroidissement. Il en r\u00e9sulte non seulement une temp\u00e9rature confortable, mais aussi un environnement int\u00e9rieur plus propre et plus sain.  <\/p>\n<h3>Un confort efficace \u00e0 la maison et au bureau<\/h3>\n<p><strong>Chambre \u00e0 coucher :<\/strong> Dormez au frais et sans \u00eatre d\u00e9rang\u00e9 gr\u00e2ce \u00e0 la technologie AirSwitch\u2122, qui fournit de l&rsquo;air frais et un fonctionnement extr\u00eamement silencieux.<br \/>\n<strong>Chambre d&rsquo;enfant : <\/strong>Une temp\u00e9rature stable et saine associ\u00e9e \u00e0 un air purifi\u00e9 par le filtre HEPA.<br \/>\n<strong>Salon :<\/strong> Il apporte de la fra\u00eecheur \u00e0 toute la famille pendant l&rsquo;\u00e9t\u00e9 et de l&rsquo;air plus frais tout au long de l&rsquo;ann\u00e9e.<br \/>\n<strong>Bureau :<\/strong> Am\u00e9liore l&rsquo;environnement de travail et r\u00e9duit la chaleur et la pollution de l&rsquo;air.<\/p>\n<h3>Douceur et facilit\u00e9 d&rsquo;utilisation<\/h3>\n<p>Avec un \u00e9cran tactile num\u00e9rique, une t\u00e9l\u00e9commande et un kit complet de fen\u00eatres, vous avez le contr\u00f4le total de votre climat int\u00e9rieur.<\/p>\n<h3>Jusqu&rsquo;\u00e0 6 ans de garantie<\/h3>\n<p>En enregistrant votre AC Cortina 12K AirSwitch sur<a href=\"https:\/\/warranty-woods.com\"> warranty-woods.com<\/a> et en rempla\u00e7ant le filtre HEPA au moins une fois par an, vous pouvez prolonger la garantie jusqu&rsquo;\u00e0 6 ans.<\/p>\n<p>Choisissez l&rsquo;AC Cortina 12K AirSwitch\u2122 de Wood pour un refroidissement plus silencieux, plus propre et plus \u00e9conome en \u00e9nergie &#8211; maintenant nomm\u00e9 Best in Test 2025 par Ljud &amp; Bild.<\/p>\n<p>&nbsp;<\/p>\n","protected":false},"excerpt":{"rendered":"<p>Wood&rsquo;s AC Cortina 12K AirSwitch\u2122 est un climatiseur portable prim\u00e9 par des tests et dot\u00e9 de la technologie brevet\u00e9e AirSwitch\u2122. Lorsque la temp\u00e9rature ext\u00e9rieure est plus fra\u00eeche qu&rsquo;\u00e0 l&rsquo;int\u00e9rieur, le compresseur s&rsquo;arr\u00eate et le ventilateur chuchote silencieusement en aspirant l&rsquo;air frais de l&rsquo;ext\u00e9rieur &#8211; extr\u00eamement silencieux et \u00e9conome en \u00e9nergie. En m\u00eame temps, l&rsquo;air est purifi\u00e9 gr\u00e2ce \u00e0 un filtre HEPA int\u00e9gr\u00e9 qui \u00e9limine le pollen, la poussi\u00e8re et les bact\u00e9ries. Refroidit efficacement jusqu&rsquo;\u00e0 35 m\u00b2, classe \u00e9nerg\u00e9tique A et garantie de 6 ans apr\u00e8s enregistrement.   <\/p>\n","protected":false},"featured_media":45674,"template":"","meta":{"_acf_changed":false},"product_brand":[],"product_cat":[426,4892,4901,4886],"product_tag":[2971,3062,3055,3061,3377],"class_list":{"0":"post-47947","1":"product","2":"type-product","3":"status-publish","4":"has-post-thumbnail","6":"product_cat-climatiseurs-mobiles","7":"product_cat-pour-la-chambre-a-coucher","8":"product_cat-pour-le-bureau","9":"product_cat-pour-les-salons-et-les-appartements","10":"product_tag-35-m-fr","11":"product_tag-climatiseurs-mobiles-pour-bureaux","12":"product_tag-climatiseurs-mobiles-pour-chambres","13":"product_tag-climatiseurs-mobiles-pour-salons","14":"product_tag-meilleur-test","15":"splide__slide","17":"first","18":"instock","19":"taxable","20":"shipping-taxable","21":"product-type-simple"},"acf":[],"_links":{"self":[{"href":"https:\/\/woods.se\/fr\/wp-json\/wp\/v2\/product\/47947","targetHints":{"allow":["GET"]}}],"collection":[{"href":"https:\/\/woods.se\/fr\/wp-json\/wp\/v2\/product"}],"about":[{"href":"https:\/\/woods.se\/fr\/wp-json\/wp\/v2\/types\/product"}],"wp:featuredmedia":[{"embeddable":true,"href":"https:\/\/woods.se\/fr\/wp-json\/wp\/v2\/media\/45674"}],"wp:attachment":[{"href":"https:\/\/woods.se\/fr\/wp-json\/wp\/v2\/media?parent=47947"}],"wp:term":[{"taxonomy":"product_brand","embeddable":true,"href":"https:\/\/woods.se\/fr\/wp-json\/wp\/v2\/product_brand?post=47947"},{"taxonomy":"product_cat","embeddable":true,"href":"https:\/\/woods.se\/fr\/wp-json\/wp\/v2\/product_cat?post=47947"},{"taxonomy":"product_tag","embeddable":true,"href":"https:\/\/woods.se\/fr\/wp-json\/wp\/v2\/product_tag?post=47947"}],"curies":[{"name":"wp","href":"https:\/\/api.w.org\/{rel}","templated":true}]}}