{"id":47944,"date":"2024-12-12T11:15:46","date_gmt":"2024-12-12T10:15:46","guid":{"rendered":"https:\/\/stage.woods.se\/?post_type=product&#038;p=47944"},"modified":"2026-02-23T16:17:46","modified_gmt":"2026-02-23T15:17:46","slug":"woods-ac-milan-7k-wifi-smart-home-duo","status":"publish","type":"product","link":"https:\/\/woods.se\/fr\/produits\/climatiseurs-mobiles\/pour-la-chambre-denfant\/woods-ac-milan-7k-wifi-smart-home-duo\/","title":{"rendered":"Wood&rsquo;s AC Milan 7K WiFi Smart Home Duo"},"content":{"rendered":"<h2>Wood&rsquo;s AC Milan 7K WiFi Smart Home Duo<\/h2>\n<h3>Climatisation douce, silencieuse et \u00e0 commande intelligente avec chauffage<\/h3>\n<p>L&rsquo;AC Milan 7K WiFi Smart Home Duo de Wood combine refroidissement, chauffage et contr\u00f4le intelligent dans un format compact et silencieux. Avec une capacit\u00e9 de refroidissement de 7000 BTU (2 kW) et une capacit\u00e9 de chauffage de 1500 W, il refroidit ou chauffe rapidement des pi\u00e8ces jusqu&rsquo;\u00e0 20 m\u00b2, ce qui le rend parfait pour les petits espaces tels que les chambres \u00e0 coucher, les chambres d&rsquo;enfants et les salons. <\/p>\n<h3>Caract\u00e9ristiques principales<\/h3>\n\n<h3>Rafra\u00eechir et chauffer les petites pi\u00e8ces de la maison<\/h3>\n<p><strong>Chambre \u00e0 coucher : <\/strong>Le faible niveau sonore vous permet de dormir au chaud ou au frais sans \u00eatre d\u00e9rang\u00e9.<br \/>\n<strong>Chambre d&rsquo;enfant :<\/strong> Assure une temp\u00e9rature s\u00fbre et confortable pour les enfants tout au long de l&rsquo;ann\u00e9e.<br \/>\n<strong>Salon :<\/strong> Cr\u00e9e un environnement frais en \u00e9t\u00e9 et chaud en hiver.<\/p>\n<h3>Douceur et convivialit\u00e9 &#8211; avec un contr\u00f4le intelligent<\/h3>\n<p>Le Milan 7K WiFi Duo est facile \u00e0 d\u00e9placer et simple \u00e0 installer gr\u00e2ce au kit de fen\u00eatre inclus. Il peut \u00eatre contr\u00f4l\u00e9 via un panneau tactile num\u00e9rique ou une t\u00e9l\u00e9commande, mais gr\u00e2ce \u00e0 la fonction Wifi, vous pouvez \u00e9galement le contr\u00f4ler \u00e0 distance via l&rsquo;appli Wood&rsquo;s Connect ou via Google Home et Alexa. Ainsi, vous pouvez toujours rentrer chez vous \u00e0 une temp\u00e9rature confortable.  <\/p>\n<h3>Calme et confortable<\/h3>\n<p>Avec un niveau sonore de seulement 52 dB, l&rsquo;AC Milan 7K WiFi Smart Home Duo fonctionne discr\u00e8tement. Parfait pour les chambres \u00e0 coucher ou les chambres d&rsquo;enfants o\u00f9 vous avez besoin de refroidissement ou de chauffage sans bruit d\u00e9rangeant. <\/p>\n","protected":false},"excerpt":{"rendered":"<p>L&rsquo;AC Milan 7K WiFi Smart Home Duo de Wood est un climatiseur portable pratique et silencieux dot\u00e9 de la fonction Duo qui refroidit et chauffe \u00e0 la fois. Avec une capacit\u00e9 de refroidissement de 7000 BTU (2 kW) et une capacit\u00e9 de chauffage de 1500 W, ainsi qu&rsquo;un d\u00e9bit d&rsquo;air de 350 m\u00b3\/h, il r\u00e9gule efficacement la temp\u00e9rature dans des pi\u00e8ces allant jusqu&rsquo;\u00e0 20 m\u00b2. Il est facile \u00e0 contr\u00f4ler via un panneau tactile num\u00e9rique, une t\u00e9l\u00e9commande ou \u00e0 distance par Wifi avec l&rsquo;appli Wood&rsquo;s Connect, Google Home ou Alexa. Parfait pour les chambres \u00e0 coucher, les chambres d&rsquo;enfants et les salons &#8211; tout au long de l&rsquo;ann\u00e9e.   <\/p>\n","protected":false},"featured_media":46130,"template":"","meta":{"_acf_changed":false},"product_brand":[],"product_cat":[4893,426],"product_tag":[2961,3063,437,3308,436],"class_list":{"0":"post-47944","1":"product","2":"type-product","3":"status-publish","4":"has-post-thumbnail","6":"product_cat-pour-la-chambre-denfant","7":"product_cat-climatiseurs-mobiles","8":"product_tag-20-m-fr","9":"product_tag-climatiseurs-mobiles-pour-petites-chambres","10":"product_tag-duo-fr","11":"product_tag-maison-intelligente","12":"product_tag-wifi-fr","13":"splide__slide","15":"first","16":"instock","17":"taxable","18":"shipping-taxable","19":"product-type-simple"},"acf":[],"_links":{"self":[{"href":"https:\/\/woods.se\/fr\/wp-json\/wp\/v2\/product\/47944","targetHints":{"allow":["GET"]}}],"collection":[{"href":"https:\/\/woods.se\/fr\/wp-json\/wp\/v2\/product"}],"about":[{"href":"https:\/\/woods.se\/fr\/wp-json\/wp\/v2\/types\/product"}],"wp:featuredmedia":[{"embeddable":true,"href":"https:\/\/woods.se\/fr\/wp-json\/wp\/v2\/media\/46130"}],"wp:attachment":[{"href":"https:\/\/woods.se\/fr\/wp-json\/wp\/v2\/media?parent=47944"}],"wp:term":[{"taxonomy":"product_brand","embeddable":true,"href":"https:\/\/woods.se\/fr\/wp-json\/wp\/v2\/product_brand?post=47944"},{"taxonomy":"product_cat","embeddable":true,"href":"https:\/\/woods.se\/fr\/wp-json\/wp\/v2\/product_cat?post=47944"},{"taxonomy":"product_tag","embeddable":true,"href":"https:\/\/woods.se\/fr\/wp-json\/wp\/v2\/product_tag?post=47944"}],"curies":[{"name":"wp","href":"https:\/\/api.w.org\/{rel}","templated":true}]}}