{"id":47943,"date":"2024-12-12T11:14:23","date_gmt":"2024-12-12T10:14:23","guid":{"rendered":"https:\/\/stage.woods.se\/?post_type=product&#038;p=47943"},"modified":"2025-09-15T10:20:49","modified_gmt":"2025-09-15T08:20:49","slug":"woods-ac-cortina-12k-duo","status":"publish","type":"product","link":"https:\/\/woods.se\/fr\/produits\/climatiseurs-mobiles\/pour-les-salons-et-les-appartements\/woods-ac-cortina-12k-duo\/","title":{"rendered":"Wood&rsquo;s AC Cortina 12K Duo"},"content":{"rendered":"<h2>Wood&rsquo;s AC Cortina 12K Duo<\/h2>\n<h3>Climatisation et chauffage portables pour un confort tout au long de l&rsquo;ann\u00e9e<\/h3>\n<p>L&rsquo;AC Cortina 12K Duo de Wood est une solution de climatisation int\u00e9rieure polyvalente et puissante, con\u00e7ue pour une utilisation tout au long de l&rsquo;ann\u00e9e. Il refroidit aussi efficacement qu&rsquo;il chauffe, ce qui en fait un choix flexible pour les maisons et les bureaux. Avec une capacit\u00e9 de refroidissement de 12 000 BTU (3,5 kW) et une capacit\u00e9 de chauffage de 3 000 W, il est id\u00e9al pour les pi\u00e8ces jusqu&rsquo;\u00e0 35 m\u00b2.<\/p>\n<h3>Caract\u00e9ristiques principales<\/h3>\n\n<h3>Un confort efficace tout au long de l&rsquo;ann\u00e9e<\/h3>\n<p><strong>Chambre \u00e0 coucher :<\/strong> Refroidit en \u00e9t\u00e9 et chauffe confortablement en hiver &#8211; toujours la bonne temp\u00e9rature pour une bonne nuit de sommeil.<br \/>\n<strong>Chambre d&rsquo;enfant : <\/strong>Cr\u00e9e un environnement int\u00e9rieur s\u00fbr et stable quelle que soit la saison.<br \/>\n<strong>Salon :<\/strong> Apporte de la fra\u00eecheur lors des chaudes journ\u00e9es d&rsquo;\u00e9t\u00e9 et de la chaleur lors des soir\u00e9es fra\u00eeches.<br \/>\n<strong>Bureau :<\/strong> Rend l&rsquo;environnement de travail confortable et productif tout au long de l&rsquo;ann\u00e9e.<\/p>\n<h3>Discret et \u00e9conome en \u00e9nergie<\/h3>\n<p>Malgr\u00e9 ses puissantes performances, l&rsquo;AC Cortina 12K Duo de Wood pr\u00e9sente un faible niveau sonore de seulement 53,5 dB et une classe \u00e9nerg\u00e9tique A. Il peut \u00e9galement fonctionner \u00e0 des temp\u00e9ratures \u00e9lev\u00e9es allant jusqu&rsquo;\u00e0 43\u00b0C, ce qui le rend fiable m\u00eame en cas de chaleur estivale extr\u00eame.<\/p>\n<h3>Douceur et facilit\u00e9 d&rsquo;utilisation<\/h3>\n<p>L&rsquo;AC Cortina 12K Duo est livr\u00e9 avec un \u00e9cran tactile num\u00e9rique, un filtre lavable, une t\u00e9l\u00e9commande et un kit de fen\u00eatres complet pour une installation facile. Gr\u00e2ce aux roues souples, vous pouvez facilement d\u00e9placer l&rsquo;appareil l\u00e0 o\u00f9 vous en avez besoin. Sur enregistrement, la garantie est \u00e9tendue de 2 \u00e0 3 ans.<\/p>\n<p>Choisissez l&rsquo;AC Cortina 12K Duo de Wood pour un climat int\u00e9rieur flexible et confortable &#8211; tout au long de l&rsquo;ann\u00e9e.<\/p>\n<p>&nbsp;<\/p>\n","protected":false},"excerpt":{"rendered":"<p>L&rsquo;AC Cortina 12K Duo de Wood&rsquo;s est un climatiseur et un chauffage portables en un seul appareil, parfait pour une utilisation tout au long de l&rsquo;ann\u00e9e. Il a une capacit\u00e9 de refroidissement de 12 000 BTU (3,5 kW) et une capacit\u00e9 de chauffage de 3 000 W, ce qui le rend id\u00e9al pour les pi\u00e8ces jusqu&rsquo;\u00e0 35 m\u00b2. Avec trois modes de ventilation, un d\u00e9bit d&rsquo;air de 420 m\u00b3\/h et un faible niveau sonore de seulement 53,5 dB, vous b\u00e9n\u00e9ficiez d&rsquo;un climat int\u00e9rieur confortable \u00e0 la maison comme au bureau. Facile \u00e0 contr\u00f4ler gr\u00e2ce \u00e0 l&rsquo;\u00e9cran tactile num\u00e9rique ou \u00e0 la t\u00e9l\u00e9commande.<\/p>\n","protected":false},"featured_media":45845,"template":"","meta":{"_acf_changed":false},"product_brand":[],"product_cat":[426,4892,4901,4886],"product_tag":[2971,3062,3055,3061,437],"class_list":{"0":"post-47943","1":"product","2":"type-product","3":"status-publish","4":"has-post-thumbnail","6":"product_cat-climatiseurs-mobiles","7":"product_cat-pour-la-chambre-a-coucher","8":"product_cat-pour-le-bureau","9":"product_cat-pour-les-salons-et-les-appartements","10":"product_tag-35-m-fr","11":"product_tag-climatiseurs-mobiles-pour-bureaux","12":"product_tag-climatiseurs-mobiles-pour-chambres","13":"product_tag-climatiseurs-mobiles-pour-salons","14":"product_tag-duo-fr","15":"splide__slide","17":"first","18":"outofstock","19":"taxable","20":"shipping-taxable","21":"product-type-simple"},"acf":[],"_links":{"self":[{"href":"https:\/\/woods.se\/fr\/wp-json\/wp\/v2\/product\/47943","targetHints":{"allow":["GET"]}}],"collection":[{"href":"https:\/\/woods.se\/fr\/wp-json\/wp\/v2\/product"}],"about":[{"href":"https:\/\/woods.se\/fr\/wp-json\/wp\/v2\/types\/product"}],"wp:featuredmedia":[{"embeddable":true,"href":"https:\/\/woods.se\/fr\/wp-json\/wp\/v2\/media\/45845"}],"wp:attachment":[{"href":"https:\/\/woods.se\/fr\/wp-json\/wp\/v2\/media?parent=47943"}],"wp:term":[{"taxonomy":"product_brand","embeddable":true,"href":"https:\/\/woods.se\/fr\/wp-json\/wp\/v2\/product_brand?post=47943"},{"taxonomy":"product_cat","embeddable":true,"href":"https:\/\/woods.se\/fr\/wp-json\/wp\/v2\/product_cat?post=47943"},{"taxonomy":"product_tag","embeddable":true,"href":"https:\/\/woods.se\/fr\/wp-json\/wp\/v2\/product_tag?post=47943"}],"curies":[{"name":"wp","href":"https:\/\/api.w.org\/{rel}","templated":true}]}}