{"id":47938,"date":"2024-12-12T11:13:13","date_gmt":"2024-12-12T10:13:13","guid":{"rendered":"https:\/\/stage.woods.se\/?post_type=product&#038;p=47938"},"modified":"2026-02-23T16:23:15","modified_gmt":"2026-02-23T15:23:15","slug":"woods-ac-milan-9k-wifi-smart-home-duo","status":"publish","type":"product","link":"https:\/\/woods.se\/fr\/produits\/climatiseurs-mobiles\/pour-les-salons-et-les-appartements\/woods-ac-milan-9k-wifi-smart-home-duo\/","title":{"rendered":"Wood&rsquo;s AC Milan 9K WiFi Smart Home Duo"},"content":{"rendered":"<h2>Wood&rsquo;s AC Milan 9K WiFi Smart Home Duo<\/h2>\n<h3>Climatisation douce, silencieuse et \u00e0 commande intelligente avec chauffage<\/h3>\n<p>L&rsquo;AC Milan 9K WiFi Smart Home Duo de Wood combine refroidissement, chauffage et contr\u00f4le intelligent dans un format compact et discret. Avec une capacit\u00e9 de refroidissement de 9000 BTU (2,6 kW) et une capacit\u00e9 de chauffage de 2000 W, il r\u00e9gule efficacement la temp\u00e9rature dans des pi\u00e8ces allant jusqu&rsquo;\u00e0 26 m\u00b2. Il est donc parfait pour la maison et les petits bureaux.  <\/p>\n<h3>Caract\u00e9ristiques principales<\/h3>\n\n<h3>Rafra\u00eechit et chauffe votre maison ou votre bureau<\/h3>\n<p><strong>Chambre \u00e0 coucher :<\/strong> Le faible niveau sonore vous permet de dormir au chaud ou au frais sans \u00eatre d\u00e9rang\u00e9.<br \/>\n<strong>Chambre d&rsquo;enfant :<\/strong> Assure une temp\u00e9rature confortable et s\u00fbre pour les enfants tout au long de l&rsquo;ann\u00e9e.<br \/>\n<strong>Salon :<\/strong> Cr\u00e9e un environnement confortable pour toute la famille, \u00e9t\u00e9 comme hiver.<br \/>\n<strong>Petit bureau :<\/strong> Contribue \u00e0 un environnement de travail productif gr\u00e2ce \u00e0 des temp\u00e9ratures stables quelle que soit la saison.<\/p>\n<h3>Douceur et convivialit\u00e9 &#8211; avec un contr\u00f4le intelligent<\/h3>\n<p>Le Milan 9K WiFi Duo est facile \u00e0 installer gr\u00e2ce au kit de fen\u00eatre inclus et facile \u00e0 d\u00e9placer gr\u00e2ce \u00e0 ses roues. Vous pouvez le contr\u00f4ler via l&rsquo;\u00e9cran tactile num\u00e9rique, la t\u00e9l\u00e9commande ou \u00e0 distance avec l&rsquo;appli Wood&rsquo;s Connect, ainsi que par commande vocale via Google Home et Alexa. D\u00e9marrez le refroidissement ou le chauffage \u00e0 temps et profitez toujours d&rsquo;un climat int\u00e9rieur confortable.  <\/p>\n<h3>Calme et confortable<\/h3>\n<p>Avec un niveau sonore de seulement 52 dB, l&rsquo;AC Milan 9K WiFi Smart Home Duo fonctionne discr\u00e8tement, ce qui le rend id\u00e9al pour les chambres \u00e0 coucher, les chambres d&rsquo;enfants et les environnements de travail o\u00f9 le silence est important.<\/p>\n","protected":false},"excerpt":{"rendered":"<p>L&rsquo;AC Milan 9K WiFi Smart Home Duo de Wood est un climatiseur portable pratique et silencieux dot\u00e9 de la fonction Duo qui refroidit et chauffe \u00e0 la fois. Avec une capacit\u00e9 de refroidissement de 9000 BTU (2,6 kW) et une capacit\u00e9 de chauffage de 2000 W, ainsi qu&rsquo;un d\u00e9bit d&rsquo;air de 350 m\u00b3\/h, il r\u00e9gule rapidement la temp\u00e9rature dans des pi\u00e8ces allant jusqu&rsquo;\u00e0 26 m\u00b2. Il est facile \u00e0 contr\u00f4ler via un panneau tactile num\u00e9rique, une t\u00e9l\u00e9commande ou \u00e0 distance par Wifi avec l&rsquo;appli Wood&rsquo;s Connect, Google Home ou Alexa. Parfait pour la maison et les petits bureaux &#8211; tout au long de l&rsquo;ann\u00e9e.   <\/p>\n","protected":false},"featured_media":46130,"template":"","meta":{"_acf_changed":false},"product_brand":[],"product_cat":[426,4892,4886],"product_tag":[2967,3055,3061,437,3308,436],"class_list":{"0":"post-47938","1":"product","2":"type-product","3":"status-publish","4":"has-post-thumbnail","6":"product_cat-climatiseurs-mobiles","7":"product_cat-pour-la-chambre-a-coucher","8":"product_cat-pour-les-salons-et-les-appartements","9":"product_tag-26-m-fr","10":"product_tag-climatiseurs-mobiles-pour-chambres","11":"product_tag-climatiseurs-mobiles-pour-salons","12":"product_tag-duo-fr","13":"product_tag-maison-intelligente","14":"product_tag-wifi-fr","15":"splide__slide","17":"first","18":"instock","19":"taxable","20":"shipping-taxable","21":"product-type-simple"},"acf":[],"_links":{"self":[{"href":"https:\/\/woods.se\/fr\/wp-json\/wp\/v2\/product\/47938","targetHints":{"allow":["GET"]}}],"collection":[{"href":"https:\/\/woods.se\/fr\/wp-json\/wp\/v2\/product"}],"about":[{"href":"https:\/\/woods.se\/fr\/wp-json\/wp\/v2\/types\/product"}],"wp:featuredmedia":[{"embeddable":true,"href":"https:\/\/woods.se\/fr\/wp-json\/wp\/v2\/media\/46130"}],"wp:attachment":[{"href":"https:\/\/woods.se\/fr\/wp-json\/wp\/v2\/media?parent=47938"}],"wp:term":[{"taxonomy":"product_brand","embeddable":true,"href":"https:\/\/woods.se\/fr\/wp-json\/wp\/v2\/product_brand?post=47938"},{"taxonomy":"product_cat","embeddable":true,"href":"https:\/\/woods.se\/fr\/wp-json\/wp\/v2\/product_cat?post=47938"},{"taxonomy":"product_tag","embeddable":true,"href":"https:\/\/woods.se\/fr\/wp-json\/wp\/v2\/product_tag?post=47938"}],"curies":[{"name":"wp","href":"https:\/\/api.w.org\/{rel}","templated":true}]}}